{"id":8390,"date":"2021-03-11T14:43:56","date_gmt":"2021-03-11T11:43:56","guid":{"rendered":"https:\/\/drnecatkaplan.com\/?page_id=8390"},"modified":"2026-01-21T14:32:28","modified_gmt":"2026-01-21T11:32:28","slug":"%d8%a7%d9%84%d8%b3%d9%83%d8%b1-%d8%a7%d9%84%d8%ae%d9%81%d9%8a%d8%8c-%d9%85%d8%a7-%d9%82%d8%a8%d9%84-%d8%a7%d9%84%d8%b3%d9%83%d8%b1%d9%8a","status":"publish","type":"page","link":"https:\/\/drnecatkaplan.com\/ar\/%d8%a7%d9%84%d8%b3%d9%83%d8%b1-%d8%a7%d9%84%d8%ae%d9%81%d9%8a%d8%8c-%d9%85%d8%a7-%d9%82%d8%a8%d9%84-%d8%a7%d9%84%d8%b3%d9%83%d8%b1%d9%8a\/","title":{"rendered":"\u0645\u0642\u062f\u0645\u0627\u062a \u0627\u0644\u0633\u0643\u0631\u064a (\u0627\u0644\u0633\u0643\u0631\u064a \u0627\u0644\u062e\u0641\u064a)"},"content":{"rendered":"<section class=\"wpb-content-wrapper\"><div class=\"vc_row wpb_row vc_row-fluid vc_custom_1451991003825\"><div class=\"wpb_column vc_column_container vc_col-sm-12 vc_col-lg-9 vc_col-md-9\" id=\"yazilar\"><div class=\"vc_column-inner\"><div class=\"wpb_wrapper\">\n\t<div class=\"wpb_text_column wpb_content_element  vc_custom_1626098369014\" >\n\t\t<div class=\"wpb_wrapper\">\n\t\t\t<p><img decoding=\"async\" class=\"alignnone wp-image-8750\" src=\"https:\/\/drnecatkaplan.com\/wp-content\/uploads\/2021\/03\/gizli-seker.gif\" alt=\"\u0633\u0643\u0631 \u062e\u0641\u064a\" width=\"484\" height=\"330\" title=\"\"><\/p>\n<p><span style=\"font-weight: 400;\">\u064a\u0639\u062a\u0628\u0631 \u0630\u0644\u0643 \u0628\u062f\u0627\u064a\u0629 \u0627\u0644\u0645\u0631\u0636 \u0627\u0644\u0645\u0639\u0631\u0648\u0641 \u0628\u0627\u0633\u0645 \u0645\u0631\u0636 \u0627\u0644\u0633\u0643\u0631\u064a \u0623\u0648 \u0645\u0631\u0636 \u0627\u0644\u0633\u0643\u0631. <strong>\u0633\u0643\u0631 \u062e\u0641\u064a<\/strong> \u062d\u0633\u0646\u064b\u0627 <strong>\u0645\u0642\u062f\u0645\u0627\u062a \u0627\u0644\u0633\u0643\u0631\u064a<\/strong> \u0625\u0646\u0647\u0627 \u062d\u0627\u0644\u0629 \u0642\u0627\u0628\u0644\u0629 \u0644\u0644\u0639\u0644\u0627\u062c. \u0625\u0630\u0627 \u0644\u0645 \u064a\u0623\u062e\u0630 \u0627\u0644\u0623\u0634\u062e\u0627\u0635 \u0627\u0644\u0630\u064a\u0646 \u062a\u0645 \u062a\u0634\u062e\u064a\u0635\u0647\u0645 \u0628\u0645\u0631\u062d\u0644\u0629 \u0645\u0627 \u0642\u0628\u0644 \u0627\u0644\u0633\u0643\u0631\u064a \u0627\u0644\u0623\u0645\u0631 \u0639\u0644\u0649 \u0645\u062d\u0645\u0644 \u0627\u0644\u062c\u062f \u0648\u0644\u0645 \u064a\u062a\u0644\u0642\u0648\u0627 \u0627\u0644\u0639\u0644\u0627\u062c\u060c \u0641\u0645\u0646 \u0627\u0644\u0645\u0631\u062c\u062d \u0623\u0646 \u064a\u0635\u0627\u0628\u0648\u0627 \u0628\u0645\u0631\u0636 \u0627\u0644\u0633\u0643\u0631\u064a \u0639\u0644\u0649 \u0627\u0644\u0645\u062f\u0649 \u0627\u0644\u0637\u0648\u064a\u0644.\u00a0<\/span><\/p>\n<p><span style=\"font-weight: 400;\">\u0641\u064a \u0645\u0631\u062d\u0644\u0629 \u0645\u0627 \u0642\u0628\u0644 \u0627\u0644\u0633\u0643\u0631\u064a\u060c \u0644\u0627 \u062a\u0643\u0648\u0646 \u0645\u0633\u062a\u0648\u064a\u0627\u062a \u0627\u0644\u0633\u0643\u0631 \u0641\u064a \u0627\u0644\u062f\u0645 \u0637\u0628\u064a\u0639\u064a\u0629\u060c \u0648\u0644\u0643\u0646\u0647\u0627 \u0623\u064a\u0636\u0627\u064b \u0644\u0627 \u062a\u0635\u0644 \u0625\u0644\u0649 \u0645\u0633\u062a\u0648\u0649 \u064a\u0633\u062a\u062f\u0639\u064a \u062a\u0634\u062e\u064a\u0635 \u0627\u0644\u0625\u0635\u0627\u0628\u0629 \u0628\u0627\u0644\u0633\u0643\u0631\u064a. \u064a\u064f\u0639\u062f\u0651 \u0627\u0644\u0633\u0643\u0631\u064a \u0627\u0644\u0643\u0627\u0645\u0646 \u062d\u0627\u0644\u0629\u064b \u062a\u064f\u062b\u064a\u0631 \u0627\u0644\u0634\u0643\u0648\u0643\u060c \u062e\u0627\u0635\u0629\u064b \u0644\u062f\u0649 \u0627\u0644\u0623\u0641\u0631\u0627\u062f \u0627\u0644\u0630\u064a\u0646 \u064a\u0639\u0627\u0646\u0648\u0646 \u0645\u0646 \u0627\u0644\u0636\u0639\u0641 \u0648\u0627\u0644\u0625\u0631\u0647\u0627\u0642 \u0628\u0639\u062f \u062a\u0646\u0627\u0648\u0644 \u0627\u0644\u0637\u0639\u0627\u0645.\u00a0<\/span><\/p>\n<h2><b>\u0645\u0627 \u0647\u064a \u0623\u0639\u0631\u0627\u0636 \u0645\u0627 \u0642\u0628\u0644 \u0627\u0644\u0633\u0643\u0631\u064a\u061f<\/b><\/h2>\n<p><span style=\"font-weight: 400;\">\u0639\u0644\u0649 \u0627\u0644\u0631\u063a\u0645 \u0645\u0646 \u0639\u062f\u0645 \u0648\u062c\u0648\u062f \u0623\u0639\u0631\u0627\u0636 \u0645\u062d\u062f\u062f\u0629 \u0644\u0644\u0645\u0631\u0636\u060c \u0625\u0644\u0627 \u0623\u0646 \u0627\u0644\u0623\u0634\u062e\u0627\u0635 \u0627\u0644\u0630\u064a\u0646 \u064a\u0639\u0627\u0646\u0648\u0646 \u0645\u0646 \u0627\u0644\u062a\u0639\u0628 \u0648\u0627\u0644\u0636\u0639\u0641 \u0628\u0639\u062f \u062a\u0646\u0627\u0648\u0644 \u0627\u0644\u0637\u0639\u0627\u0645 \u064a\u064f\u0639\u062a\u0628\u0631\u0648\u0646 \u0645\u064f\u0634\u062a\u0628\u0647\u064b\u0627 \u0628\u0625\u0635\u0627\u0628\u062a\u0647\u0645. \u0648\u064a\u0643\u0648\u0646 \u0627\u0644\u0623\u0634\u062e\u0627\u0635 \u0627\u0644\u0630\u064a\u0646 \u064a\u0639\u0627\u0646\u0648\u0646 \u0645\u0646 \u0632\u064a\u0627\u062f\u0629 \u0627\u0644\u0648\u0632\u0646\u060c \u0648\u0627\u0631\u062a\u0641\u0627\u0639 \u0636\u063a\u0637 \u0627\u0644\u062f\u0645\u060c \u0648\u0627\u0631\u062a\u0641\u0627\u0639 \u0646\u0633\u0628\u0629 \u0627\u0644\u0643\u0648\u0644\u064a\u0633\u062a\u0631\u0648\u0644 \u0641\u064a \u0627\u0644\u062f\u0645\u060c \u0648\u0627\u0644\u0630\u064a\u0646 \u0623\u0646\u062c\u0628\u0648\u0627 \u0623\u0637\u0641\u0627\u0644\u064b\u0627 \u0628\u0648\u0632\u0646 4 \u0643\u064a\u0644\u0648\u063a\u0631\u0627\u0645\u0627\u062a \u0623\u0648 \u0623\u0643\u062b\u0631\u060c \u0648\u0627\u0644\u0630\u064a\u0646 \u064a\u062a\u0628\u0639\u0648\u0646 \u0646\u0645\u0637 \u062d\u064a\u0627\u0629 \u062e\u0627\u0645\u0644\u060c \u0623\u0643\u062b\u0631 \u0639\u0631\u0636\u0629 \u0644\u0644\u0625\u0635\u0627\u0628\u0629. \u0639\u0646\u062f\u0645\u0627 \u062a\u0628\u062f\u0623 \u0645\u0631\u062d\u0644\u0629 \u0645\u0627 \u0642\u0628\u0644 \u0627\u0644\u0633\u0643\u0631\u064a \u0628\u0627\u0644\u062a\u0637\u0648\u0631 \u0625\u0644\u0649 \u0645\u0631\u0636 \u0627\u0644\u0633\u0643\u0631\u064a \u0627\u0644\u0643\u0627\u0645\u0644\u060c \u0642\u062f \u062a\u0638\u0647\u0631 \u0623\u0639\u0631\u0627\u0636 \u0645\u062b\u0644 \u062c\u0641\u0627\u0641 \u0627\u0644\u0641\u0645\u060c \u0648\u0627\u0644\u0639\u0637\u0634 \u0627\u0644\u0634\u062f\u064a\u062f\u060c \u0648\u0643\u062b\u0631\u0629 \u0627\u0644\u062a\u0628\u0648\u0644. \u064a\u062c\u0628 \u0625\u062c\u0631\u0627\u0621 \u0627\u062e\u062a\u0628\u0627\u0631\u0627\u062a \u0633\u0643\u0631 \u0627\u0644\u062f\u0645 \u0627\u0644\u0635\u0627\u0626\u0645 \u0648\u0627\u062e\u062a\u0628\u0627\u0631 \u062a\u062d\u0645\u0644 \u0627\u0644\u062c\u0644\u0648\u0643\u0648\u0632 \u0644\u062a\u0634\u062e\u064a\u0635 \u0627\u0644\u0645\u0631\u0636.<\/span><\/p>\n<p><iframe style=\"width: 100%; height: 457px;\" src=\"https:\/\/www.youtube.com\/embed\/GMAUwdYw_Kk\" frameborder=\"0\" allowfullscreen=\"allowfullscreen\"><\/iframe><\/p>\n<h3 class=\"h2\"><b>\u0644\u0645\u0627\u0630\u0627 \u064a\u064f\u0639\u062f\u0651 \u0627\u0644\u0633\u0643\u0631 \u0627\u0644\u062e\u0641\u064a \u0645\u0647\u0645\u0627\u064b\u061f<\/b><\/h3>\n<p><span style=\"font-weight: 400;\">\u064a\u064f\u0634\u0627\u0631 \u0625\u0644\u0649 \u0645\u0631\u062d\u0644\u0629 \u0645\u0627 \u0642\u0628\u0644 \u0627\u0644\u0633\u0643\u0631\u064a \u0623\u064a\u0636\u064b\u0627 \u0628\u0627\u0633\u0645 \u0645\u0631\u062d\u0644\u0629 \u0645\u0627 \u0642\u0628\u0644 \u0627\u0644\u0633\u0643\u0631\u064a. \u0648\u0647\u064a \u0645\u0631\u062d\u0644\u0629 \u064a\u0645\u0643\u0646 \u0627\u0644\u0648\u0642\u0627\u064a\u0629 \u0645\u0646\u0647\u0627 \u0628\u0627\u0644\u062a\u0634\u062e\u064a\u0635 \u0648\u0627\u0644\u0639\u0644\u0627\u062c \u0627\u0644\u0645\u0628\u0643\u0631\u064a\u0646. \u0644\u0630\u0627\u060c \u0641\u0625\u0646 \u0625\u0647\u0645\u0627\u0644 \u0639\u0644\u0627\u062c\u0647\u0627 \u064a\u0624\u062f\u064a \u0625\u0644\u0649 \u0627\u0644\u0625\u0635\u0627\u0628\u0629 \u0628\u0627\u0644\u0633\u0643\u0631\u064a \u0639\u0644\u0649 \u0627\u0644\u0645\u062f\u0649 \u0627\u0644\u0628\u0639\u064a\u062f. \u0628\u0639\u0628\u0627\u0631\u0629 \u0623\u062e\u0631\u0649\u060c \u062a\u064f\u0634\u0643\u0644 \u062c\u0645\u064a\u0639 \u0627\u0644\u0623\u0645\u0631\u0627\u0636 \u0627\u0644\u0646\u0627\u062c\u0645\u0629 \u0639\u0646 \u0627\u0644\u0633\u0643\u0631\u064a \u062e\u0637\u0631\u064b\u0627 \u0639\u0644\u0649 \u0627\u0644\u0623\u0634\u062e\u0627\u0635 \u0627\u0644\u0645\u0635\u0627\u0628\u064a\u0646 \u0628\u0645\u0631\u062d\u0644\u0629 \u0645\u0627 \u0642\u0628\u0644 \u0627\u0644\u0633\u0643\u0631\u064a\u060c \u0628\u0645\u0627 \u0641\u064a \u0630\u0644\u0643 \u0641\u0634\u0644 \u0627\u0644\u0623\u0639\u0636\u0627\u0621 \u0645\u062b\u0644 \u0641\u0634\u0644 \u0627\u0644\u0642\u0644\u0628 \u0648\u0627\u0644\u0643\u0644\u0649\u060c \u0648\u0645\u0634\u0627\u0643\u0644 \u0627\u0644\u0639\u064a\u0646\u060c \u0648\u062a\u0644\u0641 \u0627\u0644\u0623\u0646\u0633\u062c\u0629.<\/span><\/p>\n<h3 class=\"h2\">\u0645\u0646 \u0647\u0645 \u0627\u0644\u0623\u0634\u062e\u0627\u0635 \u0627\u0644\u0630\u064a\u0646 \u064a\u0635\u0627\u0628\u0648\u0646 \u0628\u0645\u0631\u062d\u0644\u0629 \u0645\u0627 \u0642\u0628\u0644 \u0627\u0644\u0633\u0643\u0631\u064a\u061f<\/h3>\n<p>\u0633\u0643\u0631 \u0633\u0631\u064a <a href=\"https:\/\/drnecatkaplan.com\/ar\/%d8%ac%d8%b1%d8%a7%d8%ad%d8%a9-%d9%85%d8%b1%d8%b6-%d8%a7%d9%84%d8%b3%d9%83%d8%b1%d9%8a-%d9%85%d9%86-%d8%a7%d9%84%d9%86%d9%88%d8%b9-%d8%a7%d9%84%d8%ab%d8%a7%d9%86%d9%8a\/\">\u062f\u0627\u0621 \u0627\u0644\u0633\u0643\u0631\u064a \u0645\u0646 \u0627\u0644\u0646\u0648\u0639 \u0627\u0644\u062b\u0627\u0646\u064a<\/a> \u064a\u064f\u0639\u062a\u0628\u0631 \u0647\u0630\u0627 \u0628\u062f\u0627\u064a\u0629 \u0627\u0644\u0645\u0631\u0636. \u064a\u064f\u0635\u064a\u0628 \u0647\u0630\u0627 \u0627\u0644\u0646\u0648\u0639 \u0645\u0646 \u0627\u0644\u0633\u0643\u0631\u064a \u0639\u0627\u062f\u0629\u064b \u0627\u0644\u0623\u0634\u062e\u0627\u0635 \u0641\u0648\u0642 \u0633\u0646 45 \u0639\u0627\u0645\u064b\u0627\u060c \u0648\u062a\u0632\u062f\u0627\u062f \u0646\u0633\u0628\u0629 \u0627\u0644\u0625\u0635\u0627\u0628\u0629 \u0628\u0647 \u0644\u062f\u0649 \u0645\u0646 \u062a\u062c\u0627\u0648\u0632\u0648\u0627 65 \u0639\u0627\u0645\u064b\u0627. \u064a\u064f\u0645\u0643\u0646 \u0623\u0646 \u064a\u064f\u0635\u064a\u0628 \u0627\u0644\u0631\u062c\u0627\u0644 \u0648\u0627\u0644\u0646\u0633\u0627\u0621 \u0639\u0644\u0649 \u062d\u062f\u064d \u0633\u0648\u0627\u0621\u060c \u0648\u0630\u0644\u0643 \u062a\u0628\u0639\u064b\u0627 \u0644\u0639\u0648\u0627\u0645\u0644 \u0646\u0645\u0637 \u0627\u0644\u062d\u064a\u0627\u0629. \u0645\u0639 \u0630\u0644\u0643\u060c \u064a\u064f\u0645\u0643\u0646 \u0623\u0646 \u064a\u064f\u0635\u0627\u0628 \u0628\u0647 \u0627\u0644\u0634\u0628\u0627\u0628 \u0623\u064a\u0636\u064b\u0627. \u0642\u062f \u062a\u064f\u0624\u062f\u064a \u0623\u0646\u0645\u0627\u0637 \u0627\u0644\u062d\u064a\u0627\u0629 \u063a\u064a\u0631 \u0627\u0644\u0635\u062d\u064a\u0629\u060c \u0648\u0627\u0644\u0623\u0645\u0631\u0627\u0636 \u0627\u0644\u0623\u062e\u0631\u0649\u060c \u0648\u0627\u0644\u062a\u0627\u0631\u064a\u062e \u0627\u0644\u0639\u0627\u0626\u0644\u064a \u0625\u0644\u0649 \u0638\u0647\u0648\u0631 \u0645\u0642\u062f\u0645\u0627\u062a \u0627\u0644\u0633\u0643\u0631\u064a \u0641\u064a \u0633\u0646\u064d \u0645\u0628\u0643\u0631\u0629. \u0641\u064a \u0628\u0639\u0636 \u0627\u0644\u062d\u0627\u0644\u0627\u062a\u060c \u0642\u062f \u064a\u064f\u0635\u0627\u0628 \u0628\u0647 \u0627\u0644\u0623\u0637\u0641\u0627\u0644.<\/p>\n<p>\u0623\u062c\u0631\u062a \u062f\u0631\u0627\u0633\u0629 \u0639\u0627\u0645 2012 \u0628\u062d\u062b\u0627\u064b \u062d\u0648\u0644 \u0639\u062f\u062f \u0627\u0644\u0645\u0631\u0627\u0647\u0642\u064a\u0646 \u0627\u0644\u0630\u064a\u0646 \u062a\u062a\u0631\u0627\u0648\u062d \u0623\u0639\u0645\u0627\u0631\u0647\u0645 \u0628\u064a\u0646 12 \u064819 \u0639\u0627\u0645\u0627\u064b \u0627\u0644\u0645\u0635\u0627\u0628\u064a\u0646 \u0628\u0645\u0642\u062f\u0645\u0627\u062a \u0627\u0644\u0633\u0643\u0631\u064a. \u0648\u0648\u0641\u0642\u0627\u064b \u0644\u0644\u062f\u0631\u0627\u0633\u0629\u060c \u0641\u0642\u062f \u0633\u062c\u0644\u062a \u0647\u0630\u0647 \u0627\u0644\u0641\u0626\u0629 \u0627\u0644\u0639\u0645\u0631\u064a\u0629 \u0645\u0639\u062f\u0644 \u0625\u0635\u0627\u0628\u0629 \u0623\u0639\u0644\u0649 \u0641\u064a \u0627\u0644\u0633\u0646\u0648\u0627\u062a \u0627\u0644\u0633\u0627\u0628\u0642\u0629. <strong>\u0633\u0643\u0631 \u062e\u0641\u064a<\/strong> \u0627\u0631\u062a\u0641\u0639 \u0645\u0639\u062f\u0644 \u0627\u0644\u062a\u0646\u0645\u064a\u0629 \u0645\u0646 9% \u0641\u064a \u0627\u0644\u0645\u0627\u0636\u064a \u0625\u0644\u0649 23% \u0641\u064a \u0639\u0627\u0645 2012.<\/p>\n<p>\u0628\u062d\u0633\u0628 \u0627\u0644\u062f\u0631\u0627\u0633\u0629\u060c \u0642\u062f \u064a\u064f\u0635\u0627\u0628 \u0627\u0644\u0623\u0637\u0641\u0627\u0644 \u0627\u0644\u0630\u064a\u0646 \u064a\u0639\u0627\u0646\u0648\u0646 \u0645\u0646 \u0632\u064a\u0627\u062f\u0629 \u0627\u0644\u0648\u0632\u0646 \u0623\u0648 \u0644\u062f\u064a\u0647\u0645 \u0645\u062c\u0645\u0648\u0639\u0629 \u0645\u0646 \u0639\u0648\u0627\u0645\u0644 \u0627\u0644\u062e\u0637\u0631 \u0644\u0644\u0625\u0635\u0627\u0628\u0629 \u0628\u0645\u0642\u062f\u0645\u0627\u062a \u0627\u0644\u0633\u0643\u0631\u064a \u0628\u0647\u0630\u0627 \u0627\u0644\u0645\u0631\u0636. \u0644\u0630\u0627\u060c \u064a\u0646\u0628\u063a\u064a \u0639\u0644\u0649 \u0627\u0644\u0623\u0637\u0641\u0627\u0644 \u0627\u0644\u0630\u064a\u0646 \u0644\u062f\u064a\u0647\u0645 \u0639\u0627\u0645\u0644 \u062e\u0637\u0631 \u0648\u0627\u062d\u062f \u0623\u0648 \u0623\u0643\u062b\u0631 \u0645\u0646 \u0647\u0630\u0647 \u0627\u0644\u0639\u0648\u0627\u0645\u0644 \u0627\u0644\u062e\u0636\u0648\u0639 \u0644\u0641\u062d\u0635 \u0627\u0644\u0633\u0643\u0631\u064a \u0633\u0646\u0648\u064a\u0627\u064b. \u0625\u0636\u0627\u0641\u0629\u064b \u0625\u0644\u0649 \u0630\u0644\u0643\u060c \u064a\u064f\u0639\u062f\u0651 \u0627\u062a\u0628\u0627\u0639 \u0646\u0645\u0637 \u062d\u064a\u0627\u0629 \u0635\u062d\u064a \u0623\u0645\u0631\u0627\u064b \u0628\u0627\u0644\u063a \u0627\u0644\u0623\u0647\u0645\u064a\u0629 \u0644\u0644\u0648\u0642\u0627\u064a\u0629 \u0645\u0646 \u0645\u062e\u0627\u0637\u0631 \u0627\u0644\u0625\u0635\u0627\u0628\u0629 \u0628\u0627\u0644\u0633\u0643\u0631\u064a. \u0648\u0639\u0627\u062f\u0629\u064b \u0645\u0627 \u064a\u064f\u0641\u0633\u0651\u0631 \u0627\u0644\u0623\u0637\u0628\u0627\u0621 \u0646\u062a\u0627\u0626\u062c \u0627\u0644\u0641\u062d\u0648\u0635\u0627\u062a \u0644\u0644\u0623\u0637\u0641\u0627\u0644 \u0628\u0646\u0641\u0633 \u0627\u0644\u0637\u0631\u064a\u0642\u0629 \u0627\u0644\u062a\u064a \u064a\u064f\u0641\u0633\u0651\u0631\u0648\u0646\u0647\u0627 \u0628\u0647\u0627 \u0644\u0644\u0628\u0627\u0644\u063a\u064a\u0646.<\/p>\n<p><img decoding=\"async\" class=\"alignnone wp-image-8466 size-full\" src=\"https:\/\/drnecatkaplan.com\/wp-content\/uploads\/2021\/03\/gizliseker3.jpg\" alt=\"\u0645\u0642\u062f\u0645\u0627\u062a \u0627\u0644\u0633\u0643\u0631\u064a\" width=\"830\" height=\"400\" title=\"\" srcset=\"https:\/\/drnecatkaplan.com\/wp-content\/uploads\/2021\/03\/gizliseker3.jpg 830w, https:\/\/drnecatkaplan.com\/wp-content\/uploads\/2021\/03\/gizliseker3-300x145.jpg 300w, https:\/\/drnecatkaplan.com\/wp-content\/uploads\/2021\/03\/gizliseker3-768x370.jpg 768w\" sizes=\"(max-width: 830px) 100vw, 830px\" \/><\/p>\n<h4 class=\"h2\">\u0643\u064a\u0641 \u064a\u062a\u0645 \u0639\u0644\u0627\u062c \u0645\u0642\u062f\u0645\u0627\u062a \u0627\u0644\u0633\u0643\u0631\u064a\u061f<\/h4>\n<p><span style=\"font-weight: 400;\">\u0628\u0645\u0627 \u0623\u0646 \u0646\u0645\u0637 \u0627\u0644\u062d\u064a\u0627\u0629 \u063a\u064a\u0631 \u0627\u0644\u0635\u062d\u064a \u064a\u064f\u0639\u062f\u0651 \u0633\u0628\u0628\u064b\u0627 \u0631\u0626\u064a\u0633\u064a\u064b\u0627 \u0644\u0644\u0645\u0631\u0636\u060c \u064a\u064f\u0645\u0643\u0646 \u0627\u0644\u0642\u0648\u0644 \u0625\u0646 \u0623\u0647\u0645 \u0625\u062c\u0631\u0627\u0621 \u0648\u0642\u0627\u0626\u064a \u0648\u0639\u0644\u0627\u062c\u064a \u0647\u0648 \u0627\u062a\u0628\u0627\u0639 \u0646\u0645\u0637 \u062d\u064a\u0627\u0629 \u0635\u062d\u064a. \u0648\u064a\u064f\u0639\u062f\u0651 \u062a\u062c\u0646\u0651\u0628 \u0627\u0644\u0645\u0646\u062a\u062c\u0627\u062a \u0627\u0644\u0645\u064f\u0635\u0646\u0651\u0639\u0629\u060c \u0648\u0627\u0644\u0627\u0628\u062a\u0639\u0627\u062f \u0639\u0646 \u0627\u0644\u0643\u062d\u0648\u0644 \u0648\u0627\u0644\u0633\u062c\u0627\u0626\u0631\u060c \u0648\u0625\u0646\u0642\u0627\u0635 \u0627\u0644\u0648\u0632\u0646 \u0627\u0644\u0632\u0627\u0626\u062f\u060c \u0648\u0627\u0644\u0627\u0645\u062a\u0646\u0627\u0639 \u0639\u0646 \u062a\u0646\u0627\u0648\u0644 \u0627\u0644\u0623\u0637\u0639\u0645\u0629 \u0627\u0644\u0633\u0643\u0631\u064a\u0629\u060c \u0645\u0646 \u0623\u0641\u0636\u0644 \u0627\u0644\u0627\u062d\u062a\u064a\u0627\u0637\u0627\u062a \u0627\u0644\u062a\u064a \u064a\u064f\u0645\u0643\u0646 \u0627\u062a\u062e\u0627\u0630\u0647\u0627. \u0648\u0628\u0647\u0630\u0647 \u0627\u0644\u0637\u0631\u064a\u0642\u0629\u060c \u062a\u0642\u0644\u0651 \u0645\u0642\u0627\u0648\u0645\u0629 \u0627\u0644\u0623\u0646\u0633\u0648\u0644\u064a\u0646 \u0648\u064a\u064f\u062d\u0627\u0641\u0638 \u0639\u0644\u0649 \u0645\u0633\u062a\u0648\u0649 \u0627\u0644\u0633\u0643\u0631 \u0641\u064a \u0627\u0644\u062f\u0645 \u0636\u0645\u0646 \u0627\u0644\u0645\u0639\u062f\u0644 \u0627\u0644\u0637\u0628\u064a\u0639\u064a. \u0625\u0636\u0627\u0641\u0629\u064b \u0625\u0644\u0649 \u0630\u0644\u0643\u060c \u064a\u064f\u0645\u0643\u0646 \u0627\u0633\u062a\u062e\u062f\u0627\u0645 \u0627\u0644\u0623\u062f\u0648\u064a\u0629 \u0627\u0644\u062a\u064a \u062a\u064f\u0633\u0627\u0639\u062f \u0641\u064a \u0627\u0644\u0648\u0642\u0627\u064a\u0629 \u0645\u0646 \u062f\u0627\u0621 \u0627\u0644\u0633\u0643\u0631\u064a \u0639\u0646 \u0637\u0631\u064a\u0642 \u062a\u0642\u0644\u064a\u0644 \u0645\u0642\u0627\u0648\u0645\u0629 \u0627\u0644\u0623\u0646\u0633\u0648\u0644\u064a\u0646.\u00a0<\/span><\/p>\n\n\t\t<\/div>\n\t<\/div>\n<\/div><\/div><\/div><div class=\"wpb_column vc_column_container vc_col-sm-3 vc_hidden-sm vc_hidden-xs\"><div class=\"vc_column-inner vc_custom_1613066254127\"><div class=\"wpb_wrapper\"><div id=\"fixedyap\" class=\"vc_row wpb_row vc_inner vc_row-fluid\"><div class=\"wpb_column vc_column_container vc_col-sm-12\"><div class=\"vc_column-inner\"><div class=\"wpb_wrapper\"><div class=\"vc_custom_heading vc_custom_1615538051396 text_align_center\" ><div style=\"font-size: 23px;color: #0a0a0a;text-align: center;font-family:PT Sans;font-weight:700;font-style:normal\" class=\"consulting-custom-title\">\u062a\u0648\u0627\u0635\u0644 \u0645\u0639\u0646\u0627<\/div><\/div>\n<div class=\"wpcf7 no-js\" id=\"wpcf7-f5-o1\" lang=\"tr-TR\" dir=\"ltr\" data-wpcf7-id=\"5\">\n<div class=\"screen-reader-response\"><p role=\"status\" aria-live=\"polite\" aria-atomic=\"true\"><\/p> <ul><\/ul><\/div>\n<form action=\"\/ar\/wp-json\/wp\/v2\/pages\/8390#wpcf7-f5-o1\" method=\"post\" class=\"wpcf7-form init\" aria-label=\"\u0646\u0645\u0648\u0630\u062c \u0627\u0644\u0627\u062a\u0635\u0627\u0644\" novalidate=\"novalidate\" data-status=\"init\" data-trp-original-action=\"\/ar\/wp-json\/wp\/v2\/pages\/8390#wpcf7-f5-o1\">\n<fieldset class=\"hidden-fields-container\"><input type=\"hidden\" name=\"_wpcf7\" value=\"5\" \/><input type=\"hidden\" name=\"_wpcf7_version\" value=\"6.1.4\" \/><input type=\"hidden\" name=\"_wpcf7_locale\" value=\"tr_TR\" \/><input type=\"hidden\" name=\"_wpcf7_unit_tag\" value=\"wpcf7-f5-o1\" \/><input type=\"hidden\" name=\"_wpcf7_container_post\" value=\"0\" \/><input type=\"hidden\" name=\"_wpcf7_posted_data_hash\" value=\"\" \/>\n<\/fieldset>\n<p><label><span class=\"wpcf7-form-control-wrap\" data-name=\"your-name\"><input size=\"40\" maxlength=\"400\" class=\"wpcf7-form-control wpcf7-text wpcf7-validates-as-required\" aria-required=\"true\" aria-invalid=\"false\" placeholder=\"\u0627\u0644\u0627\u0633\u0645 \u0648\u0627\u0644\u0644\u0642\u0628\" value=\"\" type=\"text\" name=\"your-name\" \/><\/span> <\/label><label><span class=\"wpcf7-form-control-wrap\" data-name=\"your-email\"><input size=\"40\" maxlength=\"400\" class=\"wpcf7-form-control wpcf7-email wpcf7-validates-as-required wpcf7-text wpcf7-validates-as-email\" aria-required=\"true\" aria-invalid=\"false\" placeholder=\"\u0628\u0631\u064a\u062f \u0625\u0644\u0643\u062a\u0631\u0648\u0646\u064a\" value=\"\" type=\"email\" name=\"your-email\" \/><\/span> <\/label><label><span class=\"wpcf7-form-control-wrap\" data-name=\"your-tel\"><input size=\"40\" maxlength=\"400\" class=\"wpcf7-form-control wpcf7-text wpcf7-validates-as-required\" aria-required=\"true\" aria-invalid=\"false\" placeholder=\"\u0627\u0644\u0647\u0627\u062a\u0641\" value=\"\" type=\"text\" name=\"your-tel\" \/><\/span> <\/label><label><span class=\"wpcf7-form-control-wrap\" data-name=\"your-message\"><textarea cols=\"40\" rows=\"10\" maxlength=\"2000\" class=\"wpcf7-form-control wpcf7-textarea\" aria-invalid=\"false\" placeholder=\"\u0631\u0633\u0627\u0644\u062a\u0643\" name=\"your-message\"><\/textarea><\/span> <\/label><label class=\"sil\"><span class=\"wpcf7-form-control-wrap\" data-name=\"aydinlatma-metni\"><span class=\"wpcf7-form-control wpcf7-acceptance\"><span class=\"wpcf7-list-item\"><label><input type=\"checkbox\" name=\"aydinlatma-metni\" value=\"1\" aria-invalid=\"false\" \/><span class=\"wpcf7-list-item-label\"><a target=\"\u201d_blank\u201d\" href=\"https:\/\/drnecatkaplan.com\/ar\/%d9%86%d8%b5-%d8%a7%d9%84%d8%a5%d8%b6%d8%a7%d8%a1%d8%a9\/\">\u0646\u0635 \u0645\u0639\u0644\u0648\u0645\u0627\u062a\u064a<\/a>\u0644\u0642\u062f \u0642\u0631\u0623\u062a\u0647 \u0648\u0623\u0648\u0627\u0641\u0642 \u0639\u0644\u064a\u0647.<\/span><\/label><\/span><\/span><\/span><\/label><br \/>\n<span class=\"wpcf7-form-control-wrap\" data-name=\"hcap-cf7\">\t\t<input\n\t\t\t\ttype=\"hidden\"\n\t\t\t\tclass=\"hcaptcha-widget-id\"\n\t\t\t\tname=\"hcaptcha-widget-id\"\n\t\t\t\tvalue=\"eyJzb3VyY2UiOlsiY29udGFjdC1mb3JtLTdcL3dwLWNvbnRhY3QtZm9ybS03LnBocCJdLCJmb3JtX2lkIjo1fQ==-603f2ad0671ee0acde069c9c32960f19\">\n\t\t\t\t<span id=\"hcap_cf7-69ff6c5bca7b27.19080780\" class=\"wpcf7-form-control h-captcha\"\n\t\t\tdata-sitekey=\"471a5850-7bc4-49fe-bfe8-66d6d5e4b082\"\n\t\t\tdata-theme=\"light\"\n\t\t\tdata-size=\"normal\"\n\t\t\tdata-auto=\"false\"\n\t\t\tdata-ajax=\"false\"\n\t\t\tdata-force=\"false\">\n\t\t<\/span>\n\t\t<input type=\"hidden\" id=\"_wpnonce\" name=\"_wpnonce\" value=\"0c074093db\" \/><input type=\"hidden\" name=\"_wp_http_referer\" value=\"\/ar\/wp-json\/wp\/v2\/pages\/8390\" \/><\/span><input class=\"wpcf7-form-control wpcf7-submit has-spinner\" type=\"submit\" value=\"\u064a\u0631\u0633\u0644\" \/>\n<\/p><p style=\"display: none !important;\" class=\"akismet-fields-container\" data-prefix=\"_wpcf7_ak_\"><label>\u0394<textarea name=\"_wpcf7_ak_hp_textarea\" cols=\"45\" rows=\"8\" maxlength=\"100\"><\/textarea><\/label><input type=\"hidden\" id=\"ak_js_1\" name=\"_wpcf7_ak_js\" value=\"181\"\/><script>document.getElementById( \"ak_js_1\" ).setAttribute( \"value\", ( new Date() ).getTime() );<\/script><\/p><input type='hidden' class='wpcf7-pum' value='{\"closepopup\":false,\"closedelay\":0,\"openpopup\":false,\"openpopup_id\":0}' \/><div class=\"wpcf7-response-output\" aria-hidden=\"true\"><\/div>\n<input type=\"hidden\" name=\"trp-form-language\" value=\"ar\"\/><\/form>\n<\/div>\n<div class=\"vc_custom_heading vc_custom_1615538045319 text_align_center\" ><div style=\"font-size: 23px;color: #ffffff;text-align: center;font-family:PT Sans;font-weight:700;font-style:normal\" class=\"consulting-custom-title\">\u0627\u0644\u0633\u0643\u0631\u064a<\/div><\/div><div class=\"vc_wp_custommenu wpb_content_element\"><div class=\"widget widget_nav_menu\"><div class=\"menu-diyabetcerrahi-container\"><ul id=\"menu-diyabetcerrahi\" class=\"menu\"><li id=\"menu-item-8515\" class=\"menu-item menu-item-type-post_type menu-item-object-page menu-item-8515\"><a href=\"https:\/\/drnecatkaplan.com\/ar\/%d8%ac%d8%b1%d8%a7%d8%ad%d8%a9-%d8%a7%d9%84%d8%aa%d9%85%d8%ab%d9%8a%d9%84-%d8%a7%d9%84%d8%ba%d8%b0%d8%a7%d8%a6%d9%8a\/\">\u0639\u0645\u0644\u064a\u0629 \u062c\u0631\u0627\u062d\u0629 \u0627\u0644\u062a\u0645\u062b\u064a\u0644 \u0627\u0644\u063a\u0630\u0627\u0626\u064a<\/a><\/li>\n<li id=\"menu-item-8513\" class=\"menu-item menu-item-type-post_type menu-item-object-page menu-item-8513\"><a href=\"https:\/\/drnecatkaplan.com\/ar\/%d8%ac%d8%b1%d8%a7%d8%ad%d8%a9-%d9%85%d8%b1%d8%b6-%d8%a7%d9%84%d8%b3%d9%83%d8%b1%d9%8a-2\/\">\u062c\u0631\u0627\u062d\u0629 \u0645\u0631\u0636 \u0627\u0644\u0633\u0643\u0631\u064a<\/a><\/li>\n<li id=\"menu-item-8516\" class=\"menu-item menu-item-type-post_type menu-item-object-page menu-item-8516\"><a href=\"https:\/\/drnecatkaplan.com\/ar\/%d8%a7%d9%84%d8%b3%d9%83%d8%b1-%d8%a7%d9%84%d8%ae%d9%81%d9%8a%d8%8c-%d9%85%d8%a7-%d9%82%d8%a8%d9%84-%d8%a7%d9%84%d8%b3%d9%83%d8%b1%d9%8a\/\">\u0645\u0642\u062f\u0645\u0627\u062a \u0627\u0644\u0633\u0643\u0631\u064a (\u0627\u0644\u0633\u0643\u0631\u064a \u0627\u0644\u062e\u0641\u064a)<\/a><\/li>\n<li id=\"menu-item-8514\" class=\"menu-item menu-item-type-post_type menu-item-object-page menu-item-8514\"><a href=\"https:\/\/drnecatkaplan.com\/ar\/%d8%ac%d8%b1%d8%a7%d8%ad%d8%a9-%d9%85%d8%b1%d8%b6-%d8%a7%d9%84%d8%b3%d9%83%d8%b1%d9%8a-%d9%85%d9%86-%d8%a7%d9%84%d9%86%d9%88%d8%b9-%d8%a7%d9%84%d8%ab%d8%a7%d9%86%d9%8a\/\">\u062c\u0631\u0627\u062d\u0629 \u0645\u0631\u0636 \u0627\u0644\u0633\u0643\u0631\u064a \u0645\u0646 \u0627\u0644\u0646\u0648\u0639 \u0627\u0644\u062b\u0627\u0646\u064a<\/a><\/li>\n<li id=\"menu-item-8512\" class=\"menu-item menu-item-type-post_type menu-item-object-page menu-item-8512\"><a href=\"https:\/\/drnecatkaplan.com\/ar\/%d8%a7%d9%84%d8%b3%d9%83%d8%b1%d9%8a\/\">\u0627\u0644\u0633\u0643\u0631\u064a<\/a><\/li>\n<\/ul><\/div><\/div><\/div><\/div><\/div><\/div><\/div><\/div><\/div><\/div><\/div>\n<\/section>","protected":false},"excerpt":{"rendered":"Diyabet veya \u015feker hastal\u0131\u011f\u0131 olarak bilinen hastal\u0131\u011f\u0131n ba\u015flang\u0131c\u0131 olarak d\u00fc\u015f\u00fcn\u00fclen gizli \u015feker yani pre diyabet tedavi edilebilir bir rahats\u0131zl\u0131kt\u0131r. Pre diyabet tan\u0131s\u0131 konulan ki\u015filer bu durumu ciddiye almaz ve tedavi g\u00f6rmezse, uzun vadede diyabet olmas\u0131 muhtemeldir.\u00a0 Pre-diyabette kan \u015fekeri normal d\u00fczeyde olmamakla birlikte diyabet te\u015fhisi konulabilecek seviyede de de\u011fildir. Gizli \u015feker \u00f6zellikle yemek yedikten sonra","protected":false},"author":1,"featured_media":0,"parent":0,"menu_order":0,"comment_status":"closed","ping_status":"closed","template":"","meta":{"footnotes":""},"class_list":["post-8390","page","type-page","status-publish","hentry"],"_links":{"self":[{"href":"https:\/\/drnecatkaplan.com\/ar\/wp-json\/wp\/v2\/pages\/8390","targetHints":{"allow":["GET"]}}],"collection":[{"href":"https:\/\/drnecatkaplan.com\/ar\/wp-json\/wp\/v2\/pages"}],"about":[{"href":"https:\/\/drnecatkaplan.com\/ar\/wp-json\/wp\/v2\/types\/page"}],"author":[{"embeddable":true,"href":"https:\/\/drnecatkaplan.com\/ar\/wp-json\/wp\/v2\/users\/1"}],"replies":[{"embeddable":true,"href":"https:\/\/drnecatkaplan.com\/ar\/wp-json\/wp\/v2\/comments?post=8390"}],"version-history":[{"count":0,"href":"https:\/\/drnecatkaplan.com\/ar\/wp-json\/wp\/v2\/pages\/8390\/revisions"}],"wp:attachment":[{"href":"https:\/\/drnecatkaplan.com\/ar\/wp-json\/wp\/v2\/media?parent=8390"}],"curies":[{"name":"wp","href":"https:\/\/api.w.org\/{rel}","templated":true}]}}