{"id":7645,"date":"2021-02-11T17:02:42","date_gmt":"2021-02-11T14:02:42","guid":{"rendered":"https:\/\/drnecatkaplan.com\/?page_id=7645"},"modified":"2026-01-21T14:40:05","modified_gmt":"2026-01-21T11:40:05","slug":"%d0%b7%d0%b0-%d0%bc%d0%b5%d0%bd","status":"publish","type":"page","link":"https:\/\/drnecatkaplan.com\/bg\/%d0%b7%d0%b0-%d0%bc%d0%b5%d0%bd\/","title":{"rendered":"\u0414-\u0440 \u041d\u0435\u0434\u0436\u0430\u0442 \u041a\u0430\u043f\u043b\u0430\u043d \u2013 \u0441\u043f\u0435\u0446\u0438\u0430\u043b\u0438\u0441\u0442 \u043f\u043e \u043c\u0435\u0442\u0430\u0431\u043e\u043b\u0438\u0442\u043d\u0430 \u0438 \u0437\u0430\u0442\u043b\u044a\u0441\u0442\u044f\u0432\u0430\u0449\u0430 \u0445\u0438\u0440\u0443\u0440\u0433\u0438\u044f"},"content":{"rendered":"<section class=\"wpb-content-wrapper\"><div id=\"hakkimda\" data-vc-full-width=\"true\" data-vc-full-width-init=\"false\" class=\"vc_row wpb_row vc_row-fluid vc_custom_1613053070431\"><div class=\"wpb_column vc_column_container vc_col-sm-12\"><div class=\"vc_column-inner\"><div class=\"wpb_wrapper\"><div class=\"vc_row wpb_row vc_inner vc_row-fluid vc_custom_1612857078562\"><div class=\"wpb_column vc_column_container vc_col-sm-6 vc_col-has-fill\"><div class=\"vc_column-inner vc_custom_1612858115972\"><div class=\"wpb_wrapper\">\n\t<div  class=\"wpb_single_image wpb_content_element vc_align_left\">\n\t\t\n\t\t<figure class=\"wpb_wrapper vc_figure\">\n\t\t\t<div class=\"vc_single_image-wrapper   vc_box_border_grey\"><img decoding=\"async\" width=\"758\" height=\"979\" src=\"https:\/\/drnecatkaplan.com\/wp-content\/uploads\/2021\/02\/drnecatkaplan-2.png\" class=\"vc_single_image-img attachment-full\" alt=\"\" title=\"drnecatkaplan-2\" srcset=\"https:\/\/drnecatkaplan.com\/wp-content\/uploads\/2021\/02\/drnecatkaplan-2.png 758w, https:\/\/drnecatkaplan.com\/wp-content\/uploads\/2021\/02\/drnecatkaplan-2-232x300.png 232w, https:\/\/drnecatkaplan.com\/wp-content\/uploads\/2021\/02\/drnecatkaplan-2-600x775.png 600w\" sizes=\"(max-width: 758px) 100vw, 758px\"><\/div>\n\t\t<\/figure>\n\t<\/div>\n<\/div><\/div><\/div><div class=\"wpb_column vc_column_container vc_col-sm-6 vc_col-has-fill\"><div class=\"vc_column-inner vc_custom_1612858130138\"><div class=\"wpb_wrapper\"><div class=\"vc_custom_heading hakkimdaaltb text_align_left\" ><p style=\"font-size: 32px;text-align: left;font-family:PT Sans;font-weight:700;font-style:normal\" class=\"consulting-custom-title\">\u041e\u043f\u043e\u0437\u043d\u0430\u0439\u0442\u0435 \u0434\u043e\u0431\u0440\u0435 \u0432\u0430\u0448\u0438\u044f \u0445\u0438\u0440\u0443\u0440\u0433.<\/p><\/div>\t<div class=\"vc_separator wpb_content_element vc_sep_width_100 vc_sep_border_width_3 type_1  vc_separator_no_text\">\n\t\t<span class=\"vc_sep_holder vc_sep_holder_l\"><span class=\"vc_sep_line\"><\/span><\/span>\n\t\t\t\t<span class=\"vc_sep_holder vc_sep_holder_r\"><span class=\"vc_sep_line\"><\/span><\/span>\n\t<\/div>\n\t\n\n\t<div class=\"wpb_text_column wpb_content_element  hakkimdaanasayfa\" >\n\t\t<div class=\"wpb_wrapper\">\n\t\t\t<p>\u0414-\u0440 \u041d\u0435\u0434\u0436\u0430\u0442 \u041a\u0430\u043f\u043b\u0430\u043d \u0435 \u0440\u043e\u0434\u0435\u043d \u0432 \u0421\u0438\u0438\u0440\u0442 \u043f\u0440\u0435\u0437 1976 \u0433. \u0438 \u0437\u0430\u0432\u044a\u0440\u0448\u0432\u0430 \u043e\u0441\u043d\u043e\u0432\u043d\u043e\u0442\u043e, \u0441\u0440\u0435\u0434\u043d\u043e\u0442\u043e \u0438 \u0433\u0438\u043c\u043d\u0430\u0437\u0438\u0430\u043b\u043d\u043e\u0442\u043e \u0441\u0438 \u043e\u0431\u0440\u0430\u0437\u043e\u0432\u0430\u043d\u0438\u0435 \u0442\u0430\u043c.<\/p>\n<p>\u0414-\u0440 \u041d\u0435\u0434\u0436\u0430\u0442 \u041a\u0430\u043f\u043b\u0430\u043d \u0437\u0430\u043f\u043e\u0447\u0432\u0430 \u043c\u0435\u0434\u0438\u0446\u0438\u043d\u0441\u043a\u043e\u0442\u043e \u0441\u0438 \u043e\u0431\u0440\u0430\u0437\u043e\u0432\u0430\u043d\u0438\u0435 \u0432 \u041c\u0435\u0434\u0438\u0446\u0438\u043d\u0441\u043a\u0438\u044f \u0444\u0430\u043a\u0443\u043b\u0442\u0435\u0442 \u043d\u0430 \u0423\u043d\u0438\u0432\u0435\u0440\u0441\u0438\u0442\u0435\u0442\u0430 \u201e\u0410\u0442\u0430\u0442\u044e\u0440\u043a\u201c \u043f\u0440\u0435\u0437 1992 \u0433.<\/p>\n<p>\u0422\u043e\u0439 \u0437\u0430\u043f\u043e\u0447\u0432\u0430 \u0441\u043f\u0435\u0446\u0438\u0430\u043b\u0438\u0437\u0430\u0446\u0438\u044f\u0442\u0430 \u0441\u0438 \u043f\u043e \u043e\u0431\u0449\u0430 \u0445\u0438\u0440\u0443\u0440\u0433\u0438\u044f \u0432 \u0423\u0447\u0435\u0431\u043d\u0430\u0442\u0430 \u0438 \u0438\u0437\u0441\u043b\u0435\u0434\u043e\u0432\u0430\u0442\u0435\u043b\u0441\u043a\u0430 \u0431\u043e\u043b\u043d\u0438\u0446\u0430 \u0432 \u0410\u043d\u043a\u0430\u0440\u0430 \u043f\u0440\u0435\u0437 2000 \u0433. \u0438 \u0437\u0430\u0432\u044a\u0440\u0448\u0432\u0430 \u0441\u043f\u0435\u0446\u0438\u0430\u043b\u0438\u0437\u0430\u0446\u0438\u044f\u0442\u0430 \u0441\u0438 \u043f\u0440\u0435\u0437 2005 \u0433., \u043a\u0430\u0442\u043e \u0441\u0442\u0430\u0432\u0430 \u0441\u043f\u0435\u0446\u0438\u0430\u043b\u0438\u0441\u0442 \u043f\u043e \u043e\u0431\u0449\u0430 \u0445\u0438\u0440\u0443\u0440\u0433\u0438\u044f. \u0421\u043b\u0435\u0434 \u0437\u0430\u0432\u044a\u0440\u0448\u0432\u0430\u043d\u0435 \u043d\u0430 \u0441\u043f\u0435\u0446\u0438\u0430\u043b\u0438\u0437\u0430\u0446\u0438\u044f\u0442\u0430 \u0441\u0438 \u043f\u0440\u0435\u0437 2005 \u0433. \u0440\u0430\u0431\u043e\u0442\u0438 \u043a\u0430\u0442\u043e \u043b\u0435\u043a\u0430\u0440-\u0441\u043f\u0435\u0446\u0438\u0430\u043b\u0438\u0441\u0442 \u0432 \u0434\u044a\u0440\u0436\u0430\u0432\u043d\u0438 \u0438 \u0447\u0430\u0441\u0442\u043d\u0438 \u0431\u043e\u043b\u043d\u0438\u0446\u0438 \u0432 \u0421\u0438\u0438\u0440\u0442, \u042f\u043b\u043e\u0432\u0430, \u0411\u0443\u0440\u0441\u0430 \u0438 \u0418\u0441\u0442\u0430\u043d\u0431\u0443\u043b.<\/p>\n<p>\u0422\u043e\u0439 \u0435 \u043f\u0440\u0435\u043c\u0438\u043d\u0430\u043b \u043e\u0431\u0443\u0447\u0435\u043d\u0438\u0435 \u0438 \u0435 \u043d\u0430\u0442\u0440\u0443\u043f\u0430\u043b \u043e\u043f\u0438\u0442 \u0432 \u0445\u0438\u0440\u0443\u0440\u0433\u0438\u044f\u0442\u0430 \u043d\u0430 \u0437\u0430\u0442\u043b\u044a\u0441\u0442\u044f\u0432\u0430\u043d\u0435\u0442\u043e \u0438 \u043c\u0435\u0442\u0430\u0431\u043e\u043b\u0438\u0442\u043d\u0430\u0442\u0430 \u0445\u0438\u0440\u0443\u0440\u0433\u0438\u044f, \u043d\u0430\u043f\u0440\u0435\u0434\u043d\u0430\u043b\u0430\u0442\u0430 \u043b\u0430\u043f\u0430\u0440\u043e\u0441\u043a\u043e\u043f\u0441\u043a\u0430 \u0445\u0438\u0440\u0443\u0440\u0433\u0438\u044f \u0438 \u043b\u0430\u043f\u0430\u0440\u043e\u0441\u043a\u043e\u043f\u0441\u043a\u0430\u0442\u0430 \u0441\u0442\u043e\u043c\u0430\u0448\u043d\u043e-\u0447\u0440\u0435\u0432\u043d\u0430 \u0445\u0438\u0440\u0443\u0440\u0433\u0438\u044f.<\/p>\n<p>\u0422\u043e\u0439 \u0435 \u0435\u0434\u0438\u043d \u043e\u0442 \u043f\u044a\u0440\u0432\u0438\u0442\u0435 \u043b\u0435\u043a\u0430\u0440\u0438 \u0443 \u043d\u0430\u0441, \u0438\u0437\u0432\u044a\u0440\u0448\u0432\u0430\u0449\u0438 \u043d\u0430\u043f\u0440\u0435\u0434\u043d\u0430\u043b\u0438 \u043b\u0430\u043f\u0430\u0440\u043e\u0441\u043a\u043e\u043f\u0441\u043a\u0438 \u043e\u043f\u0435\u0440\u0430\u0446\u0438\u0438, \u0438 \u0438\u043c\u0430 \u0431\u043e\u0433\u0430\u0442 \u043e\u043f\u0438\u0442 \u0432 \u043e\u0431\u043b\u0430\u0441\u0442\u0442\u0430 \u043d\u0430 \u0437\u0430\u0442\u043b\u044a\u0441\u0442\u044f\u0432\u0430\u043d\u0435\u0442\u043e \u0438 \u043c\u0435\u0442\u0430\u0431\u043e\u043b\u0438\u0442\u043d\u0430\u0442\u0430 \u0445\u0438\u0440\u0443\u0440\u0433\u0438\u044f, \u043a\u0430\u0442\u043e \u0435 \u0438\u0437\u0432\u044a\u0440\u0448\u0438\u043b \u0431\u043b\u0438\u0437\u043e 2000 \u043e\u043f\u0435\u0440\u0430\u0446\u0438\u0438.<\/p>\n<p>\u0423\u0447\u0430\u0441\u0442\u0432\u0430\u043b \u0435 \u0432 \u043c\u043d\u043e\u0436\u0435\u0441\u0442\u0432\u043e \u043e\u0431\u0443\u0447\u0438\u0442\u0435\u043b\u043d\u0438 \u0441\u0435\u043c\u0438\u043d\u0430\u0440\u0438, \u0441\u0438\u043c\u043f\u043e\u0437\u0438\u0443\u043c\u0438 \u0438 \u043a\u043e\u043d\u0433\u0440\u0435\u0441\u0438 \u043a\u0430\u043a\u0442\u043e \u0432 \u0422\u0443\u0440\u0446\u0438\u044f, \u0442\u0430\u043a\u0430 \u0438 \u0432 \u0447\u0443\u0436\u0431\u0438\u043d\u0430, \u043f\u043e \u0442\u0435\u043c\u0438, \u0441\u0432\u044a\u0440\u0437\u0430\u043d\u0438 \u0441\u044a\u0441 \u0437\u0430\u0442\u043b\u044a\u0441\u0442\u044f\u0432\u0430\u043d\u0435\u0442\u043e \u0438 \u043c\u0435\u0442\u0430\u0431\u043e\u043b\u0438\u0442\u043d\u0430\u0442\u0430 \u0445\u0438\u0440\u0443\u0440\u0433\u0438\u044f.<\/p>\n<p>\u0412\u044a\u043f\u0440\u0435\u043a\u0438 \u0447\u0435 \u0434-\u0440 \u041d\u0435\u0434\u0436\u0430\u0442 \u041a\u0430\u043f\u043b\u0430\u043d \u0438\u043c\u0430 \u043e\u043f\u0438\u0442 \u0432 \u043f\u0440\u0438\u0431\u043b\u0438\u0437\u0438\u0442\u0435\u043b\u043d\u043e 6000 \u043e\u0431\u0449\u0438 \u0445\u0438\u0440\u0443\u0440\u0433\u0438\u0447\u043d\u0438 \u043e\u043f\u0435\u0440\u0430\u0446\u0438\u0438 \u0432 \u043f\u0440\u043e\u0434\u044a\u043b\u0436\u0435\u043d\u0438\u0435 \u043d\u0430 \u043f\u043e\u0432\u0435\u0447\u0435 \u043e\u0442 20 \u0433\u043e\u0434\u0438\u043d\u0438, \u043f\u0440\u0435\u0437 \u043f\u043e\u0441\u043b\u0435\u0434\u043d\u0438\u0442\u0435 \u0433\u043e\u0434\u0438\u043d\u0438 \u0442\u043e\u0439 \u0441\u0435 \u0444\u043e\u043a\u0443\u0441\u0438\u0440\u0430 \u0435\u0434\u0438\u043d\u0441\u0442\u0432\u0435\u043d\u043e \u0432\u044a\u0440\u0445\u0443 \u0437\u0430\u0442\u043b\u044a\u0441\u0442\u044f\u0432\u0430\u043d\u0435\u0442\u043e \u0438 \u043c\u0435\u0442\u0430\u0431\u043e\u043b\u0438\u0442\u043d\u0430\u0442\u0430 \u0445\u0438\u0440\u0443\u0440\u0433\u0438\u044f.<\/p>\n<p>\u0414-\u0440 \u041d\u0435\u0434\u0436\u0430\u0442 \u041a\u0430\u043f\u043b\u0430\u043d, \u043a\u043e\u0439\u0442\u043e \u0435 \u0436\u0435\u043d\u0435\u043d \u0438 \u0438\u043c\u0430 \u0434\u0432\u0435 \u0434\u0435\u0446\u0430, \u043e\u0431\u0441\u043b\u0443\u0436\u0432\u0430 \u0441\u0432\u043e\u0438\u0442\u0435 \u043f\u0430\u0446\u0438\u0435\u043d\u0442\u0438 \u0432 \u0431\u043e\u043b\u043d\u0438\u0446\u0430 \u201e\u041a\u0430\u0434\u044a\u043a\u044c\u043e\u0439 \u041c\u0435\u0434\u0438\u043a\u0430\u043d\u0430\u201c.<\/p>\n\n\t\t<\/div>\n\t<\/div>\n<div class=\"vc_btn3-container vc_btn3-inline vc_custom_1613055566979\" ><a class=\"vc_general vc_btn3 vc_btn3-size-lg vc_btn3-shape-rounded vc_btn3-style-modern vc_btn3-color-primary\" href=\"https:\/\/drnecatkaplan.com\/bg\/demo\/%d1%82%d0%b5%d0%bb%d0%b5%d0%b2%d0%b8%d0%b7%d0%b8%d0%be%d0%bd%d0%bd%d0%b8-%d0%bf%d1%80%d0%be%d0%b3%d1%80%d0%b0%d0%bc%d0%b8\/\" title=\"\">\u0422\u0435\u043b\u0435\u0432\u0438\u0437\u0438\u043e\u043d\u043d\u0438 \u043f\u0440\u043e\u0433\u0440\u0430\u043c\u0438<\/a><\/div><div class=\"vc_btn3-container vc_btn3-inline\" ><a class=\"vc_general vc_btn3 vc_btn3-size-lg vc_btn3-shape-rounded vc_btn3-style-modern vc_btn3-color-warning\" href=\"https:\/\/drnecatkaplan.com\/bg\/demo\/%d0%b2%d0%b8%d0%b4%d0%b5%d0%be%d0%ba%d0%bb%d0%b8%d0%bf%d0%be%d0%b2%d0%b5-%d0%bd%d0%b0-%d0%bf%d0%b0%d1%86%d0%b8%d0%b5%d0%bd%d1%82%d0%b8\/\" title=\"\">\u041f\u0430\u0446\u0438\u0435\u043d\u0442\u0438, \u043f\u0440\u0435\u0442\u044a\u0440\u043f\u0435\u043b\u0438 \u043e\u043f\u0435\u0440\u0430\u0446\u0438\u044f<\/a><\/div><\/div><\/div><\/div><\/div><\/div><\/div><\/div><\/div><div class=\"vc_row-full-width vc_clearfix\"><\/div><div class=\"vc_row wpb_row vc_row-fluid\"><div class=\"wpb_column vc_column_container vc_col-sm-12\"><div class=\"vc_column-inner\"><div class=\"wpb_wrapper\">\n\t<div class=\"wpb_raw_code wpb_content_element wpb_raw_html\" >\n\t\t<div class=\"wpb_wrapper\">\n\t\t\t<style>\n.kutuyazi div p{ color:white;}\n.vc_btn3.vc_btn3-size-md{ padding-top: 7px;\n    padding-bottom: 6px;}\n.hakkimdaanasayfa div p{font-size: 16px;\n    line-height: 33px;}\n.hakkimdaaltb p{color:#6196cc}\n\n<\/style>\n\t\t<\/div>\n\t<\/div>\n<\/div><\/div><\/div><\/div>\n<\/section>","protected":false},"excerpt":{"rendered":"Cerrah\u0131n\u0131z\u0131 Yak\u0131ndan Tan\u0131y\u0131n Op.Dr.Necat Kaplan 1976 y\u0131l\u0131nda Siirtte do\u011fdu ve ilk orta ve lise e\u011fitimini burada tamamlad\u0131. Dr necat kaplan 1992 y\u0131l\u0131nda t\u0131p Fak\u00fcltesi e\u011fitimine Atat\u00fcrk \u00dcniversitesi T\u0131p Fak\u00fcltesinde ba\u015flad\u0131. Genel cerrahi uzmanl\u0131\u011f\u0131na 2000 y\u0131l\u0131nda Ankara E\u011fitim ve Ara\u015ft\u0131rma Hastanesinde uzmanl\u0131k e\u011fitimine ba\u015flayarak 2005 y\u0131l\u0131nda ihtisas\u0131n\u0131 tamamlay\u0131p Genel Cerrahi Uzman\u0131 oldu. Uzmanl\u0131\u011f\u0131n\u0131 2005 y\u0131l\u0131nda tamamlad\u0131ktan","protected":false},"author":1,"featured_media":0,"parent":0,"menu_order":0,"comment_status":"closed","ping_status":"closed","template":"","meta":{"footnotes":""},"class_list":["post-7645","page","type-page","status-publish","hentry"],"_links":{"self":[{"href":"https:\/\/drnecatkaplan.com\/bg\/wp-json\/wp\/v2\/pages\/7645","targetHints":{"allow":["GET"]}}],"collection":[{"href":"https:\/\/drnecatkaplan.com\/bg\/wp-json\/wp\/v2\/pages"}],"about":[{"href":"https:\/\/drnecatkaplan.com\/bg\/wp-json\/wp\/v2\/types\/page"}],"author":[{"embeddable":true,"href":"https:\/\/drnecatkaplan.com\/bg\/wp-json\/wp\/v2\/users\/1"}],"replies":[{"embeddable":true,"href":"https:\/\/drnecatkaplan.com\/bg\/wp-json\/wp\/v2\/comments?post=7645"}],"version-history":[{"count":0,"href":"https:\/\/drnecatkaplan.com\/bg\/wp-json\/wp\/v2\/pages\/7645\/revisions"}],"wp:attachment":[{"href":"https:\/\/drnecatkaplan.com\/bg\/wp-json\/wp\/v2\/media?parent=7645"}],"curies":[{"name":"wp","href":"https:\/\/api.w.org\/{rel}","templated":true}]}}