{"id":7645,"date":"2021-02-11T17:02:42","date_gmt":"2021-02-11T14:02:42","guid":{"rendered":"https:\/\/drnecatkaplan.com\/?page_id=7645"},"modified":"2026-01-21T14:40:05","modified_gmt":"2026-01-21T11:40:05","slug":"about-me","status":"publish","type":"page","link":"https:\/\/drnecatkaplan.com\/en\/about-me\/","title":{"rendered":"Op. Dr. Necat Kaplan \u2013 Specialist in Metabolic and Obesity Surgery"},"content":{"rendered":"<section class=\"wpb-content-wrapper\"><div id=\"hakkimda\" data-vc-full-width=\"true\" data-vc-full-width-init=\"false\" class=\"vc_row wpb_row vc_row-fluid vc_custom_1613053070431\"><div class=\"wpb_column vc_column_container vc_col-sm-12\"><div class=\"vc_column-inner\"><div class=\"wpb_wrapper\"><div class=\"vc_row wpb_row vc_inner vc_row-fluid vc_custom_1612857078562\"><div class=\"wpb_column vc_column_container vc_col-sm-6 vc_col-has-fill\"><div class=\"vc_column-inner vc_custom_1612858115972\"><div class=\"wpb_wrapper\">\n\t<div  class=\"wpb_single_image wpb_content_element vc_align_left\">\n\t\t\n\t\t<figure class=\"wpb_wrapper vc_figure\">\n\t\t\t<div class=\"vc_single_image-wrapper   vc_box_border_grey\"><img decoding=\"async\" width=\"758\" height=\"979\" src=\"https:\/\/drnecatkaplan.com\/wp-content\/uploads\/2021\/02\/drnecatkaplan-2.png\" class=\"vc_single_image-img attachment-full\" alt=\"\" title=\"drnecatkaplan-2\" srcset=\"https:\/\/drnecatkaplan.com\/wp-content\/uploads\/2021\/02\/drnecatkaplan-2.png 758w, https:\/\/drnecatkaplan.com\/wp-content\/uploads\/2021\/02\/drnecatkaplan-2-232x300.png 232w, https:\/\/drnecatkaplan.com\/wp-content\/uploads\/2021\/02\/drnecatkaplan-2-600x775.png 600w\" sizes=\"(max-width: 758px) 100vw, 758px\"><\/div>\n\t\t<\/figure>\n\t<\/div>\n<\/div><\/div><\/div><div class=\"wpb_column vc_column_container vc_col-sm-6 vc_col-has-fill\"><div class=\"vc_column-inner vc_custom_1612858130138\"><div class=\"wpb_wrapper\"><div class=\"vc_custom_heading hakkimdaaltb text_align_left\" ><p style=\"font-size: 32px;text-align: left;font-family:PT Sans;font-weight:700;font-style:normal\" class=\"consulting-custom-title\">Get to know your surgeon well.<\/p><\/div>\t<div class=\"vc_separator wpb_content_element vc_sep_width_100 vc_sep_border_width_3 type_1  vc_separator_no_text\">\n\t\t<span class=\"vc_sep_holder vc_sep_holder_l\"><span class=\"vc_sep_line\"><\/span><\/span>\n\t\t\t\t<span class=\"vc_sep_holder vc_sep_holder_r\"><span class=\"vc_sep_line\"><\/span><\/span>\n\t<\/div>\n\t\n\n\t<div class=\"wpb_text_column wpb_content_element  hakkimdaanasayfa\" >\n\t\t<div class=\"wpb_wrapper\">\n\t\t\t<p>Dr. Necat Kaplan was born in Siirt in 1976 and completed his primary, secondary, and high school education there.<\/p>\n<p>Dr. Necat Kaplan began his medical education at Atat\u00fcrk University Faculty of Medicine in 1992.<\/p>\n<p>He began his general surgery specialization training at Ankara Training and Research Hospital in 2000 and completed his specialization in 2005, becoming a General Surgery Specialist. After completing his specialization in 2005, he worked as a specialist doctor in state and private hospitals in Siirt, Yalova, Bursa, and Istanbul.<\/p>\n<p>He has received training and gained experience in obesity and metabolic surgery, advanced laparoscopic surgery, and laparoscopic gastrointestinal surgery.<\/p>\n<p>He is one of the first physicians in our country to perform advanced laparoscopic surgeries and has extensive experience in the field of obesity and metabolic surgery, having performed nearly 2000 surgeries.<\/p>\n<p>He has participated in numerous training seminars, symposiums, and congresses both in Turkey and abroad on obesity and metabolic surgery.<\/p>\n<p>Although Op. Dr. Necat Kaplan has experience in approximately 6000 general surgical operations over more than 20 years, in recent years he has focused solely on obesity and metabolic surgery.<\/p>\n<p>Dr. Necat Kaplan, who is married and has two children, serves his patients at Kad\u0131k\u00f6y Medicana Hospital.<\/p>\n\n\t\t<\/div>\n\t<\/div>\n<div class=\"vc_btn3-container vc_btn3-inline vc_custom_1613055566979\" ><a class=\"vc_general vc_btn3 vc_btn3-size-lg vc_btn3-shape-rounded vc_btn3-style-modern vc_btn3-color-primary\" href=\"https:\/\/drnecatkaplan.com\/en\/demo\/tv-programs\/\" title=\"\">TV Programs<\/a><\/div><div class=\"vc_btn3-container vc_btn3-inline\" ><a class=\"vc_general vc_btn3 vc_btn3-size-lg vc_btn3-shape-rounded vc_btn3-style-modern vc_btn3-color-warning\" href=\"https:\/\/drnecatkaplan.com\/en\/demo\/patient-videos\/\" title=\"\">Patients Who Underwent Surgery<\/a><\/div><\/div><\/div><\/div><\/div><\/div><\/div><\/div><\/div><div class=\"vc_row-full-width vc_clearfix\"><\/div><div class=\"vc_row wpb_row vc_row-fluid\"><div class=\"wpb_column vc_column_container vc_col-sm-12\"><div class=\"vc_column-inner\"><div class=\"wpb_wrapper\">\n\t<div class=\"wpb_raw_code wpb_content_element wpb_raw_html\" >\n\t\t<div class=\"wpb_wrapper\">\n\t\t\t<style>\n.kutuyazi div p{ color:white;}\n.vc_btn3.vc_btn3-size-md{ padding-top: 7px;\n    padding-bottom: 6px;}\n.hakkimdaanasayfa div p{font-size: 16px;\n    line-height: 33px;}\n.hakkimdaaltb p{color:#6196cc}\n\n<\/style>\n\t\t<\/div>\n\t<\/div>\n<\/div><\/div><\/div><\/div>\n<\/section>","protected":false},"excerpt":{"rendered":"Cerrah\u0131n\u0131z\u0131 Yak\u0131ndan Tan\u0131y\u0131n Op.Dr.Necat Kaplan 1976 y\u0131l\u0131nda Siirtte do\u011fdu ve ilk orta ve lise e\u011fitimini burada tamamlad\u0131. Dr necat kaplan 1992 y\u0131l\u0131nda t\u0131p Fak\u00fcltesi e\u011fitimine Atat\u00fcrk \u00dcniversitesi T\u0131p Fak\u00fcltesinde ba\u015flad\u0131. Genel cerrahi uzmanl\u0131\u011f\u0131na 2000 y\u0131l\u0131nda Ankara E\u011fitim ve Ara\u015ft\u0131rma Hastanesinde uzmanl\u0131k e\u011fitimine ba\u015flayarak 2005 y\u0131l\u0131nda ihtisas\u0131n\u0131 tamamlay\u0131p Genel Cerrahi Uzman\u0131 oldu. Uzmanl\u0131\u011f\u0131n\u0131 2005 y\u0131l\u0131nda tamamlad\u0131ktan","protected":false},"author":1,"featured_media":0,"parent":0,"menu_order":0,"comment_status":"closed","ping_status":"closed","template":"","meta":{"footnotes":""},"class_list":["post-7645","page","type-page","status-publish","hentry"],"_links":{"self":[{"href":"https:\/\/drnecatkaplan.com\/en\/wp-json\/wp\/v2\/pages\/7645","targetHints":{"allow":["GET"]}}],"collection":[{"href":"https:\/\/drnecatkaplan.com\/en\/wp-json\/wp\/v2\/pages"}],"about":[{"href":"https:\/\/drnecatkaplan.com\/en\/wp-json\/wp\/v2\/types\/page"}],"author":[{"embeddable":true,"href":"https:\/\/drnecatkaplan.com\/en\/wp-json\/wp\/v2\/users\/1"}],"replies":[{"embeddable":true,"href":"https:\/\/drnecatkaplan.com\/en\/wp-json\/wp\/v2\/comments?post=7645"}],"version-history":[{"count":0,"href":"https:\/\/drnecatkaplan.com\/en\/wp-json\/wp\/v2\/pages\/7645\/revisions"}],"wp:attachment":[{"href":"https:\/\/drnecatkaplan.com\/en\/wp-json\/wp\/v2\/media?parent=7645"}],"curies":[{"name":"wp","href":"https:\/\/api.w.org\/{rel}","templated":true}]}}