{"id":8382,"date":"2021-03-11T14:37:49","date_gmt":"2021-03-11T11:37:49","guid":{"rendered":"https:\/\/drnecatkaplan.com\/?page_id=8382"},"modified":"2026-01-21T14:35:46","modified_gmt":"2026-01-21T11:35:46","slug":"metabolic-surgery","status":"publish","type":"page","link":"https:\/\/drnecatkaplan.com\/en\/metabolic-surgery\/","title":{"rendered":"Metabolic Surgery Operation"},"content":{"rendered":"<section class=\"wpb-content-wrapper\"><div class=\"vc_row wpb_row vc_row-fluid vc_custom_1451991003825\"><div class=\"wpb_column vc_column_container vc_col-sm-12 vc_col-lg-9 vc_col-md-9\" id=\"yazilar\"><div class=\"vc_column-inner\"><div class=\"wpb_wrapper\">\n\t<div class=\"wpb_text_column wpb_content_element  vc_custom_1626101916031\" >\n\t\t<div class=\"wpb_wrapper\">\n\t\t\t<p><img decoding=\"async\" class=\"alignnone wp-image-8743\" src=\"https:\/\/drnecatkaplan.com\/wp-content\/uploads\/2021\/03\/metabolik-cerrahi-gif-deneme.gif\" alt=\"metabolic surgery\" width=\"492\" height=\"336\" title=\"\"><\/p>\n<p><span style=\"font-weight: 400;\"><b>Metabolic surgery<\/b> Metabolic surgery, also known in society as diabetes surgery, is a set of procedures used to treat related diseases such as hypertension, obesity, and high cholesterol. Because these diseases are treated surgically, it is called metabolic surgery. This treatment method is used primarily for type 2 diabetes and other metabolic diseases. <\/span><span style=\"font-weight: 400;\">The appropriate method is determined based on the patient&#039;s health condition and complaints. The aim of metabolic surgery is to delay the interaction of ingested food with pancreatic and biliary secretions. This allows substances that trigger insulin production to be released, thereby increasing insulin levels. Following this information, if you wish... <b>How is metabolic surgery performed?<\/b> Let&#039;s address this issue.<\/span><\/p>\n<p>&nbsp;<\/p>\n<h2><b>How is metabolic surgery performed?<\/b><\/h2>\n<p><span style=\"font-weight: 400;\">The surgery is performed laparoscopically, meaning it&#039;s a minimally invasive procedure. The area to be treated is accessed through 4 or 5 small incisions, and the following methods are used:<\/span><\/p>\n<ul>\n<li style=\"font-weight: 400;\" aria-level=\"1\"><span style=\"font-weight: 400;\">Sleeve Gastrectomy<\/span><\/li>\n<li style=\"font-weight: 400;\" aria-level=\"1\"><span style=\"font-weight: 400;\">Gastric Bypass<\/span><\/li>\n<li style=\"font-weight: 400;\" aria-level=\"1\"><span style=\"font-weight: 400;\">Mini Gastric Bypass<\/span><\/li>\n<li style=\"font-weight: 400;\" aria-level=\"1\"><span style=\"font-weight: 400;\">Duodenal Switch Derivatives<\/span><\/li>\n<li style=\"font-weight: 400;\" aria-level=\"1\"><span style=\"font-weight: 400;\">Transit Bipartition<\/span><\/li>\n<li style=\"font-weight: 400;\" aria-level=\"1\"><span style=\"font-weight: 400;\">Ileal interposition<\/span><\/li>\n<\/ul>\n<p><span style=\"font-weight: 400;\">These surgical methods involve operations that reduce food intake and regulate hormonal secretion in the intestines. Depending on the procedure performed, the operation can take up to 3 hours.<\/span><\/p>\n<p><iframe style=\"width: 100%; height: 457px;\" src=\"https:\/\/www.youtube.com\/embed\/QO3VEtO-Fgc\" frameborder=\"0\" allowfullscreen=\"allowfullscreen\"><\/iframe><\/p>\n<h3><b>Who is a candidate for metabolic surgery?<\/b><\/h3>\n<p><span style=\"font-weight: 400;\"><b>Diabetes surgery<\/b> It can be said to be the most effective solution when it comes to type 2 diabetes. In type 2 diabetes treatment, if blood sugar cannot be kept at the desired level and the patient&#039;s condition is suitable for surgery... <b>metabolic surgery<\/b> It is possible. Surgical methods can also be used in many metabolic diseases other than diabetes (high blood pressure, excess weight, high cholesterol, etc.).\u00a0<\/span><\/p>\n<p><span style=\"font-weight: 400;\">Surgical procedures can be performed on patients with a BMI of 40 or higher, as well as those with a BMI of 30 or higher. However, the condition here is that the patient&#039;s blood sugar control has not been achieved despite treatment. The duration of the patient&#039;s condition is also important. <a title=\"diabetes\" href=\"https:\/\/drnecatkaplan.com\/en\/diabetes\/\">diabetes<\/a> Their condition and insulin use are assessed. <b>Metabolic surgery<\/b>\u00a0The condition of the pancreas is assessed through prior examinations. This is because the most critical aspect expected from surgery is the pancreas&#039;s continued insulin secretion. Therefore, the patient&#039;s stage of obesity is considered along with the condition of the pancreas.<\/span><br \/>\n<img decoding=\"async\" class=\"alignnone size-full wp-image-7475\" src=\"https:\/\/drnecatkaplan.com\/wp-content\/uploads\/2021\/02\/tip-2-diyabetle-yasam.jpg\" alt=\"diabetes surgery\" width=\"1024\" height=\"736\" title=\"\" srcset=\"https:\/\/drnecatkaplan.com\/wp-content\/uploads\/2021\/02\/tip-2-diyabetle-yasam.jpg 1024w, https:\/\/drnecatkaplan.com\/wp-content\/uploads\/2021\/02\/tip-2-diyabetle-yasam-300x216.jpg 300w, https:\/\/drnecatkaplan.com\/wp-content\/uploads\/2021\/02\/tip-2-diyabetle-yasam-768x552.jpg 768w, https:\/\/drnecatkaplan.com\/wp-content\/uploads\/2021\/02\/tip-2-diyabetle-yasam-255x182.jpg 255w, https:\/\/drnecatkaplan.com\/wp-content\/uploads\/2021\/02\/tip-2-diyabetle-yasam-900x647.jpg 900w, https:\/\/drnecatkaplan.com\/wp-content\/uploads\/2021\/02\/tip-2-diyabetle-yasam-600x431.jpg 600w\" sizes=\"(max-width: 1024px) 100vw, 1024px\" \/><\/p>\n<h3><b>What are the risks and side effects of metabolic surgery?<\/b><\/h3>\n<p><span style=\"font-weight: 400;\">Like all surgical procedures, metabolic surgery carries certain risks. Complications such as bleeding, infection, leakage, and reactions to anesthesia can occur. The possibility of hernia formation at the surgically incisions over time is also present. Gallstone formation is also possible. However, compared to other operations...<strong> metabolic surgery<\/strong> This surgery falls into the category of procedures with very low risks. The experience and meticulousness of the surgeon are as important as the patient&#039;s level of care and attention to detail.<\/span><\/p>\n\n\t\t<\/div>\n\t<\/div>\n<\/div><\/div><\/div><div class=\"wpb_column vc_column_container vc_col-sm-3 vc_hidden-sm vc_hidden-xs\"><div class=\"vc_column-inner vc_custom_1613066254127\"><div class=\"wpb_wrapper\"><div id=\"fixedyap\" class=\"vc_row wpb_row vc_inner vc_row-fluid\"><div class=\"wpb_column vc_column_container vc_col-sm-12\"><div class=\"vc_column-inner\"><div class=\"wpb_wrapper\"><div class=\"vc_custom_heading vc_custom_1615538135776 text_align_center\" ><div style=\"font-size: 23px;color: #0a0a0a;text-align: center;font-family:PT Sans;font-weight:700;font-style:normal\" class=\"consulting-custom-title\">Get in touch<\/div><\/div>\n<div class=\"wpcf7 no-js\" id=\"wpcf7-f5-o1\" lang=\"tr-TR\" dir=\"ltr\" data-wpcf7-id=\"5\">\n<div class=\"screen-reader-response\"><p role=\"status\" aria-live=\"polite\" aria-atomic=\"true\"><\/p> <ul><\/ul><\/div>\n<form action=\"\/en\/wp-json\/wp\/v2\/pages\/8382#wpcf7-f5-o1\" method=\"post\" class=\"wpcf7-form init\" aria-label=\"Contact Form\" novalidate=\"novalidate\" data-status=\"init\" data-trp-original-action=\"\/en\/wp-json\/wp\/v2\/pages\/8382#wpcf7-f5-o1\">\n<fieldset class=\"hidden-fields-container\"><input type=\"hidden\" name=\"_wpcf7\" value=\"5\" \/><input type=\"hidden\" name=\"_wpcf7_version\" value=\"6.1.4\" \/><input type=\"hidden\" name=\"_wpcf7_locale\" value=\"tr_TR\" \/><input type=\"hidden\" name=\"_wpcf7_unit_tag\" value=\"wpcf7-f5-o1\" \/><input type=\"hidden\" name=\"_wpcf7_container_post\" value=\"0\" \/><input type=\"hidden\" name=\"_wpcf7_posted_data_hash\" value=\"\" \/>\n<\/fieldset>\n<p><label><span class=\"wpcf7-form-control-wrap\" data-name=\"your-name\"><input size=\"40\" maxlength=\"400\" class=\"wpcf7-form-control wpcf7-text wpcf7-validates-as-required\" aria-required=\"true\" aria-invalid=\"false\" placeholder=\"Name Surname\" value=\"\" type=\"text\" name=\"your-name\" \/><\/span> <\/label><label><span class=\"wpcf7-form-control-wrap\" data-name=\"your-email\"><input size=\"40\" maxlength=\"400\" class=\"wpcf7-form-control wpcf7-email wpcf7-validates-as-required wpcf7-text wpcf7-validates-as-email\" aria-required=\"true\" aria-invalid=\"false\" placeholder=\"E-mail\" value=\"\" type=\"email\" name=\"your-email\" \/><\/span> <\/label><label><span class=\"wpcf7-form-control-wrap\" data-name=\"your-tel\"><input size=\"40\" maxlength=\"400\" class=\"wpcf7-form-control wpcf7-text wpcf7-validates-as-required\" aria-required=\"true\" aria-invalid=\"false\" placeholder=\"Telephone\" value=\"\" type=\"text\" name=\"your-tel\" \/><\/span> <\/label><label><span class=\"wpcf7-form-control-wrap\" data-name=\"your-message\"><textarea cols=\"40\" rows=\"10\" maxlength=\"2000\" class=\"wpcf7-form-control wpcf7-textarea\" aria-invalid=\"false\" placeholder=\"Your message\" name=\"your-message\"><\/textarea><\/span> <\/label><label class=\"sil\"><span class=\"wpcf7-form-control-wrap\" data-name=\"aydinlatma-metni\"><span class=\"wpcf7-form-control wpcf7-acceptance\"><span class=\"wpcf7-list-item\"><label><input type=\"checkbox\" name=\"aydinlatma-metni\" value=\"1\" aria-invalid=\"false\" \/><span class=\"wpcf7-list-item-label\"><a target=\"\u201d_blank\u201d\" href=\"https:\/\/drnecatkaplan.com\/en\/illumination-text\/\">Information Text<\/a>I have read and agree with it.<\/span><\/label><\/span><\/span><\/span><\/label><br \/>\n<span class=\"wpcf7-form-control-wrap\" data-name=\"hcap-cf7\">\t\t<input\n\t\t\t\ttype=\"hidden\"\n\t\t\t\tclass=\"hcaptcha-widget-id\"\n\t\t\t\tname=\"hcaptcha-widget-id\"\n\t\t\t\tvalue=\"eyJzb3VyY2UiOlsiY29udGFjdC1mb3JtLTdcL3dwLWNvbnRhY3QtZm9ybS03LnBocCJdLCJmb3JtX2lkIjo1fQ==-603f2ad0671ee0acde069c9c32960f19\">\n\t\t\t\t<span id=\"hcap_cf7-69ffddf837e703.93815699\" class=\"wpcf7-form-control h-captcha\"\n\t\t\tdata-sitekey=\"471a5850-7bc4-49fe-bfe8-66d6d5e4b082\"\n\t\t\tdata-theme=\"light\"\n\t\t\tdata-size=\"normal\"\n\t\t\tdata-auto=\"false\"\n\t\t\tdata-ajax=\"false\"\n\t\t\tdata-force=\"false\">\n\t\t<\/span>\n\t\t<input type=\"hidden\" id=\"_wpnonce\" name=\"_wpnonce\" value=\"55caccf093\" \/><input type=\"hidden\" name=\"_wp_http_referer\" value=\"\/en\/wp-json\/wp\/v2\/pages\/8382\" \/><\/span><input class=\"wpcf7-form-control wpcf7-submit has-spinner\" type=\"submit\" value=\"Send\" \/>\n<\/p><p style=\"display: none !important;\" class=\"akismet-fields-container\" data-prefix=\"_wpcf7_ak_\"><label>\u0394<textarea name=\"_wpcf7_ak_hp_textarea\" cols=\"45\" rows=\"8\" maxlength=\"100\"><\/textarea><\/label><input type=\"hidden\" id=\"ak_js_1\" name=\"_wpcf7_ak_js\" value=\"104\"\/><script>document.getElementById( \"ak_js_1\" ).setAttribute( \"value\", ( new Date() ).getTime() );<\/script><\/p><input type='hidden' class='wpcf7-pum' value='{\"closepopup\":false,\"closedelay\":0,\"openpopup\":false,\"openpopup_id\":0}' \/><div class=\"wpcf7-response-output\" aria-hidden=\"true\"><\/div>\n<input type=\"hidden\" name=\"trp-form-language\" value=\"en\"\/><\/form>\n<\/div>\n<div class=\"vc_custom_heading vc_custom_1615538141464 text_align_center\" ><div style=\"font-size: 23px;color: #ffffff;text-align: center;font-family:PT Sans;font-weight:700;font-style:normal\" class=\"consulting-custom-title\">Diabetes<\/div><\/div><div class=\"vc_wp_custommenu wpb_content_element\"><div class=\"widget widget_nav_menu\"><div class=\"menu-diyabetcerrahi-container\"><ul id=\"menu-diyabetcerrahi\" class=\"menu\"><li id=\"menu-item-8515\" class=\"menu-item menu-item-type-post_type menu-item-object-page menu-item-8515\"><a href=\"https:\/\/drnecatkaplan.com\/en\/metabolic-surgery\/\">Metabolic Surgery Operation<\/a><\/li>\n<li id=\"menu-item-8513\" class=\"menu-item menu-item-type-post_type menu-item-object-page menu-item-8513\"><a href=\"https:\/\/drnecatkaplan.com\/en\/diabetes-surgery-2\/\">Diabetes Surgery<\/a><\/li>\n<li id=\"menu-item-8516\" class=\"menu-item menu-item-type-post_type menu-item-object-page menu-item-8516\"><a href=\"https:\/\/drnecatkaplan.com\/en\/hidden-sugar-prediabetes\/\">Prediabetes (Hidden Diabetes)<\/a><\/li>\n<li id=\"menu-item-8514\" class=\"menu-item menu-item-type-post_type menu-item-object-page menu-item-8514\"><a href=\"https:\/\/drnecatkaplan.com\/en\/type-2-diabetes-surgery\/\">Type 2 Diabetes Surgery<\/a><\/li>\n<li id=\"menu-item-8512\" class=\"menu-item menu-item-type-post_type menu-item-object-page menu-item-8512\"><a href=\"https:\/\/drnecatkaplan.com\/en\/diabetes\/\">Diabetes<\/a><\/li>\n<\/ul><\/div><\/div><\/div><\/div><\/div><\/div><\/div><\/div><\/div><\/div><\/div>\n<\/section>","protected":false},"excerpt":{"rendered":"Metabolik cerrahi ameliyat\u0131 toplumda \u015feker\u00a0 ve diyabet ameliyat\u0131 olarak bilinen ve buna ba\u011fl\u0131 hipertansiyon, obezite, y\u00fcksek seviye kolesterol gibi hastal\u0131klar\u0131 tedavi etmede kullan\u0131lan i\u015flemler b\u00fct\u00fcn\u00fcd\u00fcr. Bu hastal\u0131klar\u0131n cerrahi y\u00f6ntemlerle tedavi edilmesi nedeniyle metabolik cerrahi ad\u0131 kullan\u0131l\u0131r. Tedavi y\u00f6ntemi ba\u015fta tip 2 diyabet olmak \u00fczere metabolik hastal\u0131klar i\u00e7inde kullan\u0131lmaktad\u0131r. Hastan\u0131n sa\u011fl\u0131k durumu ve \u015fikayetine ba\u011fl\u0131 olarak","protected":false},"author":1,"featured_media":0,"parent":0,"menu_order":0,"comment_status":"closed","ping_status":"closed","template":"","meta":{"footnotes":""},"class_list":["post-8382","page","type-page","status-publish","hentry"],"_links":{"self":[{"href":"https:\/\/drnecatkaplan.com\/en\/wp-json\/wp\/v2\/pages\/8382","targetHints":{"allow":["GET"]}}],"collection":[{"href":"https:\/\/drnecatkaplan.com\/en\/wp-json\/wp\/v2\/pages"}],"about":[{"href":"https:\/\/drnecatkaplan.com\/en\/wp-json\/wp\/v2\/types\/page"}],"author":[{"embeddable":true,"href":"https:\/\/drnecatkaplan.com\/en\/wp-json\/wp\/v2\/users\/1"}],"replies":[{"embeddable":true,"href":"https:\/\/drnecatkaplan.com\/en\/wp-json\/wp\/v2\/comments?post=8382"}],"version-history":[{"count":0,"href":"https:\/\/drnecatkaplan.com\/en\/wp-json\/wp\/v2\/pages\/8382\/revisions"}],"wp:attachment":[{"href":"https:\/\/drnecatkaplan.com\/en\/wp-json\/wp\/v2\/media?parent=8382"}],"curies":[{"name":"wp","href":"https:\/\/api.w.org\/{rel}","templated":true}]}}