{"id":8364,"date":"2021-03-11T14:24:49","date_gmt":"2021-03-11T11:24:49","guid":{"rendered":"https:\/\/drnecatkaplan.com\/?page_id=8364"},"modified":"2026-01-21T14:36:59","modified_gmt":"2026-01-21T11:36:59","slug":"botox-pour-lestomac","status":"publish","type":"page","link":"https:\/\/drnecatkaplan.com\/fr\/botox-pour-lestomac\/","title":{"rendered":"Botox pour l&#039;estomac"},"content":{"rendered":"<section class=\"wpb-content-wrapper\"><div class=\"vc_row wpb_row vc_row-fluid vc_custom_1451991003825\"><div class=\"wpb_column vc_column_container vc_col-sm-12 vc_col-lg-9 vc_col-md-9\" id=\"yazilar\"><div class=\"vc_column-inner\"><div class=\"wpb_wrapper\">\n\t<div class=\"wpb_text_column wpb_content_element  vc_custom_1636539186018\" >\n\t\t<div class=\"wpb_wrapper\">\n\t\t\t<p><img decoding=\"async\" class=\"alignnone wp-image-8696\" src=\"https:\/\/drnecatkaplan.com\/wp-content\/uploads\/2021\/03\/mide-botoksu-gif-deneme-4.gif\" alt=\"Botox pour l&#039;estomac\" width=\"446\" height=\"284\" title=\"\"><\/p>\n<p>Dans cet article <strong>Qu&#039;est-ce que le botox abdominal ?<\/strong>, <strong>Comment se d\u00e9roule une injection de Botox au niveau de l&#039;estomac\u00a0?<\/strong>, Nous aborderons des questions telles que les avantages de la chirurgie de l&#039;ob\u00e9sit\u00e9. Ces derni\u00e8res ann\u00e9es, notamment sous l&#039;influence du d\u00e9veloppement technologique, la diminution de l&#039;activit\u00e9 physique et la s\u00e9dentarit\u00e9 qui en d\u00e9coule figurent parmi les principaux facteurs contribuant \u00e0 l&#039;augmentation de l&#039;ob\u00e9sit\u00e9. Consommation accrue de restauration rapide, alimentation d\u00e9s\u00e9quilibr\u00e9e, facteurs g\u00e9n\u00e9tiques, facteurs hormonaux\u2026 Quelle qu&#039;en soit la cause, si les personnes ob\u00e8ses ne parviennent pas \u00e0 perdre du poids malgr\u00e9 tous leurs efforts, elles peuvent envisager la chirurgie de l&#039;ob\u00e9sit\u00e9 et choisir la m\u00e9thode la plus adapt\u00e9e avec leur m\u00e9decin. Parmi les options disponibles, les injections de Botox gastrique, largement utilis\u00e9es ces vingt derni\u00e8res ann\u00e9es, constituent une bonne alternative pour ceux qui ne souhaitent pas subir d&#039;intervention chirurgicale.<\/p>\n<h2><strong>Qu&#039;est-ce que le Botox gastrique\u00a0? <\/strong><\/h2>\n<p><strong>Botox pour l&#039;estomac<\/strong> Il s&#039;agit d&#039;une proc\u00e9dure endoscopique. Une substance appel\u00e9e toxine botulique est inject\u00e9e dans l&#039;estomac par voie endoscopique. La fr\u00e9quence des contractions musculaires de l&#039;estomac diminue, ce qui ralentit la vidange gastrique. Cela contribue \u00e0 la perte de poids du patient en provoquant une diminution de l&#039;app\u00e9tit.<\/p>\n<p>Quand on parle de Botox, beaucoup pensent \u00e0 la chirurgie esth\u00e9tique. Dans son usage cosm\u00e9tique courant, l&#039;objectif est d&#039;att\u00e9nuer les signes du vieillissement en injectant une substance dans la peau. Cette m\u00e9thode a ensuite \u00e9t\u00e9 perfectionn\u00e9e et appliqu\u00e9e au niveau de l&#039;estomac.<\/p>\n<h3 class=\"h2\"><strong>Qui peut b\u00e9n\u00e9ficier d&#039;injections de Botox gastrique ?<\/strong><\/h3>\n<p>Le Botox gastrique est une proc\u00e9dure non chirurgicale qui peut \u00eatre propos\u00e9e \u00e0 de nombreuses personnes souhaitant perdre du poids. Il peut \u00eatre privil\u00e9gi\u00e9 par les patients qui ne parviennent pas \u00e0 maigrir en raison de facteurs g\u00e9n\u00e9tiques, de d\u00e9s\u00e9quilibres hormonaux ou d&#039;autres probl\u00e8mes de sant\u00e9. Bien qu&#039;il ne s&#039;agisse pas d&#039;une intervention chirurgicale, il est important que le patient ait pr\u00e9alablement essay\u00e9 de perdre du poids par le biais d&#039;un r\u00e9gime alimentaire et d&#039;une activit\u00e9 physique. Les personnes n&#039;ayant pas obtenu les r\u00e9sultats escompt\u00e9s et pr\u00e9sentant un exc\u00e8s de poids de 10 \u00e0 20 kilos peuvent envisager cette proc\u00e9dure.<\/p>\n<p><strong>Botox pour l&#039;estomac<\/strong> Ce traitement n&#039;est pas adapt\u00e9 aux patients souffrant d&#039;ob\u00e9sit\u00e9 s\u00e9v\u00e8re. En d&#039;autres termes, il est difficile d&#039;obtenir des r\u00e9sultats satisfaisants chez les personnes ayant un indice de masse corporelle (IMC) sup\u00e9rieur ou \u00e9gal \u00e0 40. De plus, les personnes souffrant d&#039;ulc\u00e8res d&#039;estomac ou de gastrite doivent d&#039;abord \u00eatre trait\u00e9es pour ces affections. Le Botox gastrique est \u00e9galement d\u00e9conseill\u00e9 aux femmes enceintes ou allaitantes.<\/p>\n<p><iframe style=\"width: 100%; height: 457px;\" src=\"https:\/\/www.youtube.com\/embed\/mygbU6-lwEY\" frameborder=\"0\" allowfullscreen=\"allowfullscreen\"><\/iframe><\/p>\n<h3 class=\"h2\">Comment se d\u00e9roule une injection de Botox \u00e0 l&#039;estomac\u00a0?<\/h3>\n<p>Les premi\u00e8res exp\u00e9riences sur le Botox gastrique ont \u00e9t\u00e9 men\u00e9es au d\u00e9but des ann\u00e9es 2000. Cependant, en raison de probl\u00e8mes rencontr\u00e9s lors de son application, les \u00e9tudes ont \u00e9t\u00e9 suspendues pendant une longue p\u00e9riode. Lorsque d&#039;autres effets de la toxine utilis\u00e9e dans les injections de Botox ont \u00e9t\u00e9 observ\u00e9s\u2026 <strong>Botox pour l&#039;estomac<\/strong> La proc\u00e9dure a repris. Son application repose essentiellement sur le principe de la pression exerc\u00e9e sur l&#039;estomac de deux mani\u00e8res diff\u00e9rentes. La toxine permet de r\u00e9tr\u00e9cir (ou d&#039;emp\u00eacher la dilatation) l&#039;orifice de sortie de l&#039;estomac vers l&#039;intestin et de supprimer les hormones stimulant l&#039;app\u00e9tit. Pour obtenir ces r\u00e9sultats et une perte de poids rapide, la proc\u00e9dure devrait id\u00e9alement \u00eatre r\u00e9alis\u00e9e par un m\u00e9decin qualifi\u00e9. <strong>Comment se d\u00e9roule une injection de Botox dans l&#039;estomac\u00a0?<\/strong> Nous avons compil\u00e9 la r\u00e9ponse \u00e0 la question sous forme de points cl\u00e9s\u00a0:<\/p>\n<ul>\n<li>Le Botox gastrique n&#039;est pas adapt\u00e9 \u00e0 tous. Plusieurs conditions physiques et psychologiques sont requises. La plus importante est un indice de masse corporelle inf\u00e9rieur ou \u00e9gal \u00e0 32,5. Un bilan complet est r\u00e9alis\u00e9 pour v\u00e9rifier ces conditions.<\/li>\n<li>Une fois que l&#039;\u00e9ligibilit\u00e9 du patient \u00e0 l&#039;injection de Botox gastrique est confirm\u00e9e, une date d&#039;intervention est fix\u00e9e. S&#039;agissant d&#039;une proc\u00e9dure simple, elle peut \u00eatre r\u00e9alis\u00e9e le jour m\u00eame de l&#039;examen.<\/li>\n<li>Le patient est endormi sous s\u00e9dation. \u00c9tant endormi, il ne ressent aucune douleur ni g\u00eane.<\/li>\n<li>Un endoscope est ins\u00e9r\u00e9 par la bouche du patient afin d&#039;examiner l&#039;\u00e9tat de l&#039;\u0153sophage et de l&#039;estomac. Si des masses ou des l\u00e9sions sont d\u00e9tect\u00e9es, l&#039;intervention est annul\u00e9e. Les signes de reflux gastro-\u0153sophagien et de gastrite sont \u00e9galement recherch\u00e9s. Si l&#039;\u0153sophage et l&#039;estomac sont sains, le patient est pr\u00eat pour l&#039;op\u00e9ration.<\/li>\n<li>Un dispositif d&#039;injection sp\u00e9cial est introduit dans l&#039;endoscope.<\/li>\n<li>L&#039;injection est d&#039;abord pratiqu\u00e9e \u00e0 la base de l&#039;estomac, pr\u00e9cis\u00e9ment au niveau du sphincter \u0153sophagien inf\u00e9rieur. L&#039;objectif principal est de ralentir la vidange gastrique, prolongeant ainsi la sensation de sati\u00e9t\u00e9.<\/li>\n<li>Une fois l&#039;injection dans le bas-ventre termin\u00e9e, des injections sont pratiqu\u00e9es dans la r\u00e9gion m\u00e9diane de l&#039;estomac, \u00e0 certains points pr\u00e9cis.<\/li>\n<li>Une fois la partie m\u00e9diane trait\u00e9e, des injections sont pratiqu\u00e9es dans la partie sup\u00e9rieure de l&#039;estomac, \u00e0 l&#039;endroit o\u00f9 l&#039;activit\u00e9 hormonale est la plus \u00e9lev\u00e9e. L&#039;objectif est ici de supprimer l&#039;app\u00e9tit.<\/li>\n<li>Bien que cela varie d&#039;un patient \u00e0 l&#039;autre, en moyenne, les injections de toxine sont administr\u00e9es \u00e0 vingt-quatre sites diff\u00e9rents.<\/li>\n<li>Le patient reste endormi pendant une heure, op\u00e9ration comprise.<\/li>\n<li>Au r\u00e9veil, il\/elle ne ressent aucune douleur, aucun inconfort ni aucune naus\u00e9e.<\/li>\n<li>S&#039;il a un emploi, il peut aller travailler imm\u00e9diatement ; sinon, il peut rentrer chez lui.<\/li>\n<\/ul>\n<p>Voici, de mani\u00e8re g\u00e9n\u00e9rale, la proc\u00e9dure d&#039;injection de Botox. Certains m\u00e9decins peuvent toutefois adapter le processus. Apr\u00e8s avoir abord\u00e9 l&#039;administration du Botox au niveau de l&#039;estomac, passons \u00e0 ses avantages.<br \/>\n<img decoding=\"async\" class=\"alignnone size-full wp-image-7532\" src=\"https:\/\/drnecatkaplan.com\/wp-content\/uploads\/2021\/02\/mide-b0t0ksunun-avantajlari-nelerdir.jpg\" alt=\"Botox pour l&#039;estomac\" width=\"1024\" height=\"614\" title=\"\"><\/p>\n<h3 class=\"h2\">Quels sont les avantages du Botox gastrique ?<\/h3>\n<p>Les injections de Botox gastrique sont une proc\u00e9dure relativement r\u00e9cente, et leur fr\u00e9quence d&#039;utilisation reste encore faible. Cependant, leur simplicit\u00e9 et la convalescence post-op\u00e9ratoire confortable contribuent \u00e0 leur popularit\u00e9 croissante. <strong>Avantages du botox de l&#039;estomac<\/strong> Elles peuvent \u00eatre \u00e9num\u00e9r\u00e9es comme suit\u00a0:<\/p>\n<ul>\n<li>De l\u00e9g\u00e8res douleurs, des ecchymoses et un gonflement sont possibles apr\u00e8s l&#039;op\u00e9ration, mais ils ne devraient pas \u00eatre suffisamment importants pour causer une g\u00eane significative au patient.<\/li>\n<li>Bien que les incisions commencent \u00e0 cicatriser d\u00e8s la fin de la premi\u00e8re semaine, il faut jusqu&#039;\u00e0 deux mois pour que les r\u00e9sultats soient clairement visibles.<\/li>\n<li>En conclusion, la liposuccion, technique d&#039;\u00e9limination des graisses, est une intervention complexe en constante \u00e9volution qui, de par sa m\u00e9thode d&#039;application, compl\u00e8te d&#039;autres interventions de chirurgie esth\u00e9tique. Bien que la m\u00e9thode utilis\u00e9e puisse varier d&#039;un patient \u00e0 l&#039;autre, elle repose fondamentalement sur des variantes de la technique classique de liposuccion.<\/li>\n<li>Le processus peut \u00eatre r\u00e9p\u00e9t\u00e9 plusieurs fois sans aucun probl\u00e8me.<\/li>\n<li>L&#039;intervention ne prend pas plus d&#039;une heure.<\/li>\n<li>L&#039;intervention ne provoque ni douleur, ni g\u00eane, ni naus\u00e9e.<\/li>\n<li>Le patient peut reprendre sa vie sociale imm\u00e9diatement apr\u00e8s l&#039;intervention.<\/li>\n<li>Associ\u00e9e \u00e0 de l&#039;exercice physique et \u00e0 un r\u00e9gime alimentaire adapt\u00e9, elle peut vous aider \u00e0 perdre de vingt \u00e0 trente pour cent de votre poids actuel.<\/li>\n<li>Il est relativement peu nocif en termes d&#039;effets secondaires. Autrement dit, les effets secondaires \u00e9ventuels sont minimes et insignifiants s&#039;il est administr\u00e9 par un m\u00e9decin comp\u00e9tent.<\/li>\n<li>Son objectif est de favoriser une perte de poids saine, r\u00e9guli\u00e8re et durable.<\/li>\n<\/ul>\n<p>Apr\u00e8s avoir \u00e9voqu\u00e9 les avantages du botox gastrique, passons maintenant \u00e0 la nutrition post-botox gastrique.<\/p>\n<p><img decoding=\"async\" class=\"alignnone size-full wp-image-7533\" src=\"https:\/\/drnecatkaplan.com\/wp-content\/uploads\/2021\/02\/mide-b0t0ksunun-yan-etkisi-veya-riskleri-var-midir.jpg\" alt=\"Botox pour l&#039;estomac\" width=\"1024\" height=\"680\" title=\"\"><\/p>\n<h4 class=\"h2\"><strong>Comment s&#039;alimenter apr\u00e8s des injections de Botox au niveau de l&#039;estomac\u00a0?<\/strong><\/h4>\n<p>Les patients ayant subi des injections de Botox gastrique doivent porter une attention particuli\u00e8re \u00e0 leur alimentation. Il est conseill\u00e9 de commencer \u00e0 boire des liquides 2 \u00e0 3 heures apr\u00e8s l&#039;intervention. Apr\u00e8s trois jours de consommation exclusivement liquide, il est recommand\u00e9 d&#039;introduire progressivement des aliments riches en prot\u00e9ines. En effet, alors que ces aliments restent normalement 4 heures dans l&#039;estomac, leur dur\u00e9e de s\u00e9jour peut \u00eatre jusqu&#039;\u00e0 trois fois plus longue chez les personnes ayant re\u00e7u des injections de Botox. Les prot\u00e9ines, plus difficiles \u00e0 dig\u00e9rer, ont des propri\u00e9t\u00e9s br\u00fble-graisses, favorisant ainsi la perte de poids. Outre une hydratation suffisante, il est \u00e9galement important de privil\u00e9gier les l\u00e9gumes.<\/p>\n<p>Les personnes ayant subi des injections de Botox gastrique doivent \u00e9viter les aliments sucr\u00e9s, car cela r\u00e9duit l&#039;efficacit\u00e9 du traitement. Elles doivent donc \u00e9viter le sucre et tous les aliments sucr\u00e9s, les boissons acides et gazeuses, les aliments trop gras et ceux riches en glucides. La consommation d&#039;alcool et le tabagisme doivent \u00eatre totalement arr\u00eat\u00e9s.<\/p>\n<h4 class=\"h2\"><strong>Quels sont les examens r\u00e9alis\u00e9s avant une injection de Botox gastrique\u00a0?<\/strong><\/h4>\n<p>Avant les injections de Botox, plusieurs examens doivent \u00eatre r\u00e9alis\u00e9s afin d&#039;exclure toute contre-indication. La gastrite ou les ulc\u00e8res de l&#039;estomac, les ulc\u00e8res duod\u00e9naux ou affections apparent\u00e9es, ainsi qu&#039;une allergie au Botox constituent des contre-indications. Outre les analyses de sang, un test de grossesse est \u00e9galement requis.<\/p>\n<h4 class=\"h2\"><strong>Quelles pr\u00e9cautions faut-il prendre apr\u00e8s une injection de Botox dans l&#039;estomac\u00a0?<\/strong><\/h4>\n<p>Les personnes ayant recours aux injections de Botox gastrique peuvent reprendre leurs activit\u00e9s quotidiennes sans difficult\u00e9. Toutefois, certaines r\u00e8gles doivent \u00eatre respect\u00e9es. Apr\u00e8s l&#039;intervention, il est imp\u00e9ratif de suivre le r\u00e9gime alimentaire prescrit ou recommand\u00e9. L&#039;alcool et le tabac doivent \u00eatre totalement proscrits, car ils affectent n\u00e9gativement les muscles de l&#039;estomac. La consommation de restauration rapide r\u00e9duit l&#039;efficacit\u00e9 du Botox et peut m\u00eame la rendre inefficace. L&#039;alimentation est donc primordiale. L&#039;implication et la motivation du patient jouent un r\u00f4le important dans l&#039;efficacit\u00e9 du Botox. Pratiquer une activit\u00e9 physique r\u00e9guli\u00e8re acc\u00e9l\u00e8re la perte de poids et contribue \u00e0 des r\u00e9sultats durables. En suivant ces recommandations, il est possible d&#039;atteindre l&#039;objectif de poids souhait\u00e9 en 4 \u00e0 6 semaines.<\/p>\n<h4 class=\"h2\"><strong>Quels sont les effets secondaires du Botox gastrique\u00a0?<\/strong><\/h4>\n<p>Apr\u00e8s l&#039;intervention, la sensation de faim diminue en 2 \u00e0 3 jours. Ce r\u00e9sultat est normal et souhait\u00e9. La perte de poids d\u00e9bute apr\u00e8s 2 semaines et se poursuit pendant environ 6 mois. Le Botox n&#039;est pas une m\u00e9thode permanente. L&#039;effet de la substance inject\u00e9e dans l&#039;estomac s&#039;estompe en 6 mois. Pendant cette p\u00e9riode, la perte de poids se produit sans aucun dommage durable pour l&#039;organisme. \u00c0 ce jour, aucun effet secondaire ni dommage li\u00e9 aux injections de Botox dans l&#039;estomac n&#039;a \u00e9t\u00e9 rapport\u00e9. Cependant, cette proc\u00e9dure est contre-indiqu\u00e9e chez les personnes souffrant de troubles musculo-squelettiques ou d&#039;allergies au Botox, et ne leur est donc pas recommand\u00e9e.<\/p>\n\n\t\t<\/div>\n\t<\/div>\n<\/div><\/div><\/div><div class=\"wpb_column vc_column_container vc_col-sm-3 vc_hidden-sm vc_hidden-xs\"><div class=\"vc_column-inner vc_custom_1613066254127\"><div class=\"wpb_wrapper\"><div id=\"fixedyap\" class=\"vc_row wpb_row vc_inner vc_row-fluid\"><div class=\"wpb_column vc_column_container vc_col-sm-12\"><div class=\"vc_column-inner\"><div class=\"wpb_wrapper\"><div class=\"vc_custom_heading vc_custom_1615538288654 text_align_center\" ><div style=\"font-size: 23px;color: #0a0a0a;text-align: center;font-family:PT Sans;font-weight:700;font-style:normal\" class=\"consulting-custom-title\">Entrer en contact<\/div><\/div>\n<div class=\"wpcf7 no-js\" id=\"wpcf7-f5-o1\" lang=\"tr-TR\" dir=\"ltr\" data-wpcf7-id=\"5\">\n<div class=\"screen-reader-response\"><p role=\"status\" aria-live=\"polite\" aria-atomic=\"true\"><\/p> <ul><\/ul><\/div>\n<form action=\"\/fr\/wp-json\/wp\/v2\/pages\/8364#wpcf7-f5-o1\" method=\"post\" class=\"wpcf7-form init\" aria-label=\"Formulaire de contact\" novalidate=\"novalidate\" data-status=\"init\" data-trp-original-action=\"\/fr\/wp-json\/wp\/v2\/pages\/8364#wpcf7-f5-o1\">\n<fieldset class=\"hidden-fields-container\"><input type=\"hidden\" name=\"_wpcf7\" value=\"5\" \/><input type=\"hidden\" name=\"_wpcf7_version\" value=\"6.1.4\" \/><input type=\"hidden\" name=\"_wpcf7_locale\" value=\"tr_TR\" \/><input type=\"hidden\" name=\"_wpcf7_unit_tag\" value=\"wpcf7-f5-o1\" \/><input type=\"hidden\" name=\"_wpcf7_container_post\" value=\"0\" \/><input type=\"hidden\" name=\"_wpcf7_posted_data_hash\" value=\"\" \/>\n<\/fieldset>\n<p><label><span class=\"wpcf7-form-control-wrap\" data-name=\"your-name\"><input size=\"40\" maxlength=\"400\" class=\"wpcf7-form-control wpcf7-text wpcf7-validates-as-required\" aria-required=\"true\" aria-invalid=\"false\" placeholder=\"Nom Pr\u00e9nom Nom de famille\" value=\"\" type=\"text\" name=\"your-name\" \/><\/span> <\/label><label><span class=\"wpcf7-form-control-wrap\" data-name=\"your-email\"><input size=\"40\" maxlength=\"400\" class=\"wpcf7-form-control wpcf7-email wpcf7-validates-as-required wpcf7-text wpcf7-validates-as-email\" aria-required=\"true\" aria-invalid=\"false\" placeholder=\"E-mail\" value=\"\" type=\"email\" name=\"your-email\" \/><\/span> <\/label><label><span class=\"wpcf7-form-control-wrap\" data-name=\"your-tel\"><input size=\"40\" maxlength=\"400\" class=\"wpcf7-form-control wpcf7-text wpcf7-validates-as-required\" aria-required=\"true\" aria-invalid=\"false\" placeholder=\"T\u00e9l\u00e9phone\" value=\"\" type=\"text\" name=\"your-tel\" \/><\/span> <\/label><label><span class=\"wpcf7-form-control-wrap\" data-name=\"your-message\"><textarea cols=\"40\" rows=\"10\" maxlength=\"2000\" class=\"wpcf7-form-control wpcf7-textarea\" aria-invalid=\"false\" placeholder=\"Votre message\" name=\"your-message\"><\/textarea><\/span> <\/label><label class=\"sil\"><span class=\"wpcf7-form-control-wrap\" data-name=\"aydinlatma-metni\"><span class=\"wpcf7-form-control wpcf7-acceptance\"><span class=\"wpcf7-list-item\"><label><input type=\"checkbox\" name=\"aydinlatma-metni\" value=\"1\" aria-invalid=\"false\" \/><span class=\"wpcf7-list-item-label\"><a target=\"\u201d_blank\u201d\" href=\"https:\/\/drnecatkaplan.com\/fr\/texte-dillumination\/\">Texte d&#039;information<\/a>Je l&#039;ai lu et je suis d&#039;accord.<\/span><\/label><\/span><\/span><\/span><\/label><br \/>\n<span class=\"wpcf7-form-control-wrap\" data-name=\"hcap-cf7\">\t\t<input\n\t\t\t\ttype=\"hidden\"\n\t\t\t\tclass=\"hcaptcha-widget-id\"\n\t\t\t\tname=\"hcaptcha-widget-id\"\n\t\t\t\tvalue=\"eyJzb3VyY2UiOlsiY29udGFjdC1mb3JtLTdcL3dwLWNvbnRhY3QtZm9ybS03LnBocCJdLCJmb3JtX2lkIjo1fQ==-603f2ad0671ee0acde069c9c32960f19\">\n\t\t\t\t<span id=\"hcap_cf7-6a007245206584.67327207\" class=\"wpcf7-form-control h-captcha\"\n\t\t\tdata-sitekey=\"471a5850-7bc4-49fe-bfe8-66d6d5e4b082\"\n\t\t\tdata-theme=\"light\"\n\t\t\tdata-size=\"normal\"\n\t\t\tdata-auto=\"false\"\n\t\t\tdata-ajax=\"false\"\n\t\t\tdata-force=\"false\">\n\t\t<\/span>\n\t\t<input type=\"hidden\" id=\"_wpnonce\" name=\"_wpnonce\" value=\"55caccf093\" \/><input type=\"hidden\" name=\"_wp_http_referer\" value=\"\/fr\/wp-json\/wp\/v2\/pages\/8364\" \/><\/span><input class=\"wpcf7-form-control wpcf7-submit has-spinner\" type=\"submit\" value=\"Envoyer\" \/>\n<\/p><p style=\"display: none !important;\" class=\"akismet-fields-container\" data-prefix=\"_wpcf7_ak_\"><label>\u0394<textarea name=\"_wpcf7_ak_hp_textarea\" cols=\"45\" rows=\"8\" maxlength=\"100\"><\/textarea><\/label><input type=\"hidden\" id=\"ak_js_1\" name=\"_wpcf7_ak_js\" value=\"148\"\/><script>document.getElementById( \"ak_js_1\" ).setAttribute( \"value\", ( new Date() ).getTime() );<\/script><\/p><input type='hidden' class='wpcf7-pum' value='{\"closepopup\":false,\"closedelay\":0,\"openpopup\":false,\"openpopup_id\":0}' \/><div class=\"wpcf7-response-output\" aria-hidden=\"true\"><\/div>\n<input type=\"hidden\" name=\"trp-form-language\" value=\"fr\"\/><\/form>\n<\/div>\n<div class=\"vc_custom_heading vc_custom_1615538294320 text_align_center\" ><div style=\"font-size: 23px;color: #ffffff;text-align: center;font-family:PT Sans;font-weight:700;font-style:normal\" class=\"consulting-custom-title\">Ob\u00e9sit\u00e9<\/div><\/div><div class=\"vc_wp_custommenu wpb_content_element\"><div class=\"widget widget_nav_menu\"><div class=\"menu-obezitecerrahi-container\"><ul id=\"menu-obezitecerrahi\" class=\"menu\"><li id=\"menu-item-8507\" class=\"menu-item menu-item-type-post_type menu-item-object-page menu-item-8507\"><a href=\"https:\/\/drnecatkaplan.com\/fr\/sleeve-gastrectomie\/\">sleeve gastrectomie<\/a><\/li>\n<li id=\"menu-item-8508\" class=\"menu-item menu-item-type-post_type menu-item-object-page menu-item-8508\"><a href=\"https:\/\/drnecatkaplan.com\/fr\/reduction-de-lestomac\/\">chirurgie de r\u00e9duction de l&#039;estomac<\/a><\/li>\n<li id=\"menu-item-8509\" class=\"menu-item menu-item-type-post_type menu-item-object-page menu-item-8509\"><a href=\"https:\/\/drnecatkaplan.com\/fr\/chirurgie-de-pontage-gastrique\/\">chirurgie de pontage gastrique<\/a><\/li>\n<li id=\"menu-item-8510\" class=\"menu-item menu-item-type-post_type menu-item-object-page menu-item-8510\"><a href=\"https:\/\/drnecatkaplan.com\/fr\/botox-pour-lestomac\/\">Botox pour l&#039;estomac<\/a><\/li>\n<li id=\"menu-item-8511\" class=\"menu-item menu-item-type-post_type menu-item-object-page menu-item-8511\"><a href=\"https:\/\/drnecatkaplan.com\/fr\/ballon-gastrique\/\">ballon gastrique<\/a><\/li>\n<\/ul><\/div><\/div><\/div><\/div><\/div><\/div><\/div><\/div><\/div><\/div><\/div>\n<\/section>","protected":false},"excerpt":{"rendered":"Bu yaz\u0131m\u0131zda mide b0t0ksu nedir, mide b0t0ksu nas\u0131l yap\u0131l\u0131r, avantajlar\u0131 nelerdir gibi sorular\u0131n cevaplar\u0131na de\u011finece\u011fiz. Son y\u0131llarda \u00f6zellikle geli\u015fen teknolojinin de etkisiyle beden g\u00fcc\u00fcn\u00fcn daha az kullan\u0131lmas\u0131 ve beraberinde gelen hareketsiz ya\u015fam tarz\u0131 obezitenin artmas\u0131na neden olan ba\u015fl\u0131ca fakt\u00f6rler aras\u0131nda yer al\u0131r. Fast food t\u00fcketiminin artmas\u0131, sa\u011fl\u0131ks\u0131z beslenme, genetik fakt\u00f6rler, hormonal sebepler\u2026 Nedeni her ne","protected":false},"author":1,"featured_media":0,"parent":0,"menu_order":0,"comment_status":"closed","ping_status":"closed","template":"","meta":{"footnotes":""},"class_list":["post-8364","page","type-page","status-publish","hentry"],"_links":{"self":[{"href":"https:\/\/drnecatkaplan.com\/fr\/wp-json\/wp\/v2\/pages\/8364","targetHints":{"allow":["GET"]}}],"collection":[{"href":"https:\/\/drnecatkaplan.com\/fr\/wp-json\/wp\/v2\/pages"}],"about":[{"href":"https:\/\/drnecatkaplan.com\/fr\/wp-json\/wp\/v2\/types\/page"}],"author":[{"embeddable":true,"href":"https:\/\/drnecatkaplan.com\/fr\/wp-json\/wp\/v2\/users\/1"}],"replies":[{"embeddable":true,"href":"https:\/\/drnecatkaplan.com\/fr\/wp-json\/wp\/v2\/comments?post=8364"}],"version-history":[{"count":0,"href":"https:\/\/drnecatkaplan.com\/fr\/wp-json\/wp\/v2\/pages\/8364\/revisions"}],"wp:attachment":[{"href":"https:\/\/drnecatkaplan.com\/fr\/wp-json\/wp\/v2\/media?parent=8364"}],"curies":[{"name":"wp","href":"https:\/\/api.w.org\/{rel}","templated":true}]}}