{"id":8379,"date":"2021-03-11T14:36:13","date_gmt":"2021-03-11T11:36:13","guid":{"rendered":"https:\/\/drnecatkaplan.com\/?page_id=8379"},"modified":"2026-01-21T14:41:42","modified_gmt":"2026-01-21T11:41:42","slug":"chirurgie-du-diabete-de-type-2","status":"publish","type":"page","link":"https:\/\/drnecatkaplan.com\/fr\/chirurgie-du-diabete-de-type-2\/","title":{"rendered":"chirurgie du diab\u00e8te de type 2"},"content":{"rendered":"<section class=\"wpb-content-wrapper\"><div class=\"vc_row wpb_row vc_row-fluid vc_custom_1451991003825\"><div class=\"wpb_column vc_column_container vc_col-sm-12 vc_col-lg-9 vc_col-md-9\" id=\"yazilar\"><div class=\"vc_column-inner\"><div class=\"wpb_wrapper\">\n\t<div class=\"wpb_text_column wpb_content_element  vc_custom_1626177039900\" >\n\t\t<div class=\"wpb_wrapper\">\n\t\t\t<p><img decoding=\"async\" class=\"alignnone wp-image-8752\" src=\"https:\/\/drnecatkaplan.com\/wp-content\/uploads\/2021\/03\/tip-2-gif-deneme.gif\" alt=\"chirurgie du diab\u00e8te de type 2\" width=\"595\" height=\"371\" title=\"\"><\/p>\n<p><span style=\"font-weight: 400;\">Le diab\u00e8te, aussi appel\u00e9 maladie du sucre, peut \u00eatre caus\u00e9 par la s\u00e9dentarit\u00e9, une alimentation d\u00e9s\u00e9quilibr\u00e9e ou des facteurs g\u00e9n\u00e9tiques. Les taux d&#039;insuline \u00e9tant diff\u00e9rents entre le diab\u00e8te de type 1 et le diab\u00e8te de type 2, l&#039;\u00e9ligibilit\u00e9 \u00e0 la chirurgie varie \u00e9galement. La chirurgie n&#039;est possible que pour les patients atteints de diab\u00e8te de type 2.\u00a0<\/span><span style=\"font-weight: 400;\">Dans le diab\u00e8te de type 1, l&#039;insuline n&#039;est pas produite. Dans le diab\u00e8te de type 2, l&#039;insuline est produite mais ne peut \u00eatre utilis\u00e9e. Par cons\u00e9quent, la glyc\u00e9mie reste constamment \u00e9lev\u00e9e. Ceci peut entra\u00eener des l\u00e9sions des tissus et des organes. \u00c0 partir de ces informations, examinons ce qu&#039;est le diab\u00e8te de type 2, ses sympt\u00f4mes et le processus post-op\u00e9ratoire.<\/span><\/p>\n<h2><b>Qu\u2019est-ce que la chirurgie du diab\u00e8te de type 2\u00a0?<\/b><\/h2>\n<p><span style=\"font-weight: 400;\"><strong>chirurgie du diab\u00e8te de type 2<\/strong> Cette intervention permet aux patients atteints de diab\u00e8te de type 2 de reprendre l&#039;utilisation de leur insuline actuelle devenue inutilisable. La glyc\u00e9mie \u00e9lev\u00e9e est ramen\u00e9e \u00e0 la normale gr\u00e2ce \u00e0 cette proc\u00e9dure chirurgicale.\u00a0<\/span><\/p>\n<p><span style=\"font-weight: 400;\">Chez les patients atteints de diab\u00e8te de type 2, si la maladie ne peut \u00eatre contr\u00f4l\u00e9e par les m\u00e9dicaments et entra\u00eene des l\u00e9sions tissulaires et organiques, une intervention chirurgicale devient n\u00e9cessaire. Les personnes souffrant d&#039;ob\u00e9sit\u00e9 li\u00e9e au diab\u00e8te de type 2 peuvent \u00e9galement b\u00e9n\u00e9ficier de cette intervention.<\/span><\/p>\n<p><span style=\"font-weight: 400;\">Cette intervention laparoscopique consiste \u00e0 retirer la moiti\u00e9 de l&#039;estomac et \u00e0 modifier la position de l&#039;intestin gr\u00eale. Ceci stimule le pancr\u00e9as \u00e0 s\u00e9cr\u00e9ter de l&#039;insuline, normalisant ainsi le taux d&#039;insuline. Le patient est alors gu\u00e9ri du diab\u00e8te de type 2 et de l&#039;ob\u00e9sit\u00e9 qui en d\u00e9coule.\u00a0<\/span><\/p>\n<h2>Sympt\u00f4mes et diagnostic du diab\u00e8te de type 2<\/h2>\n<p>Les sympt\u00f4mes du diab\u00e8te ne varient g\u00e9n\u00e9ralement pas selon le type. Les deux... <a href=\"https:\/\/drnecatkaplan.com\/fr\/diabete-de-type-1\/\">diab\u00e8te de type 1<\/a> chez les patients \u00e9galement <strong>sympt\u00f4mes du diab\u00e8te de type 2<\/strong> Ces deux types de diab\u00e8te sont similaires. Cependant, leur vitesse d&#039;\u00e9volution varie selon le type. Dans le diab\u00e8te de type 1, la progression est rapide, rendant les sympt\u00f4mes faciles \u00e0 rep\u00e9rer. Dans le diab\u00e8te de type 2, la maladie progresse insidieusement, si bien que les sympt\u00f4mes peuvent appara\u00eetre de fa\u00e7on peu significative. Le diagnostic est g\u00e9n\u00e9ralement pos\u00e9 lors d&#039;une consultation m\u00e9dicale pour des sympt\u00f4mes, ou au cours d&#039;examens r\u00e9alis\u00e9s pour d&#039;autres pathologies. La pr\u00e9sence d&#039;un diab\u00e8te peut \u00eatre confirm\u00e9e par des analyses de sang, d&#039;urine et des dosages hormonaux. Un m\u00e9decin sp\u00e9cialiste peut \u00e9galement diagnostiquer un diab\u00e8te de type 2 par un simple examen clinique.<\/p>\n<p>Les sympt\u00f4mes du diab\u00e8te de type 2 comprennent\u00a0:<\/p>\n<ul>\n<li>Les patients ressentent une soif intense, m\u00eame en l&#039;absence d&#039;effort physique. Leurs l\u00e8vres et leur bouche sont constamment s\u00e8ches.<\/li>\n<li>Une soif intense entra\u00eene une augmentation de la consommation d&#039;eau. Cette augmentation de l&#039;apport hydrique provoque une augmentation de la fr\u00e9quence des mictions. Par ailleurs, une perte de liquides peut survenir ind\u00e9pendamment de la consommation d&#039;eau.<\/li>\n<li>Un d\u00e9s\u00e9quilibre dans la sensation de faim et la persistance de cette sensation sont les sympt\u00f4mes les plus \u00e9vidents. Ce sympt\u00f4me r\u00e9sulte du cercle vicieux engendr\u00e9 par un dysfonctionnement de l&#039;insuline.<\/li>\n<li>La vision floue est due \u00e0 des l\u00e9sions des nerfs et des capillaires de l&#039;\u0153il.<\/li>\n<li>Une glyc\u00e9mie constamment \u00e9lev\u00e9e indique que le sucre ne peut \u00eatre utilis\u00e9 comme source d&#039;\u00e9nergie. Cela entra\u00eene une baisse d&#039;\u00e9nergie. Les personnes diab\u00e9tiques sont g\u00e9n\u00e9ralement faibles et fatigu\u00e9es.<\/li>\n<li>Les patients diab\u00e9tiques subissent davantage de l\u00e9sions tissulaires. De plus, la r\u00e9paration des tissus endommag\u00e9s est longue. Il est possible d&#039;observer des plaies cutan\u00e9es qui ne cicatrisent pas.<\/li>\n<li>Lorsque le taux de sucre dans le sang augmente excessivement, les reins tentent d&#039;\u00e9liminer le sucre. Par cons\u00e9quent, du sucre peut \u00eatre d\u00e9tect\u00e9 dans les urines du patient.<\/li>\n<li>Le diab\u00e8te s&#039;attaque d&#039;abord aux pieds. Les cellules nerveuses et les vaisseaux sanguins des pieds sont endommag\u00e9s, ce qui provoque des sensations telles que des picotements, une sensation de chaleur et des d\u00e9mangeaisons.<\/li>\n<li>Les patients atteints de diab\u00e8te de type 2 souffrent souvent de d\u00e9mangeaisons persistantes et inexplicables dans des zones sans lien apparent avec la maladie principale.<br \/>\nLe risque de d\u00e9velopper une infection dans l&#039;organisme augmente.<\/li>\n<\/ul>\n<p>Voici les sympt\u00f4mes de la maladie. Ils peuvent \u00eatre tous pr\u00e9sents, ou seulement certains. Cela est enti\u00e8rement li\u00e9 \u00e0 l&#039;\u00e9volution du diab\u00e8te de type 2.<\/p>\n<h3><b>Qui peut b\u00e9n\u00e9ficier d&#039;une chirurgie du diab\u00e8te de type 2\u00a0?<\/b><\/h3>\n<p><span style=\"font-weight: 400;\"><strong>chirurgie du diab\u00e8te de type 2<\/strong> Seuls les patients atteints de diab\u00e8te de type 2 peuvent b\u00e9n\u00e9ficier de cette intervention chirurgicale car leur organisme produit de l&#039;insuline. L&#039;op\u00e9ration permet de rendre cette insuline utilisable et de gu\u00e9rir le diab\u00e8te. Les patients atteints de diab\u00e8te de type 1, quant \u00e0 eux, ne produisent pas d&#039;insuline. Par cons\u00e9quent, la chirurgie n&#039;est pas envisageable pour eux.\u00a0<\/span><\/p>\n<p><span style=\"font-weight: 400;\">Chez les patients envisageant une intervention chirurgicale pour un diab\u00e8te de type 2, l&#039;\u00e9tat du patient est \u00e9valu\u00e9 avant toute d\u00e9cision op\u00e9ratoire. Si, malgr\u00e9 un r\u00e9gime alimentaire et un traitement m\u00e9dicamenteux, le diab\u00e8te a progress\u00e9, entra\u00eenant des l\u00e9sions tissulaires et organiques, et que la maladie reste incontr\u00f4lable, la chirurgie devient alors la seule option.\u00a0<\/span><\/p>\n<h3><b>Quels sont les risques li\u00e9s \u00e0 la chirurgie du diab\u00e8te de type 2\u00a0?<\/b><\/h3>\n<p><span style=\"font-weight: 400;\">Les risques associ\u00e9s \u00e0 la chirurgie du diab\u00e8te de type 2 sont similaires \u00e0 ceux des autres interventions chirurgicales digestives courantes. Infection, saignement, formation de caillots, fuite ou r\u00e9actions \u00e0 l&#039;anesth\u00e9sie sont possibles, bien que rares. Afin de minimiser les risques potentiels, l&#039;\u00e9tat de sant\u00e9 du patient doit \u00eatre \u00e9valu\u00e9 minutieusement avant l&#039;intervention. Il convient de d\u00e9terminer si le patient pr\u00e9sente une allergie \u00e0 l&#039;anesth\u00e9sie ou toute autre affection pouvant contre-indiquer l&#039;op\u00e9ration.\u00a0<\/span><\/p>\n<h3><b>Comment se d\u00e9roule le processus de r\u00e9tablissement apr\u00e8s une op\u00e9ration du diab\u00e8te de type 2\u00a0?<\/b><\/h3>\n<p><span style=\"font-weight: 400;\">Apr\u00e8s une intervention chirurgicale pour un diab\u00e8te de type 2, les patients dont la s\u00e9cr\u00e9tion d&#039;insuline est r\u00e9tablie et la glyc\u00e9mie se normalise peuvent ressentir une diminution de la faim et une perte d&#039;app\u00e9tit. Avec le temps, cette perte d&#039;app\u00e9tit se r\u00e9sorbe et leur alimentation redevient saine. Il est essentiel que les patients op\u00e9r\u00e9s d&#039;un diab\u00e8te de type 2 boivent abondamment apr\u00e8s l&#039;op\u00e9ration. Un apport hydrique suffisant est particuli\u00e8rement important pour ceux qui souffrent de faiblesse suite \u00e0 la perte d&#039;app\u00e9tit. L&#039;\u00e9tat nutritionnel du patient doit \u00eatre surveill\u00e9 par un m\u00e9decin pendant environ six mois apr\u00e8s l&#039;intervention. De plus, l&#039;\u00e9volution de toute pathologie pr\u00e9existante li\u00e9e au diab\u00e8te (hypertension art\u00e9rielle, hypercholest\u00e9rol\u00e9mie, atteinte organique, etc.) doit \u00e9galement \u00eatre surveill\u00e9e.\u00a0<\/span><\/p>\n<p><iframe style=\"width: 100%; height: 457px;\" src=\"https:\/\/www.youtube.com\/embed\/DxrMG8nxJ9s\" frameborder=\"0\" allowfullscreen=\"allowfullscreen\"><\/iframe><\/p>\n\n\t\t<\/div>\n\t<\/div>\n<\/div><\/div><\/div><div class=\"wpb_column vc_column_container vc_col-sm-3 vc_hidden-sm vc_hidden-xs\"><div class=\"vc_column-inner vc_custom_1613066254127\"><div class=\"wpb_wrapper\"><div id=\"fixedyap\" class=\"vc_row wpb_row vc_inner vc_row-fluid\"><div class=\"wpb_column vc_column_container vc_col-sm-12\"><div class=\"vc_column-inner\"><div class=\"wpb_wrapper\"><div class=\"vc_custom_heading vc_custom_1615538612955 text_align_center\" ><div style=\"font-size: 23px;color: #0a0a0a;text-align: center;font-family:PT Sans;font-weight:700;font-style:normal\" class=\"consulting-custom-title\">Entrer en contact<\/div><\/div>\n<div class=\"wpcf7 no-js\" id=\"wpcf7-f5-o1\" lang=\"tr-TR\" dir=\"ltr\" data-wpcf7-id=\"5\">\n<div class=\"screen-reader-response\"><p role=\"status\" aria-live=\"polite\" aria-atomic=\"true\"><\/p> <ul><\/ul><\/div>\n<form action=\"\/fr\/wp-json\/wp\/v2\/pages\/8379#wpcf7-f5-o1\" method=\"post\" class=\"wpcf7-form init\" aria-label=\"Formulaire de contact\" novalidate=\"novalidate\" data-status=\"init\" data-trp-original-action=\"\/fr\/wp-json\/wp\/v2\/pages\/8379#wpcf7-f5-o1\">\n<fieldset class=\"hidden-fields-container\"><input type=\"hidden\" name=\"_wpcf7\" value=\"5\" \/><input type=\"hidden\" name=\"_wpcf7_version\" value=\"6.1.4\" \/><input type=\"hidden\" name=\"_wpcf7_locale\" value=\"tr_TR\" \/><input type=\"hidden\" name=\"_wpcf7_unit_tag\" value=\"wpcf7-f5-o1\" \/><input type=\"hidden\" name=\"_wpcf7_container_post\" value=\"0\" \/><input type=\"hidden\" name=\"_wpcf7_posted_data_hash\" value=\"\" \/>\n<\/fieldset>\n<p><label><span class=\"wpcf7-form-control-wrap\" data-name=\"your-name\"><input size=\"40\" maxlength=\"400\" class=\"wpcf7-form-control wpcf7-text wpcf7-validates-as-required\" aria-required=\"true\" aria-invalid=\"false\" placeholder=\"Nom Pr\u00e9nom Nom de famille\" value=\"\" type=\"text\" name=\"your-name\" \/><\/span> <\/label><label><span class=\"wpcf7-form-control-wrap\" data-name=\"your-email\"><input size=\"40\" maxlength=\"400\" class=\"wpcf7-form-control wpcf7-email wpcf7-validates-as-required wpcf7-text wpcf7-validates-as-email\" aria-required=\"true\" aria-invalid=\"false\" placeholder=\"E-mail\" value=\"\" type=\"email\" name=\"your-email\" \/><\/span> <\/label><label><span class=\"wpcf7-form-control-wrap\" data-name=\"your-tel\"><input size=\"40\" maxlength=\"400\" class=\"wpcf7-form-control wpcf7-text wpcf7-validates-as-required\" aria-required=\"true\" aria-invalid=\"false\" placeholder=\"T\u00e9l\u00e9phone\" value=\"\" type=\"text\" name=\"your-tel\" \/><\/span> <\/label><label><span class=\"wpcf7-form-control-wrap\" data-name=\"your-message\"><textarea cols=\"40\" rows=\"10\" maxlength=\"2000\" class=\"wpcf7-form-control wpcf7-textarea\" aria-invalid=\"false\" placeholder=\"Votre message\" name=\"your-message\"><\/textarea><\/span> <\/label><label class=\"sil\"><span class=\"wpcf7-form-control-wrap\" data-name=\"aydinlatma-metni\"><span class=\"wpcf7-form-control wpcf7-acceptance\"><span class=\"wpcf7-list-item\"><label><input type=\"checkbox\" name=\"aydinlatma-metni\" value=\"1\" aria-invalid=\"false\" \/><span class=\"wpcf7-list-item-label\"><a target=\"\u201d_blank\u201d\" href=\"https:\/\/drnecatkaplan.com\/fr\/texte-dillumination\/\">Texte d&#039;information<\/a>Je l&#039;ai lu et je suis d&#039;accord.<\/span><\/label><\/span><\/span><\/span><\/label><br \/>\n<span class=\"wpcf7-form-control-wrap\" data-name=\"hcap-cf7\">\t\t<input\n\t\t\t\ttype=\"hidden\"\n\t\t\t\tclass=\"hcaptcha-widget-id\"\n\t\t\t\tname=\"hcaptcha-widget-id\"\n\t\t\t\tvalue=\"eyJzb3VyY2UiOlsiY29udGFjdC1mb3JtLTdcL3dwLWNvbnRhY3QtZm9ybS03LnBocCJdLCJmb3JtX2lkIjo1fQ==-603f2ad0671ee0acde069c9c32960f19\">\n\t\t\t\t<span id=\"hcap_cf7-69f40a3d8a3a40.53372485\" class=\"wpcf7-form-control h-captcha\"\n\t\t\tdata-sitekey=\"471a5850-7bc4-49fe-bfe8-66d6d5e4b082\"\n\t\t\tdata-theme=\"light\"\n\t\t\tdata-size=\"normal\"\n\t\t\tdata-auto=\"false\"\n\t\t\tdata-ajax=\"false\"\n\t\t\tdata-force=\"false\">\n\t\t<\/span>\n\t\t<input type=\"hidden\" id=\"_wpnonce\" name=\"_wpnonce\" value=\"2c5e1824c2\" \/><input type=\"hidden\" name=\"_wp_http_referer\" value=\"\/fr\/wp-json\/wp\/v2\/pages\/8379\" \/><\/span><input class=\"wpcf7-form-control wpcf7-submit has-spinner\" type=\"submit\" value=\"Envoyer\" \/>\n<\/p><p style=\"display: none !important;\" class=\"akismet-fields-container\" data-prefix=\"_wpcf7_ak_\"><label>\u0394<textarea name=\"_wpcf7_ak_hp_textarea\" cols=\"45\" rows=\"8\" maxlength=\"100\"><\/textarea><\/label><input type=\"hidden\" id=\"ak_js_1\" name=\"_wpcf7_ak_js\" value=\"140\"\/><script>document.getElementById( \"ak_js_1\" ).setAttribute( \"value\", ( new Date() ).getTime() );<\/script><\/p><input type='hidden' class='wpcf7-pum' value='{\"closepopup\":false,\"closedelay\":0,\"openpopup\":false,\"openpopup_id\":0}' \/><div class=\"wpcf7-response-output\" aria-hidden=\"true\"><\/div>\n<input type=\"hidden\" name=\"trp-form-language\" value=\"fr\"\/><\/form>\n<\/div>\n<div class=\"vc_custom_heading vc_custom_1615538620827 text_align_center\" ><div style=\"font-size: 23px;color: #ffffff;text-align: center;font-family:PT Sans;font-weight:700;font-style:normal\" class=\"consulting-custom-title\">Diab\u00e8te<\/div><\/div><div class=\"vc_wp_custommenu wpb_content_element\"><div class=\"widget widget_nav_menu\"><div class=\"menu-diyabetcerrahi-container\"><ul id=\"menu-diyabetcerrahi\" class=\"menu\"><li id=\"menu-item-8515\" class=\"menu-item menu-item-type-post_type menu-item-object-page menu-item-8515\"><a href=\"https:\/\/drnecatkaplan.com\/fr\/chirurgie-metabolique\/\">Op\u00e9ration de chirurgie m\u00e9tabolique<\/a><\/li>\n<li id=\"menu-item-8513\" class=\"menu-item menu-item-type-post_type menu-item-object-page menu-item-8513\"><a href=\"https:\/\/drnecatkaplan.com\/fr\/chirurgie-du-diabete-2\/\">chirurgie du diab\u00e8te<\/a><\/li>\n<li id=\"menu-item-8516\" class=\"menu-item menu-item-type-post_type menu-item-object-page menu-item-8516\"><a href=\"https:\/\/drnecatkaplan.com\/fr\/sucre-cache-prediabete\/\">Pr\u00e9diab\u00e8te (diab\u00e8te cach\u00e9)<\/a><\/li>\n<li id=\"menu-item-8514\" class=\"menu-item menu-item-type-post_type menu-item-object-page menu-item-8514\"><a href=\"https:\/\/drnecatkaplan.com\/fr\/chirurgie-du-diabete-de-type-2\/\">chirurgie du diab\u00e8te de type 2<\/a><\/li>\n<li id=\"menu-item-8512\" class=\"menu-item menu-item-type-post_type menu-item-object-page menu-item-8512\"><a href=\"https:\/\/drnecatkaplan.com\/fr\/diabete\/\">Diab\u00e8te<\/a><\/li>\n<\/ul><\/div><\/div><\/div><\/div><\/div><\/div><\/div><\/div><\/div><\/div><\/div>\n<\/section>","protected":false},"excerpt":{"rendered":"Diyabet veya \u015feker hastal\u0131\u011f\u0131 olarak da bilinen bu rahats\u0131zl\u0131\u011f\u0131n sebebi hareketsiz ya\u015fam, sa\u011fl\u0131ks\u0131z beslenme olabilece\u011fi gibi genetik fakt\u00f6rlere de dayanabilir. Tip 1 diyabet ile tip 2 diyabette ins\u00fclinin durumu farkl\u0131 oldu\u011fu i\u00e7in ameliyata uygunluk durumu da de\u011fi\u015fmektedir. Ameliyat\u0131 yaln\u0131zca tip 2 diyabet hastalar\u0131 olabilmektedir.\u00a0Tip 1 diyabette ins\u00fclin \u00fcretimi yoktur. Tip 2 diyabette ise ins\u00fclin \u00fcretilir","protected":false},"author":1,"featured_media":0,"parent":0,"menu_order":0,"comment_status":"closed","ping_status":"closed","template":"","meta":{"footnotes":""},"class_list":["post-8379","page","type-page","status-publish","hentry"],"_links":{"self":[{"href":"https:\/\/drnecatkaplan.com\/fr\/wp-json\/wp\/v2\/pages\/8379","targetHints":{"allow":["GET"]}}],"collection":[{"href":"https:\/\/drnecatkaplan.com\/fr\/wp-json\/wp\/v2\/pages"}],"about":[{"href":"https:\/\/drnecatkaplan.com\/fr\/wp-json\/wp\/v2\/types\/page"}],"author":[{"embeddable":true,"href":"https:\/\/drnecatkaplan.com\/fr\/wp-json\/wp\/v2\/users\/1"}],"replies":[{"embeddable":true,"href":"https:\/\/drnecatkaplan.com\/fr\/wp-json\/wp\/v2\/comments?post=8379"}],"version-history":[{"count":0,"href":"https:\/\/drnecatkaplan.com\/fr\/wp-json\/wp\/v2\/pages\/8379\/revisions"}],"wp:attachment":[{"href":"https:\/\/drnecatkaplan.com\/fr\/wp-json\/wp\/v2\/media?parent=8379"}],"curies":[{"name":"wp","href":"https:\/\/api.w.org\/{rel}","templated":true}]}}