{"id":8382,"date":"2021-03-11T14:37:49","date_gmt":"2021-03-11T11:37:49","guid":{"rendered":"https:\/\/drnecatkaplan.com\/?page_id=8382"},"modified":"2026-01-21T14:35:46","modified_gmt":"2026-01-21T11:35:46","slug":"chirurgie-metabolique","status":"publish","type":"page","link":"https:\/\/drnecatkaplan.com\/fr\/chirurgie-metabolique\/","title":{"rendered":"Op\u00e9ration de chirurgie m\u00e9tabolique"},"content":{"rendered":"<section class=\"wpb-content-wrapper\"><div class=\"vc_row wpb_row vc_row-fluid vc_custom_1451991003825\"><div class=\"wpb_column vc_column_container vc_col-sm-12 vc_col-lg-9 vc_col-md-9\" id=\"yazilar\"><div class=\"vc_column-inner\"><div class=\"wpb_wrapper\">\n\t<div class=\"wpb_text_column wpb_content_element  vc_custom_1626101916031\" >\n\t\t<div class=\"wpb_wrapper\">\n\t\t\t<p><img decoding=\"async\" class=\"alignnone wp-image-8743\" src=\"https:\/\/drnecatkaplan.com\/wp-content\/uploads\/2021\/03\/metabolik-cerrahi-gif-deneme.gif\" alt=\"chirurgie m\u00e9tabolique\" width=\"492\" height=\"336\" title=\"\"><\/p>\n<p><span style=\"font-weight: 400;\"><b>chirurgie m\u00e9tabolique<\/b> La chirurgie m\u00e9tabolique, \u00e9galement connue sous le nom de chirurgie du diab\u00e8te, regroupe un ensemble d&#039;interventions visant \u00e0 traiter des maladies associ\u00e9es telles que l&#039;hypertension, l&#039;ob\u00e9sit\u00e9 et l&#039;hypercholest\u00e9rol\u00e9mie. Ce traitement \u00e9tant chirurgical, il est principalement indiqu\u00e9 pour le diab\u00e8te de type 2 et d&#039;autres maladies m\u00e9taboliques. <\/span><span style=\"font-weight: 400;\">La m\u00e9thode appropri\u00e9e est d\u00e9termin\u00e9e en fonction de l&#039;\u00e9tat de sant\u00e9 et des sympt\u00f4mes du patient. L&#039;objectif de la chirurgie m\u00e9tabolique est de ralentir l&#039;interaction des aliments ing\u00e9r\u00e9s avec les s\u00e9cr\u00e9tions pancr\u00e9atiques et biliaires. Ceci permet la lib\u00e9ration de substances stimulant la production d&#039;insuline, augmentant ainsi le taux d&#039;insuline. Suite \u00e0 ces informations, si vous le souhaitez\u2026 <b>Comment se d\u00e9roule une chirurgie m\u00e9tabolique ?<\/b> Abordons ce probl\u00e8me.<\/span><\/p>\n<p>&nbsp;<\/p>\n<h2><b>Comment se d\u00e9roule une chirurgie m\u00e9tabolique ?<\/b><\/h2>\n<p><span style=\"font-weight: 400;\">L&#039;intervention chirurgicale est r\u00e9alis\u00e9e par laparoscopie, c&#039;est-\u00e0-dire une proc\u00e9dure mini-invasive. La zone \u00e0 traiter est accessible par 4 ou 5 petites incisions, et les m\u00e9thodes suivantes sont utilis\u00e9es\u00a0:<\/span><\/p>\n<ul>\n<li style=\"font-weight: 400;\" aria-level=\"1\"><span style=\"font-weight: 400;\">Gastrectomie en manchon<\/span><\/li>\n<li style=\"font-weight: 400;\" aria-level=\"1\"><span style=\"font-weight: 400;\">pontage gastrique<\/span><\/li>\n<li style=\"font-weight: 400;\" aria-level=\"1\"><span style=\"font-weight: 400;\">Mini-bypass gastrique<\/span><\/li>\n<li style=\"font-weight: 400;\" aria-level=\"1\"><span style=\"font-weight: 400;\">D\u00e9riv\u00e9s de la d\u00e9rivation duod\u00e9nale<\/span><\/li>\n<li style=\"font-weight: 400;\" aria-level=\"1\"><span style=\"font-weight: 400;\">Bipartition de transit<\/span><\/li>\n<li style=\"font-weight: 400;\" aria-level=\"1\"><span style=\"font-weight: 400;\">Interposition il\u00e9ale<\/span><\/li>\n<\/ul>\n<p><span style=\"font-weight: 400;\">Ces m\u00e9thodes chirurgicales consistent en des interventions visant \u00e0 r\u00e9duire l&#039;apport alimentaire et \u00e0 r\u00e9guler la s\u00e9cr\u00e9tion hormonale intestinale. Selon l&#039;intervention pratiqu\u00e9e, l&#039;op\u00e9ration peut durer jusqu&#039;\u00e0 3 heures.<\/span><\/p>\n<p><iframe style=\"width: 100%; height: 457px;\" src=\"https:\/\/www.youtube.com\/embed\/QO3VEtO-Fgc\" frameborder=\"0\" allowfullscreen=\"allowfullscreen\"><\/iframe><\/p>\n<h3><b>Qui peut b\u00e9n\u00e9ficier d&#039;une chirurgie m\u00e9tabolique ?<\/b><\/h3>\n<p><span style=\"font-weight: 400;\"><b>chirurgie du diab\u00e8te<\/b> On peut affirmer qu&#039;il s&#039;agit de la solution la plus efficace pour le diab\u00e8te de type 2. Dans le traitement du diab\u00e8te de type 2, si la glyc\u00e9mie ne peut \u00eatre maintenue au niveau souhait\u00e9 et que l&#039;\u00e9tat du patient le permet, une intervention chirurgicale peut \u00eatre envisag\u00e9e. <b>chirurgie m\u00e9tabolique<\/b> C&#039;est possible. Les m\u00e9thodes chirurgicales peuvent \u00e9galement \u00eatre utilis\u00e9es dans de nombreuses maladies m\u00e9taboliques autres que le diab\u00e8te (hypertension art\u00e9rielle, exc\u00e8s de poids, hypercholest\u00e9rol\u00e9mie, etc.).\u00a0<\/span><\/p>\n<p><span style=\"font-weight: 400;\">Les interventions chirurgicales peuvent \u00eatre pratiqu\u00e9es chez les patients ayant un IMC de 40 ou plus, ainsi que chez ceux ayant un IMC de 30 ou plus. Toutefois, la condition pr\u00e9alable est que la glyc\u00e9mie du patient ne soit pas stabilis\u00e9e malgr\u00e9 le traitement. La dur\u00e9e de la maladie est \u00e9galement un facteur important. <a title=\"diab\u00e8te\" href=\"https:\/\/drnecatkaplan.com\/fr\/diabete\/\">diab\u00e8te<\/a> Leur \u00e9tat de sant\u00e9 et leur consommation d&#039;insuline sont \u00e9valu\u00e9s. <b>chirurgie m\u00e9tabolique<\/b>\u00a0L&#039;\u00e9tat du pancr\u00e9as est \u00e9valu\u00e9 lors d&#039;examens pr\u00e9alables. En effet, le principal enjeu de l&#039;intervention chirurgicale est le maintien de la s\u00e9cr\u00e9tion d&#039;insuline par le pancr\u00e9as. Par cons\u00e9quent, le stade d&#039;ob\u00e9sit\u00e9 du patient est pris en compte au m\u00eame titre que l&#039;\u00e9tat de son pancr\u00e9as.<\/span><br \/>\n<img decoding=\"async\" class=\"alignnone size-full wp-image-7475\" src=\"https:\/\/drnecatkaplan.com\/wp-content\/uploads\/2021\/02\/tip-2-diyabetle-yasam.jpg\" alt=\"chirurgie du diab\u00e8te\" width=\"1024\" height=\"736\" title=\"\" srcset=\"https:\/\/drnecatkaplan.com\/wp-content\/uploads\/2021\/02\/tip-2-diyabetle-yasam.jpg 1024w, https:\/\/drnecatkaplan.com\/wp-content\/uploads\/2021\/02\/tip-2-diyabetle-yasam-300x216.jpg 300w, https:\/\/drnecatkaplan.com\/wp-content\/uploads\/2021\/02\/tip-2-diyabetle-yasam-768x552.jpg 768w, https:\/\/drnecatkaplan.com\/wp-content\/uploads\/2021\/02\/tip-2-diyabetle-yasam-255x182.jpg 255w, https:\/\/drnecatkaplan.com\/wp-content\/uploads\/2021\/02\/tip-2-diyabetle-yasam-900x647.jpg 900w, https:\/\/drnecatkaplan.com\/wp-content\/uploads\/2021\/02\/tip-2-diyabetle-yasam-600x431.jpg 600w\" sizes=\"(max-width: 1024px) 100vw, 1024px\" \/><\/p>\n<h3><b>Quels sont les risques et les effets secondaires de la chirurgie m\u00e9tabolique\u00a0?<\/b><\/h3>\n<p><span style=\"font-weight: 400;\">Comme toute intervention chirurgicale, la chirurgie m\u00e9tabolique comporte certains risques. Des complications telles que des saignements, des infections, des fuites et des r\u00e9actions \u00e0 l&#039;anesth\u00e9sie peuvent survenir. Le risque de formation d&#039;une hernie au niveau des incisions chirurgicales est \u00e9galement pr\u00e9sent. La formation de calculs biliaires est aussi possible. Cependant, compar\u00e9e \u00e0 d&#039;autres interventions\u2026<strong> chirurgie m\u00e9tabolique<\/strong> Cette intervention chirurgicale fait partie des proc\u00e9dures \u00e0 tr\u00e8s faible risque. L&#039;exp\u00e9rience et la m\u00e9ticulosit\u00e9 du chirurgien sont aussi importantes que l&#039;implication et le souci du d\u00e9tail du patient.<\/span><\/p>\n\n\t\t<\/div>\n\t<\/div>\n<\/div><\/div><\/div><div class=\"wpb_column vc_column_container vc_col-sm-3 vc_hidden-sm vc_hidden-xs\"><div class=\"vc_column-inner vc_custom_1613066254127\"><div class=\"wpb_wrapper\"><div id=\"fixedyap\" class=\"vc_row wpb_row vc_inner vc_row-fluid\"><div class=\"wpb_column vc_column_container vc_col-sm-12\"><div class=\"vc_column-inner\"><div class=\"wpb_wrapper\"><div class=\"vc_custom_heading vc_custom_1615538135776 text_align_center\" ><div style=\"font-size: 23px;color: #0a0a0a;text-align: center;font-family:PT Sans;font-weight:700;font-style:normal\" class=\"consulting-custom-title\">Entrer en contact<\/div><\/div>\n<div class=\"wpcf7 no-js\" id=\"wpcf7-f5-o1\" lang=\"tr-TR\" dir=\"ltr\" data-wpcf7-id=\"5\">\n<div class=\"screen-reader-response\"><p role=\"status\" aria-live=\"polite\" aria-atomic=\"true\"><\/p> <ul><\/ul><\/div>\n<form action=\"\/fr\/wp-json\/wp\/v2\/pages\/8382#wpcf7-f5-o1\" method=\"post\" class=\"wpcf7-form init\" aria-label=\"Formulaire de contact\" novalidate=\"novalidate\" data-status=\"init\" data-trp-original-action=\"\/fr\/wp-json\/wp\/v2\/pages\/8382#wpcf7-f5-o1\">\n<fieldset class=\"hidden-fields-container\"><input type=\"hidden\" name=\"_wpcf7\" value=\"5\" \/><input type=\"hidden\" name=\"_wpcf7_version\" value=\"6.1.4\" \/><input type=\"hidden\" name=\"_wpcf7_locale\" value=\"tr_TR\" \/><input type=\"hidden\" name=\"_wpcf7_unit_tag\" value=\"wpcf7-f5-o1\" \/><input type=\"hidden\" name=\"_wpcf7_container_post\" value=\"0\" \/><input type=\"hidden\" name=\"_wpcf7_posted_data_hash\" value=\"\" \/>\n<\/fieldset>\n<p><label><span class=\"wpcf7-form-control-wrap\" data-name=\"your-name\"><input size=\"40\" maxlength=\"400\" class=\"wpcf7-form-control wpcf7-text wpcf7-validates-as-required\" aria-required=\"true\" aria-invalid=\"false\" placeholder=\"Nom Pr\u00e9nom Nom de famille\" value=\"\" type=\"text\" name=\"your-name\" \/><\/span> <\/label><label><span class=\"wpcf7-form-control-wrap\" data-name=\"your-email\"><input size=\"40\" maxlength=\"400\" class=\"wpcf7-form-control wpcf7-email wpcf7-validates-as-required wpcf7-text wpcf7-validates-as-email\" aria-required=\"true\" aria-invalid=\"false\" placeholder=\"E-mail\" value=\"\" type=\"email\" name=\"your-email\" \/><\/span> <\/label><label><span class=\"wpcf7-form-control-wrap\" data-name=\"your-tel\"><input size=\"40\" maxlength=\"400\" class=\"wpcf7-form-control wpcf7-text wpcf7-validates-as-required\" aria-required=\"true\" aria-invalid=\"false\" placeholder=\"T\u00e9l\u00e9phone\" value=\"\" type=\"text\" name=\"your-tel\" \/><\/span> <\/label><label><span class=\"wpcf7-form-control-wrap\" data-name=\"your-message\"><textarea cols=\"40\" rows=\"10\" maxlength=\"2000\" class=\"wpcf7-form-control wpcf7-textarea\" aria-invalid=\"false\" placeholder=\"Votre message\" name=\"your-message\"><\/textarea><\/span> <\/label><label class=\"sil\"><span class=\"wpcf7-form-control-wrap\" data-name=\"aydinlatma-metni\"><span class=\"wpcf7-form-control wpcf7-acceptance\"><span class=\"wpcf7-list-item\"><label><input type=\"checkbox\" name=\"aydinlatma-metni\" value=\"1\" aria-invalid=\"false\" \/><span class=\"wpcf7-list-item-label\"><a target=\"\u201d_blank\u201d\" href=\"https:\/\/drnecatkaplan.com\/fr\/texte-dillumination\/\">Texte d&#039;information<\/a>Je l&#039;ai lu et je suis d&#039;accord.<\/span><\/label><\/span><\/span><\/span><\/label><br \/>\n<span class=\"wpcf7-form-control-wrap\" data-name=\"hcap-cf7\">\t\t<input\n\t\t\t\ttype=\"hidden\"\n\t\t\t\tclass=\"hcaptcha-widget-id\"\n\t\t\t\tname=\"hcaptcha-widget-id\"\n\t\t\t\tvalue=\"eyJzb3VyY2UiOlsiY29udGFjdC1mb3JtLTdcL3dwLWNvbnRhY3QtZm9ybS03LnBocCJdLCJmb3JtX2lkIjo1fQ==-603f2ad0671ee0acde069c9c32960f19\">\n\t\t\t\t<span id=\"hcap_cf7-6a007d454347d1.62029972\" class=\"wpcf7-form-control h-captcha\"\n\t\t\tdata-sitekey=\"471a5850-7bc4-49fe-bfe8-66d6d5e4b082\"\n\t\t\tdata-theme=\"light\"\n\t\t\tdata-size=\"normal\"\n\t\t\tdata-auto=\"false\"\n\t\t\tdata-ajax=\"false\"\n\t\t\tdata-force=\"false\">\n\t\t<\/span>\n\t\t<input type=\"hidden\" id=\"_wpnonce\" name=\"_wpnonce\" value=\"a65d583310\" \/><input type=\"hidden\" name=\"_wp_http_referer\" value=\"\/fr\/wp-json\/wp\/v2\/pages\/8382\" \/><\/span><input class=\"wpcf7-form-control wpcf7-submit has-spinner\" type=\"submit\" value=\"Envoyer\" \/>\n<\/p><p style=\"display: none !important;\" class=\"akismet-fields-container\" data-prefix=\"_wpcf7_ak_\"><label>\u0394<textarea name=\"_wpcf7_ak_hp_textarea\" cols=\"45\" rows=\"8\" maxlength=\"100\"><\/textarea><\/label><input type=\"hidden\" id=\"ak_js_1\" name=\"_wpcf7_ak_js\" value=\"176\"\/><script>document.getElementById( \"ak_js_1\" ).setAttribute( \"value\", ( new Date() ).getTime() );<\/script><\/p><input type='hidden' class='wpcf7-pum' value='{\"closepopup\":false,\"closedelay\":0,\"openpopup\":false,\"openpopup_id\":0}' \/><div class=\"wpcf7-response-output\" aria-hidden=\"true\"><\/div>\n<input type=\"hidden\" name=\"trp-form-language\" value=\"fr\"\/><\/form>\n<\/div>\n<div class=\"vc_custom_heading vc_custom_1615538141464 text_align_center\" ><div style=\"font-size: 23px;color: #ffffff;text-align: center;font-family:PT Sans;font-weight:700;font-style:normal\" class=\"consulting-custom-title\">Diab\u00e8te<\/div><\/div><div class=\"vc_wp_custommenu wpb_content_element\"><div class=\"widget widget_nav_menu\"><div class=\"menu-diyabetcerrahi-container\"><ul id=\"menu-diyabetcerrahi\" class=\"menu\"><li id=\"menu-item-8515\" class=\"menu-item menu-item-type-post_type menu-item-object-page menu-item-8515\"><a href=\"https:\/\/drnecatkaplan.com\/fr\/chirurgie-metabolique\/\">Op\u00e9ration de chirurgie m\u00e9tabolique<\/a><\/li>\n<li id=\"menu-item-8513\" class=\"menu-item menu-item-type-post_type menu-item-object-page menu-item-8513\"><a href=\"https:\/\/drnecatkaplan.com\/fr\/chirurgie-du-diabete-2\/\">chirurgie du diab\u00e8te<\/a><\/li>\n<li id=\"menu-item-8516\" class=\"menu-item menu-item-type-post_type menu-item-object-page menu-item-8516\"><a href=\"https:\/\/drnecatkaplan.com\/fr\/sucre-cache-prediabete\/\">Pr\u00e9diab\u00e8te (diab\u00e8te cach\u00e9)<\/a><\/li>\n<li id=\"menu-item-8514\" class=\"menu-item menu-item-type-post_type menu-item-object-page menu-item-8514\"><a href=\"https:\/\/drnecatkaplan.com\/fr\/chirurgie-du-diabete-de-type-2\/\">chirurgie du diab\u00e8te de type 2<\/a><\/li>\n<li id=\"menu-item-8512\" class=\"menu-item menu-item-type-post_type menu-item-object-page menu-item-8512\"><a href=\"https:\/\/drnecatkaplan.com\/fr\/diabete\/\">Diab\u00e8te<\/a><\/li>\n<\/ul><\/div><\/div><\/div><\/div><\/div><\/div><\/div><\/div><\/div><\/div><\/div>\n<\/section>","protected":false},"excerpt":{"rendered":"Metabolik cerrahi ameliyat\u0131 toplumda \u015feker\u00a0 ve diyabet ameliyat\u0131 olarak bilinen ve buna ba\u011fl\u0131 hipertansiyon, obezite, y\u00fcksek seviye kolesterol gibi hastal\u0131klar\u0131 tedavi etmede kullan\u0131lan i\u015flemler b\u00fct\u00fcn\u00fcd\u00fcr. Bu hastal\u0131klar\u0131n cerrahi y\u00f6ntemlerle tedavi edilmesi nedeniyle metabolik cerrahi ad\u0131 kullan\u0131l\u0131r. Tedavi y\u00f6ntemi ba\u015fta tip 2 diyabet olmak \u00fczere metabolik hastal\u0131klar i\u00e7inde kullan\u0131lmaktad\u0131r. Hastan\u0131n sa\u011fl\u0131k durumu ve \u015fikayetine ba\u011fl\u0131 olarak","protected":false},"author":1,"featured_media":0,"parent":0,"menu_order":0,"comment_status":"closed","ping_status":"closed","template":"","meta":{"footnotes":""},"class_list":["post-8382","page","type-page","status-publish","hentry"],"_links":{"self":[{"href":"https:\/\/drnecatkaplan.com\/fr\/wp-json\/wp\/v2\/pages\/8382","targetHints":{"allow":["GET"]}}],"collection":[{"href":"https:\/\/drnecatkaplan.com\/fr\/wp-json\/wp\/v2\/pages"}],"about":[{"href":"https:\/\/drnecatkaplan.com\/fr\/wp-json\/wp\/v2\/types\/page"}],"author":[{"embeddable":true,"href":"https:\/\/drnecatkaplan.com\/fr\/wp-json\/wp\/v2\/users\/1"}],"replies":[{"embeddable":true,"href":"https:\/\/drnecatkaplan.com\/fr\/wp-json\/wp\/v2\/comments?post=8382"}],"version-history":[{"count":0,"href":"https:\/\/drnecatkaplan.com\/fr\/wp-json\/wp\/v2\/pages\/8382\/revisions"}],"wp:attachment":[{"href":"https:\/\/drnecatkaplan.com\/fr\/wp-json\/wp\/v2\/media?parent=8382"}],"curies":[{"name":"wp","href":"https:\/\/api.w.org\/{rel}","templated":true}]}}