{"id":1179,"date":"2017-02-08T09:56:29","date_gmt":"2017-02-08T09:56:29","guid":{"rendered":"http:\/\/consulting.stylemixthemes.com\/demo\/?page_id=1179"},"modified":"2026-01-21T14:34:21","modified_gmt":"2026-01-21T11:34:21","slug":"%d0%ba%d0%be%d0%bc%d0%bc%d1%83%d0%bd%d0%b8%d0%ba%d0%b0%d1%86%d0%b8%d1%8f","status":"publish","type":"page","link":"https:\/\/drnecatkaplan.com\/ru\/%d0%ba%d0%be%d0%bc%d0%bc%d1%83%d0%bd%d0%b8%d0%ba%d0%b0%d1%86%d0%b8%d1%8f\/","title":{"rendered":"\u041a\u043e\u043c\u043c\u0443\u043d\u0438\u043a\u0430\u0446\u0438\u044f"},"content":{"rendered":"<section class=\"wpb-content-wrapper\"><div class=\"vc_row wpb_row vc_row-fluid vc_custom_1613051375134\"><div class=\"wpb_column vc_column_container vc_col-sm-12\"><div class=\"vc_column-inner\"><div class=\"wpb_wrapper\">\n\t<div class=\"wpb_text_column wpb_content_element\" >\n\t\t<div class=\"wpb_wrapper\">\n\t\t\t<div class=\"amp_mod ap_m_44 text-mod\">\n<div class=\"\">\n<p style=\"text-align: center; font-size: 20px;\">\u0412\u044b \u043c\u043e\u0436\u0435\u0442\u0435 \u0431\u0435\u0441\u043f\u043b\u0430\u0442\u043d\u043e \u0437\u0430\u043f\u0440\u043e\u0441\u0438\u0442\u044c \u0438\u043d\u0444\u043e\u0440\u043c\u0430\u0446\u0438\u044e \u0438 \u0437\u0430\u043f\u0438\u0441\u0430\u0442\u044c\u0441\u044f \u043d\u0430 \u043f\u0440\u0438\u0435\u043c \u043a \u0434\u043e\u043a\u0442\u043e\u0440\u0443 \u041d\u0435\u043a\u0430\u0442\u0443 \u041a\u0430\u043f\u043b\u0430\u043d\u0443 \u0438 \u0435\u0433\u043e \u043a\u043e\u043c\u0430\u043d\u0434\u0435\u2026<\/p>\n<\/div>\n<\/div>\n\n\t\t<\/div>\n\t<\/div>\n<\/div><\/div><\/div><\/div><div class=\"vc_row wpb_row vc_row-fluid vc_custom_1613051347128\"><div class=\"wpb_column vc_column_container vc_col-sm-12 vc_col-lg-3 vc_col-md-6\"><div class=\"vc_column-inner\"><div class=\"wpb_wrapper\">\n\n    <div class=\"icon_box  style_3 clearfix\">\n    <div class=\"icon_box_inner\">\n                    <div class=\"icon  font-color_default font-color_base_bg border-color_third\"><i\n                        style=\"font-size:16px;  line-height: 48px; \"\n                        class=\"stm-phone_13_2\"><\/i><\/div>\n                            <div class=\"icon_text\">\n                <p style=\"font-family: Montserrat, sans-serif; font-weight: 400; letter-spacing: -0.40px;\"><a href=\"tel:+90 530 328 09 19\"><span style=\"font-size: 18px; color: #1a1a1a;\">+90 530 328 09 19<\/span><\/a><\/p>\n<div id=\"gtx-trans\" style=\"position: absolute; left: 39px; top: 38px;\">\n<div class=\"gtx-trans-icon\"><\/div>\n<\/div>\n            <\/div>\n            <\/div>\n    <\/div>\n<\/div><\/div><\/div><div class=\"wpb_column vc_column_container vc_col-sm-12 vc_col-lg-3 vc_col-md-6\"><div class=\"vc_column-inner\"><div class=\"wpb_wrapper\">\n\n    <div class=\"icon_box  style_3 clearfix\">\n    <div class=\"icon_box_inner\">\n                    <div class=\"icon  font-color_default font-color_base_bg border-color_third\"><i\n                        style=\"font-size:16px;  line-height: 48px; \"\n                        class=\"fab fa-whatsapp\"><\/i><\/div>\n                            <div class=\"icon_text\">\n                <p style=\"font-family: Montserrat, sans-serif; font-weight: 400; letter-spacing: -0.40px;\"><a href=\"https:\/\/wa.me\/905303280919\" target=\"_blank\" rel=\"noopener\"><span style=\"font-size: 18px; color: #1a1a1a;\">+90 530 328 09 19<\/span><\/a><\/p>\n<div id=\"gtx-trans\" style=\"position: absolute; left: 61px; top: 38px;\">\n<div class=\"gtx-trans-icon\"><\/div>\n<\/div>\n            <\/div>\n            <\/div>\n    <\/div>\n<\/div><\/div><\/div><div class=\"wpb_column vc_column_container vc_col-sm-12 vc_col-lg-3 vc_col-md-6\"><div class=\"vc_column-inner\"><div class=\"wpb_wrapper\">\n\n    <div class=\"icon_box  style_3 clearfix\">\n    <div class=\"icon_box_inner\">\n                    <div class=\"icon  font-color_default font-color_base_bg border-color_third\"><i\n                        style=\"font-size:16px;  line-height: 48px; \"\n                        class=\"stm-email\"><\/i><\/div>\n                            <div class=\"icon_text\">\n                <p style=\"font-family: Montserrat, sans-serif; font-weight: 400; letter-spacing: -0.40px;\"><a href=\"mailto:info@drnecatkaplan.com\"><span style=\"color: #1a1a1a;\">info@drnecatkaplan.com<\/span><\/a><\/p>\n<div id=\"gtx-trans\" style=\"position: absolute; left: 21px; top: 38px;\">\n<div class=\"gtx-trans-icon\"><\/div>\n<\/div>\n            <\/div>\n            <\/div>\n    <\/div>\n<\/div><\/div><\/div><div class=\"wpb_column vc_column_container vc_col-sm-12 vc_col-lg-3 vc_col-md-6\"><div class=\"vc_column-inner\"><div class=\"wpb_wrapper\">\n\n    <div class=\"icon_box  style_3 clearfix\">\n    <div class=\"icon_box_inner\">\n                    <div class=\"icon  font-color_default font-color_base_bg border-color_third\"><i\n                        style=\"font-size:16px;  line-height: 48px; \"\n                        class=\"stm-marker\"><\/i><\/div>\n                            <div class=\"icon_text\">\n                <p style=\"font-family: Montserrat, sans-serif; font-weight: 400; letter-spacing: -0.40px;\"><span style=\"color: #595959;\"><a style=\"color: black;\" href=\"https:\/\/www.google.com\/maps\/place\/Op.+Dr.+Necat+Kaplan\/@40.985298,29.0380789,15z\/data=!4m5!3m4!1s0x0:0x6c6afde20ae2bd6b!8m2!3d40.985298!4d29.0380789\" target=\"_blank\" rel=\"noopener\">\u041e\u0431\u0441\u043b\u0435\u0434\u043e\u0432\u0430\u043d\u0438\u0435, \u043f\u0440\u043e\u0432\u0435\u0434\u0435\u043d\u043d\u043e\u0435 \u0434\u043e\u043a\u0442\u043e\u0440\u043e\u043c \u041d\u0435\u043a\u0430\u0442\u043e\u043c \u041a\u0430\u043f\u043b\u0430\u043d\u043e\u043c.<\/a><\/span><\/p>\n<div id=\"gtx-trans\" style=\"position: absolute; left: 32px; top: -10px;\">\n<div class=\"gtx-trans-icon\"><\/div>\n<\/div>\n            <\/div>\n            <\/div>\n    <\/div>\n<\/div><\/div><\/div><\/div><div data-vc-full-width=\"true\" data-vc-full-width-init=\"false\" class=\"vc_row wpb_row vc_row-fluid vc_custom_1615454094041 vc_row-has-fill\"><div class=\"wpb_column vc_column_container vc_col-sm-6\"><div class=\"vc_column-inner\"><div class=\"wpb_wrapper\"><div class=\"vc_custom_heading vc_custom_1613050990413 text_align_left\" ><h2 style=\"font-size: 20px;line-height: 30px;text-align: left;font-family:Montserrat;font-weight:400;font-style:normal\" class=\"consulting-custom-title\">\u0424\u043e\u0440\u043c\u0430 \u043e\u0431\u0440\u0430\u0442\u043d\u043e\u0439 \u0441\u0432\u044f\u0437\u0438<\/h2><\/div>\n<div class=\"wpcf7 no-js\" id=\"wpcf7-f7718-o1\" lang=\"tr-TR\" dir=\"ltr\" data-wpcf7-id=\"7718\">\n<div class=\"screen-reader-response\"><p role=\"status\" aria-live=\"polite\" aria-atomic=\"true\"><\/p> <ul><\/ul><\/div>\n<form action=\"\/ru\/wp-json\/wp\/v2\/pages\/1179#wpcf7-f7718-o1\" method=\"post\" class=\"wpcf7-form init\" aria-label=\"\u0424\u043e\u0440\u043c\u0430 \u043e\u0431\u0440\u0430\u0442\u043d\u043e\u0439 \u0441\u0432\u044f\u0437\u0438\" novalidate=\"novalidate\" data-status=\"init\" data-trp-original-action=\"\/ru\/wp-json\/wp\/v2\/pages\/1179#wpcf7-f7718-o1\">\n<fieldset class=\"hidden-fields-container\"><input type=\"hidden\" name=\"_wpcf7\" value=\"7718\" \/><input type=\"hidden\" name=\"_wpcf7_version\" value=\"6.1.4\" \/><input type=\"hidden\" name=\"_wpcf7_locale\" value=\"tr_TR\" \/><input type=\"hidden\" name=\"_wpcf7_unit_tag\" value=\"wpcf7-f7718-o1\" \/><input type=\"hidden\" name=\"_wpcf7_container_post\" value=\"0\" \/><input type=\"hidden\" name=\"_wpcf7_posted_data_hash\" value=\"\" \/>\n<\/fieldset>\n<p><span class=\"wpcf7-form-control-wrap\" data-name=\"your-name\"><input size=\"40\" maxlength=\"400\" class=\"wpcf7-form-control wpcf7-text wpcf7-validates-as-required\" aria-required=\"true\" aria-invalid=\"false\" placeholder=\"\u0418\u043c\u044f \u0424\u0430\u043c\u0438\u043b\u0438\u044f\" value=\"\" type=\"text\" name=\"your-name\" \/><\/span><span class=\"wpcf7-form-control-wrap\" data-name=\"your-email\"><input size=\"40\" maxlength=\"400\" class=\"wpcf7-form-control wpcf7-email wpcf7-validates-as-required wpcf7-text wpcf7-validates-as-email\" aria-required=\"true\" aria-invalid=\"false\" placeholder=\"\u042d\u043b\u0435\u043a\u0442\u0440\u043e\u043d\u043d\u0430\u044f \u043f\u043e\u0447\u0442\u0430\" value=\"\" type=\"email\" name=\"your-email\" \/><\/span><span class=\"wpcf7-form-control-wrap\" data-name=\"your-telefon\"><input size=\"40\" maxlength=\"400\" class=\"wpcf7-form-control wpcf7-text wpcf7-validates-as-required\" aria-required=\"true\" aria-invalid=\"false\" placeholder=\"\u0422\u0435\u043b\u0435\u0444\u043e\u043d\" value=\"\" type=\"text\" name=\"your-telefon\" \/><\/span><span class=\"wpcf7-form-control-wrap\" data-name=\"your-message\"><textarea cols=\"40\" rows=\"10\" maxlength=\"2000\" class=\"wpcf7-form-control wpcf7-textarea\" aria-invalid=\"false\" placeholder=\"\u0412\u0430\u0448\u0435 \u0441\u043e\u043e\u0431\u0449\u0435\u043d\u0438\u0435\" name=\"your-message\"><\/textarea><\/span><label class=\"sil\"><span class=\"wpcf7-form-control-wrap\" data-name=\"aydinlatma-metni\"><span class=\"wpcf7-form-control wpcf7-acceptance\"><span class=\"wpcf7-list-item\"><label><input type=\"checkbox\" name=\"aydinlatma-metni\" value=\"1\" aria-invalid=\"false\" \/><span class=\"wpcf7-list-item-label\"><a href=\"https:\/\/drnecatkaplan.com\/ru\/%d1%82%d0%b5%d0%ba%d1%81%d1%82-%d1%81-%d0%b8%d0%bb%d0%bb%d1%8e%d1%81%d1%82%d1%80%d0%b0%d1%86%d0%b8%d1%8f%d0%bc%d0%b8\/\">\u0418\u043d\u0444\u043e\u0440\u043c\u0430\u0446\u0438\u043e\u043d\u043d\u044b\u0439 \u0442\u0435\u043a\u0441\u0442<\/a>\u042f \u043f\u0440\u043e\u0447\u0438\u0442\u0430\u043b \u044d\u0442\u043e \u0438 \u0441\u043e\u0433\u043b\u0430\u0441\u0435\u043d \u0441 \u044d\u0442\u0438\u043c.<\/span><\/label><\/span><\/span><\/span><\/label><br \/>\n<span class=\"wpcf7-form-control-wrap\" data-name=\"hcap-cf7\">\t\t<input\n\t\t\t\ttype=\"hidden\"\n\t\t\t\tclass=\"hcaptcha-widget-id\"\n\t\t\t\tname=\"hcaptcha-widget-id\"\n\t\t\t\tvalue=\"eyJzb3VyY2UiOlsiY29udGFjdC1mb3JtLTdcL3dwLWNvbnRhY3QtZm9ybS03LnBocCJdLCJmb3JtX2lkIjo3NzE4fQ==-13d3e78ce379e080b5c65d9e3d6faee8\">\n\t\t\t\t<span id=\"hcap_cf7-69ff571400e600.33051511\" class=\"wpcf7-form-control h-captcha\"\n\t\t\tdata-sitekey=\"471a5850-7bc4-49fe-bfe8-66d6d5e4b082\"\n\t\t\tdata-theme=\"light\"\n\t\t\tdata-size=\"normal\"\n\t\t\tdata-auto=\"false\"\n\t\t\tdata-ajax=\"false\"\n\t\t\tdata-force=\"false\">\n\t\t<\/span>\n\t\t<input type=\"hidden\" id=\"_wpnonce\" name=\"_wpnonce\" value=\"0c074093db\" \/><input type=\"hidden\" name=\"_wp_http_referer\" value=\"\/ru\/wp-json\/wp\/v2\/pages\/1179\" \/><\/span><input class=\"wpcf7-form-control wpcf7-submit has-spinner\" type=\"submit\" value=\"\u041e\u0442\u043f\u0440\u0430\u0432\u043b\u044f\u0442\u044c\" \/>\n<\/p><p style=\"display: none !important;\" class=\"akismet-fields-container\" data-prefix=\"_wpcf7_ak_\"><label>\u0394<textarea name=\"_wpcf7_ak_hp_textarea\" cols=\"45\" rows=\"8\" maxlength=\"100\"><\/textarea><\/label><input type=\"hidden\" id=\"ak_js_1\" name=\"_wpcf7_ak_js\" value=\"42\"\/><script>document.getElementById( \"ak_js_1\" ).setAttribute( \"value\", ( new Date() ).getTime() );<\/script><\/p><input type='hidden' class='wpcf7-pum' value='{\"closepopup\":false,\"closedelay\":0,\"openpopup\":false,\"openpopup_id\":0}' \/><div class=\"wpcf7-response-output\" aria-hidden=\"true\"><\/div>\n<input type=\"hidden\" name=\"trp-form-language\" value=\"ru\"\/><\/form>\n<\/div>\n<\/div><\/div><\/div><div class=\"wpb_column vc_column_container vc_col-sm-6\"><div class=\"vc_column-inner vc_custom_1615796180740\"><div class=\"wpb_wrapper\">\n\t<div  class=\"wpb_single_image wpb_content_element vc_align_left\">\n\t\t\n\t\t<figure class=\"wpb_wrapper vc_figure\">\n\t\t\t<a href=\"https:\/\/www.google.com\/search?q=drnecat+kaplan&amp;rlz=1C1CHZL_trTR737TR737&amp;oq=drnecat+kaplan&amp;aqs=chrome..69i57j0i13j69i60l3j0i13j0i13i30.3552j0j7&amp;sourceid=chrome&amp;ie=UTF-8#lrd=0x14cac5cbc172ae9b:0x6c6afde20ae2bd6b,1,,,\" target=\"_blank\" class=\"vc_single_image-wrapper   vc_box_border_grey\" rel=\"noopener\"><img decoding=\"async\" width=\"534\" height=\"156\" src=\"https:\/\/drnecatkaplan.com\/wp-content\/uploads\/2021\/03\/dr-necat-kaplan-yorumlari.png\" class=\"vc_single_image-img attachment-full\" alt=\"\" title=\"\u041a\u043e\u043c\u043c\u0435\u043d\u0442\u0430\u0440\u0438\u0438 \u0434\u043e\u043a\u0442\u043e\u0440\u0430 \u041d\u0435\u043a\u0430\u0442\u0430 \u041a\u0430\u043f\u043b\u0430\u043d\u0430\" srcset=\"https:\/\/drnecatkaplan.com\/wp-content\/uploads\/2021\/03\/dr-necat-kaplan-yorumlari.png 534w, https:\/\/drnecatkaplan.com\/wp-content\/uploads\/2021\/03\/dr-necat-kaplan-yorumlari-300x88.png 300w\" sizes=\"(max-width: 534px) 100vw, 534px\"><\/a>\n\t\t<\/figure>\n\t<\/div>\n<div class=\"vc_row wpb_row vc_inner vc_row-fluid\"><div class=\"wpb_column vc_column_container vc_col-sm-6\"><div class=\"vc_column-inner\"><div class=\"wpb_wrapper\">\n\t<div class=\"wpb_raw_code wpb_content_element wpb_raw_html\" >\n\t\t<div class=\"wpb_wrapper\">\n\t\t\t<iframe style=\"width: 100%;\" height=\"185\" src=\"https:\/\/www.youtube.com\/embed\/xTCTiJl-bRE?rel=0\" frameborder=\"0\" allow=\"accelerometer; autoplay; clipboard-write; encrypted-media; gyroscope; picture-in-picture\" allowfullscreen><\/iframe>\n\t\t<\/div>\n\t<\/div>\n<\/div><\/div><\/div><div class=\"wpb_column vc_column_container vc_col-sm-6\"><div class=\"vc_column-inner\"><div class=\"wpb_wrapper\">\n\t<div class=\"wpb_raw_code wpb_content_element wpb_raw_html\" >\n\t\t<div class=\"wpb_wrapper\">\n\t\t\t<iframe style=\"width: 100%;\" height=\"185\" src=\"https:\/\/www.youtube.com\/embed\/mMDpUh4Yeeg?rel=0\" frameborder=\"0\" allow=\"accelerometer; autoplay; clipboard-write; encrypted-media; gyroscope; picture-in-picture\" allowfullscreen><\/iframe>\n\t\t<\/div>\n\t<\/div>\n<\/div><\/div><\/div><\/div><\/div><\/div><\/div><\/div><div class=\"vc_row-full-width vc_clearfix\"><\/div><div data-vc-full-width=\"true\" data-vc-full-width-init=\"false\" data-vc-stretch-content=\"true\" class=\"vc_row wpb_row vc_row-fluid vc_custom_1615454144282 vc_row-no-padding\"><div class=\"wpb_column vc_column_container vc_col-sm-12\"><div class=\"vc_column-inner\"><div class=\"wpb_wrapper\">\n\t<div class=\"wpb_raw_code wpb_content_element wpb_raw_html\" >\n\t\t<div class=\"wpb_wrapper\">\n\t\t\t<iframe src=\"https:\/\/www.google.com\/maps\/embed?pb=!1m14!1m8!1m3!1d12047.302684381057!2d29.0380789!3d40.985298!3m2!1i1024!2i768!4f13.1!3m3!1m2!1s0x0%3A0x6c6afde20ae2bd6b!2sOp.%20Dr.%20Necat%20Kaplan!5e0!3m2!1str!2str!4v1615453755423!5m2!1str!2str\" style=\"border:0;width:100%; height:350px;\" allowfullscreen=\"\" loading=\"lazy\"><\/iframe>\n\t\t<\/div>\n\t<\/div>\n<\/div><\/div><\/div><\/div><div class=\"vc_row-full-width vc_clearfix\"><\/div><div class=\"vc_row wpb_row vc_row-fluid\"><div class=\"wpb_column vc_column_container vc_col-sm-12\"><div class=\"vc_column-inner\"><div class=\"wpb_wrapper\">\n\t<div class=\"wpb_raw_code wpb_content_element wpb_raw_html\" >\n\t\t<div class=\"wpb_wrapper\">\n\t\t\t<style>\n.icon_text{font-size: 17px;}\ninput[type=submit]{width: 280px;\n    background: #002e5b;\n    color: white;}\ninput[type=submit]:focus{background: #1a5996;box-shadow:none;}\n<\/style>\n\t\t<\/div>\n\t<\/div>\n<\/div><\/div><\/div><\/div>\n<\/section>","protected":false},"excerpt":{"rendered":"Op. Dr. Necat Kaplan ve Ekibinnden \u00dccretsiz Bilgi ve Randevu Talebinde Bulunabilrisiniz... +90 530 328 09 19 +90 530 328 09 19 info@drnecatkaplan.com Op. Dr. Necat Kaplan Muayenesi \u0130leti\u015fim Formu Ayd\u0131nlatma Metnini okudum ve kabul ediyorum. &#916;","protected":false},"author":1,"featured_media":0,"parent":0,"menu_order":0,"comment_status":"closed","ping_status":"closed","template":"","meta":{"footnotes":""},"class_list":["post-1179","page","type-page","status-publish","hentry"],"_links":{"self":[{"href":"https:\/\/drnecatkaplan.com\/ru\/wp-json\/wp\/v2\/pages\/1179","targetHints":{"allow":["GET"]}}],"collection":[{"href":"https:\/\/drnecatkaplan.com\/ru\/wp-json\/wp\/v2\/pages"}],"about":[{"href":"https:\/\/drnecatkaplan.com\/ru\/wp-json\/wp\/v2\/types\/page"}],"author":[{"embeddable":true,"href":"https:\/\/drnecatkaplan.com\/ru\/wp-json\/wp\/v2\/users\/1"}],"replies":[{"embeddable":true,"href":"https:\/\/drnecatkaplan.com\/ru\/wp-json\/wp\/v2\/comments?post=1179"}],"version-history":[{"count":0,"href":"https:\/\/drnecatkaplan.com\/ru\/wp-json\/wp\/v2\/pages\/1179\/revisions"}],"wp:attachment":[{"href":"https:\/\/drnecatkaplan.com\/ru\/wp-json\/wp\/v2\/media?parent=1179"}],"curies":[{"name":"WP","href":"https:\/\/api.w.org\/{rel}","templated":true}]}}