{"id":8382,"date":"2021-03-11T14:37:49","date_gmt":"2021-03-11T11:37:49","guid":{"rendered":"https:\/\/drnecatkaplan.com\/?page_id=8382"},"modified":"2026-01-21T14:35:46","modified_gmt":"2026-01-21T11:35:46","slug":"metabolik-jarrohlik","status":"publish","type":"page","link":"https:\/\/drnecatkaplan.com\/uz\/metabolik-jarrohlik\/","title":{"rendered":"Metabolik jarrohlik amaliyoti"},"content":{"rendered":"<section class=\"wpb-content-wrapper\"><div class=\"vc_row wpb_row vc_row-fluid vc_custom_1451991003825\"><div class=\"wpb_column vc_column_container vc_col-sm-12 vc_col-lg-9 vc_col-md-9\" id=\"yazilar\"><div class=\"vc_column-inner\"><div class=\"wpb_wrapper\">\n\t<div class=\"wpb_text_column wpb_content_element  vc_custom_1626101916031\" >\n\t\t<div class=\"wpb_wrapper\">\n\t\t\t<p><img decoding=\"async\" class=\"alignnone wp-image-8743\" src=\"https:\/\/drnecatkaplan.com\/wp-content\/uploads\/2021\/03\/metabolik-cerrahi-gif-deneme.gif\" alt=\"metabolik jarrohlik\" width=\"492\" height=\"336\" title=\"\"><\/p>\n<p><span style=\"font-weight: 400;\"><b>Metabolik jarrohlik<\/b> Metabolik jarrohlik, jamiyatda diabet jarrohligi sifatida ham tanilgan, gipertoniya, semizlik va yuqori xolesterin kabi bog&#039;liq kasalliklarni davolash uchun qo&#039;llaniladigan muolajalar to&#039;plamidir. Bu kasalliklar jarrohlik yo&#039;li bilan davolangani uchun u metabolik jarrohlik deb ataladi. Ushbu davolash usuli asosan 2-toifa diabet va boshqa metabolik kasalliklar uchun qo&#039;llaniladi. <\/span><span style=\"font-weight: 400;\">Tegishli usul bemorning sog&#039;lig&#039;i holati va shikoyatlariga qarab belgilanadi. Metabolik jarrohlikning maqsadi iste&#039;mol qilingan ovqatning oshqozon osti bezi va safro yo&#039;llari sekretsiyasi bilan o&#039;zaro ta&#039;sirini kechiktirishdir. Bu insulin ishlab chiqarishni rag&#039;batlantiruvchi moddalarning ajralib chiqishiga imkon beradi va shu bilan insulin darajasini oshiradi. Ushbu ma&#039;lumotlarga amal qilib, agar xohlasangiz... <b>Metabolik jarrohlik qanday amalga oshiriladi?<\/b> Keling, ushbu masalani hal qilaylik.<\/span><\/p>\n<p>&nbsp;<\/p>\n<h2><b>Metabolik jarrohlik qanday amalga oshiriladi?<\/b><\/h2>\n<p><span style=\"font-weight: 400;\">Jarrohlik laparoskopik usulda amalga oshiriladi, ya&#039;ni bu minimal invaziv protsedura. Davolanadigan sohaga 4 yoki 5 ta kichik kesma orqali kirish mumkin va quyidagi usullar qo&#039;llaniladi:<\/span><\/p>\n<ul>\n<li style=\"font-weight: 400;\" aria-level=\"1\"><span style=\"font-weight: 400;\">Yengli gastrektomiya<\/span><\/li>\n<li style=\"font-weight: 400;\" aria-level=\"1\"><span style=\"font-weight: 400;\">Oshqozonni aylanib o&#039;tish<\/span><\/li>\n<li style=\"font-weight: 400;\" aria-level=\"1\"><span style=\"font-weight: 400;\">Mini oshqozonni aylanib o&#039;tish<\/span><\/li>\n<li style=\"font-weight: 400;\" aria-level=\"1\"><span style=\"font-weight: 400;\">O&#039;n ikki barmoqli ichak kaliti hosilalari<\/span><\/li>\n<li style=\"font-weight: 400;\" aria-level=\"1\"><span style=\"font-weight: 400;\">Tranzit ikki qismli<\/span><\/li>\n<li style=\"font-weight: 400;\" aria-level=\"1\"><span style=\"font-weight: 400;\">Ileal interpozitsiyasi<\/span><\/li>\n<\/ul>\n<p><span style=\"font-weight: 400;\">Ushbu jarrohlik usullari ovqat iste&#039;molini kamaytiradigan va ichaklarda gormonal sekretsiyani tartibga soluvchi operatsiyalarni o&#039;z ichiga oladi. Amalga oshirilgan protseduraga qarab, operatsiya 3 soatgacha davom etishi mumkin.<\/span><\/p>\n<p><iframe style=\"width: 100%; height: 457px;\" src=\"https:\/\/www.youtube.com\/embed\/QO3VEtO-Fgc\" frameborder=\"0\" allowfullscreen=\"allowfullscreen\"><\/iframe><\/p>\n<h3><b>Metabolik jarrohlik uchun kim nomzod?<\/b><\/h3>\n<p><span style=\"font-weight: 400;\"><b>Qandli diabet jarrohligi<\/b> Bu 2-toifa diabetga kelganda eng samarali yechim deb aytish mumkin. 2-toifa diabetni davolashda, agar qon shakarini kerakli darajada ushlab turishning iloji bo&#039;lmasa va bemorning ahvoli jarrohlik amaliyotiga mos bo&#039;lsa... <b>metabolik jarrohlik<\/b> Bu mumkin. Jarrohlik usullari diabetdan tashqari ko&#039;plab metabolik kasalliklarda (yuqori qon bosimi, ortiqcha vazn, yuqori xolesterin va boshqalar) ham qo&#039;llanilishi mumkin.\u00a0<\/span><\/p>\n<p><span style=\"font-weight: 400;\">Jarrohlik muolajalari 40 yoki undan yuqori BMIga ega bemorlarda, shuningdek, 30 yoki undan yuqori BMIga ega bemorlarda ham amalga oshirilishi mumkin. Biroq, bu yerdagi holat shundaki, davolanishga qaramay, bemorning qon shakarini nazorat qilishga erishilmagan. Bemorning ahvolining davomiyligi ham muhimdir. <a title=\"diabet\" href=\"https:\/\/drnecatkaplan.com\/uz\/diabet-2\/\">diabet<\/a> Ularning omon qolish darajasi va insulin iste&#039;moli baholanadi. <b>Metabolik jarrohlik<\/b>\u00a0Oshqozon osti bezining holati oldingi tekshiruvlar orqali baholanadi. Buning sababi, jarrohlik amaliyotidan kutilgan eng muhim jihat oshqozon osti bezining insulin sekretsiyasini davom ettirishidir. Shuning uchun bemorning semirish bosqichi oshqozon osti bezining holati bilan birga hisobga olinadi.<\/span><br \/>\n<img decoding=\"async\" class=\"alignnone size-full wp-image-7475\" src=\"https:\/\/drnecatkaplan.com\/wp-content\/uploads\/2021\/02\/tip-2-diyabetle-yasam.jpg\" alt=\"diabet jarrohligi\" width=\"1024\" height=\"736\" title=\"\" srcset=\"https:\/\/drnecatkaplan.com\/wp-content\/uploads\/2021\/02\/tip-2-diyabetle-yasam.jpg 1024w, https:\/\/drnecatkaplan.com\/wp-content\/uploads\/2021\/02\/tip-2-diyabetle-yasam-300x216.jpg 300w, https:\/\/drnecatkaplan.com\/wp-content\/uploads\/2021\/02\/tip-2-diyabetle-yasam-768x552.jpg 768w, https:\/\/drnecatkaplan.com\/wp-content\/uploads\/2021\/02\/tip-2-diyabetle-yasam-255x182.jpg 255w, https:\/\/drnecatkaplan.com\/wp-content\/uploads\/2021\/02\/tip-2-diyabetle-yasam-900x647.jpg 900w, https:\/\/drnecatkaplan.com\/wp-content\/uploads\/2021\/02\/tip-2-diyabetle-yasam-600x431.jpg 600w\" sizes=\"(max-width: 1024px) 100vw, 1024px\" \/><\/p>\n<h3><b>Metabolik jarrohlikning xavflari va yon ta&#039;siri qanday?<\/b><\/h3>\n<p><span style=\"font-weight: 400;\">Barcha jarrohlik muolajalari singari, metabolik jarrohlik ham ma&#039;lum xavflarni o&#039;z ichiga oladi. Qon ketish, infeksiya, oqish va anesteziyaga reaktsiyalar kabi asoratlar paydo bo&#039;lishi mumkin. Vaqt o&#039;tishi bilan jarrohlik kesmalarida churra paydo bo&#039;lishi ehtimoli ham mavjud. O&#039;t pufagida tosh paydo bo&#039;lishi ham mumkin. Biroq, boshqa operatsiyalar bilan solishtirganda...<strong> metabolik jarrohlik<\/strong> Bu jarrohlik juda past xavfga ega muolajalar toifasiga kiradi. Jarrohning tajribasi va puxtaligi bemorning o&#039;z farovonligiga g&#039;amxo&#039;rligi va e&#039;tibori kabi muhimdir.<\/span><\/p>\n\n\t\t<\/div>\n\t<\/div>\n<\/div><\/div><\/div><div class=\"wpb_column vc_column_container vc_col-sm-3 vc_hidden-sm vc_hidden-xs\"><div class=\"vc_column-inner vc_custom_1613066254127\"><div class=\"wpb_wrapper\"><div id=\"fixedyap\" class=\"vc_row wpb_row vc_inner vc_row-fluid\"><div class=\"wpb_column vc_column_container vc_col-sm-12\"><div class=\"vc_column-inner\"><div class=\"wpb_wrapper\"><div class=\"vc_custom_heading vc_custom_1615538135776 text_align_center\" ><div style=\"font-size: 23px;color: #0a0a0a;text-align: center;font-family:PT Sans;font-weight:700;font-style:normal\" class=\"consulting-custom-title\">Bog&#039;laning<\/div><\/div>\n<div class=\"wpcf7 no-js\" id=\"wpcf7-f5-o1\" lang=\"tr-TR\" dir=\"ltr\" data-wpcf7-id=\"5\">\n<div class=\"screen-reader-response\"><p role=\"status\" aria-live=\"polite\" aria-atomic=\"true\"><\/p> <ul><\/ul><\/div>\n<form action=\"\/uz\/wp-json\/wp\/v2\/pages\/8382#wpcf7-f5-o1\" method=\"post\" class=\"wpcf7-form init\" aria-label=\"Aloqa shakli\" novalidate=\"novalidate\" data-status=\"init\" data-trp-original-action=\"\/uz\/wp-json\/wp\/v2\/pages\/8382#wpcf7-f5-o1\">\n<fieldset class=\"hidden-fields-container\"><input type=\"hidden\" name=\"_wpcf7\" value=\"5\" \/><input type=\"hidden\" name=\"_wpcf7_version\" value=\"6.1.4\" \/><input type=\"hidden\" name=\"_wpcf7_locale\" value=\"tr_TR\" \/><input type=\"hidden\" name=\"_wpcf7_unit_tag\" value=\"wpcf7-f5-o1\" \/><input type=\"hidden\" name=\"_wpcf7_container_post\" value=\"0\" \/><input type=\"hidden\" name=\"_wpcf7_posted_data_hash\" value=\"\" \/>\n<\/fieldset>\n<p><label><span class=\"wpcf7-form-control-wrap\" data-name=\"your-name\"><input size=\"40\" maxlength=\"400\" class=\"wpcf7-form-control wpcf7-text wpcf7-validates-as-required\" aria-required=\"true\" aria-invalid=\"false\" placeholder=\"Ism Familiya\" value=\"\" type=\"text\" name=\"your-name\" \/><\/span> <\/label><label><span class=\"wpcf7-form-control-wrap\" data-name=\"your-email\"><input size=\"40\" maxlength=\"400\" class=\"wpcf7-form-control wpcf7-email wpcf7-validates-as-required wpcf7-text wpcf7-validates-as-email\" aria-required=\"true\" aria-invalid=\"false\" placeholder=\"Elektron pochta\" value=\"\" type=\"email\" name=\"your-email\" \/><\/span> <\/label><label><span class=\"wpcf7-form-control-wrap\" data-name=\"your-tel\"><input size=\"40\" maxlength=\"400\" class=\"wpcf7-form-control wpcf7-text wpcf7-validates-as-required\" aria-required=\"true\" aria-invalid=\"false\" placeholder=\"Telefon\" value=\"\" type=\"text\" name=\"your-tel\" \/><\/span> <\/label><label><span class=\"wpcf7-form-control-wrap\" data-name=\"your-message\"><textarea cols=\"40\" rows=\"10\" maxlength=\"2000\" class=\"wpcf7-form-control wpcf7-textarea\" aria-invalid=\"false\" placeholder=\"Xabaringiz\" name=\"your-message\"><\/textarea><\/span> <\/label><label class=\"sil\"><span class=\"wpcf7-form-control-wrap\" data-name=\"aydinlatma-metni\"><span class=\"wpcf7-form-control wpcf7-acceptance\"><span class=\"wpcf7-list-item\"><label><input type=\"checkbox\" name=\"aydinlatma-metni\" value=\"1\" aria-invalid=\"false\" \/><span class=\"wpcf7-list-item-label\"><a target=\"\u201d_blank\u201d\" href=\"https:\/\/drnecatkaplan.com\/uz\/yoritish-matni\/\">Axborot matni<\/a>Men o&#039;qib chiqdim va bunga qo&#039;shilaman.<\/span><\/label><\/span><\/span><\/span><\/label><br \/>\n<span class=\"wpcf7-form-control-wrap\" data-name=\"hcap-cf7\">\t\t<input\n\t\t\t\ttype=\"hidden\"\n\t\t\t\tclass=\"hcaptcha-widget-id\"\n\t\t\t\tname=\"hcaptcha-widget-id\"\n\t\t\t\tvalue=\"eyJzb3VyY2UiOlsiY29udGFjdC1mb3JtLTdcL3dwLWNvbnRhY3QtZm9ybS03LnBocCJdLCJmb3JtX2lkIjo1fQ==-603f2ad0671ee0acde069c9c32960f19\">\n\t\t\t\t<span id=\"hcap_cf7-69ffde209bf119.29195455\" class=\"wpcf7-form-control h-captcha\"\n\t\t\tdata-sitekey=\"471a5850-7bc4-49fe-bfe8-66d6d5e4b082\"\n\t\t\tdata-theme=\"light\"\n\t\t\tdata-size=\"normal\"\n\t\t\tdata-auto=\"false\"\n\t\t\tdata-ajax=\"false\"\n\t\t\tdata-force=\"false\">\n\t\t<\/span>\n\t\t<input type=\"hidden\" id=\"_wpnonce\" name=\"_wpnonce\" value=\"55caccf093\" \/><input type=\"hidden\" name=\"_wp_http_referer\" value=\"\/uz\/wp-json\/wp\/v2\/pages\/8382\" \/><\/span><input class=\"wpcf7-form-control wpcf7-submit has-spinner\" type=\"submit\" value=\"Yuborish\" \/>\n<\/p><p style=\"display: none !important;\" class=\"akismet-fields-container\" data-prefix=\"_wpcf7_ak_\"><label>\u0394<textarea name=\"_wpcf7_ak_hp_textarea\" cols=\"45\" rows=\"8\" maxlength=\"100\"><\/textarea><\/label><input type=\"hidden\" id=\"ak_js_1\" name=\"_wpcf7_ak_js\" value=\"43\"\/><script>document.getElementById( \"ak_js_1\" ).setAttribute( \"value\", ( new Date() ).getTime() );<\/script><\/p><input type='hidden' class='wpcf7-pum' value='{\"closepopup\":false,\"closedelay\":0,\"openpopup\":false,\"openpopup_id\":0}' \/><div class=\"wpcf7-response-output\" aria-hidden=\"true\"><\/div>\n<input type=\"hidden\" name=\"trp-form-language\" value=\"uz\"\/><\/form>\n<\/div>\n<div class=\"vc_custom_heading vc_custom_1615538141464 text_align_center\" ><div style=\"font-size: 23px;color: #ffffff;text-align: center;font-family:PT Sans;font-weight:700;font-style:normal\" class=\"consulting-custom-title\">Diabet<\/div><\/div><div class=\"vc_wp_custommenu wpb_content_element\"><div class=\"widget widget_nav_menu\"><div class=\"menu-diyabetcerrahi-container\"><ul id=\"menu-diyabetcerrahi\" class=\"menu\"><li id=\"menu-item-8515\" class=\"menu-item menu-item-type-post_type menu-item-object-page menu-item-8515\"><a href=\"https:\/\/drnecatkaplan.com\/uz\/metabolik-jarrohlik\/\">Metabolik jarrohlik amaliyoti<\/a><\/li>\n<li id=\"menu-item-8513\" class=\"menu-item menu-item-type-post_type menu-item-object-page menu-item-8513\"><a href=\"https:\/\/drnecatkaplan.com\/uz\/diabet-jarrohligi-2\/\">Diabet jarrohligi<\/a><\/li>\n<li id=\"menu-item-8516\" class=\"menu-item menu-item-type-post_type menu-item-object-page menu-item-8516\"><a href=\"https:\/\/drnecatkaplan.com\/uz\/yashirin-shakar-prediabet\/\">Prediabet (yashirin diabet)<\/a><\/li>\n<li id=\"menu-item-8514\" class=\"menu-item menu-item-type-post_type menu-item-object-page menu-item-8514\"><a href=\"https:\/\/drnecatkaplan.com\/uz\/2-toifa-diabet-jarrohligi\/\">2-toifa diabet jarrohligi<\/a><\/li>\n<li id=\"menu-item-8512\" class=\"menu-item menu-item-type-post_type menu-item-object-page menu-item-8512\"><a href=\"https:\/\/drnecatkaplan.com\/uz\/diabet-2\/\">Diabet<\/a><\/li>\n<\/ul><\/div><\/div><\/div><\/div><\/div><\/div><\/div><\/div><\/div><\/div><\/div>\n<\/section>","protected":false},"excerpt":{"rendered":"Metabolik cerrahi ameliyat\u0131 toplumda \u015feker\u00a0 ve diyabet ameliyat\u0131 olarak bilinen ve buna ba\u011fl\u0131 hipertansiyon, obezite, y\u00fcksek seviye kolesterol gibi hastal\u0131klar\u0131 tedavi etmede kullan\u0131lan i\u015flemler b\u00fct\u00fcn\u00fcd\u00fcr. Bu hastal\u0131klar\u0131n cerrahi y\u00f6ntemlerle tedavi edilmesi nedeniyle metabolik cerrahi ad\u0131 kullan\u0131l\u0131r. Tedavi y\u00f6ntemi ba\u015fta tip 2 diyabet olmak \u00fczere metabolik hastal\u0131klar i\u00e7inde kullan\u0131lmaktad\u0131r. Hastan\u0131n sa\u011fl\u0131k durumu ve \u015fikayetine ba\u011fl\u0131 olarak","protected":false},"author":1,"featured_media":0,"parent":0,"menu_order":0,"comment_status":"closed","ping_status":"closed","template":"","meta":{"footnotes":""},"class_list":["post-8382","page","type-page","status-publish","hentry"],"_links":{"self":[{"href":"https:\/\/drnecatkaplan.com\/uz\/wp-json\/wp\/v2\/pages\/8382","targetHints":{"allow":["GET"]}}],"collection":[{"href":"https:\/\/drnecatkaplan.com\/uz\/wp-json\/wp\/v2\/pages"}],"about":[{"href":"https:\/\/drnecatkaplan.com\/uz\/wp-json\/wp\/v2\/types\/page"}],"author":[{"embeddable":true,"href":"https:\/\/drnecatkaplan.com\/uz\/wp-json\/wp\/v2\/users\/1"}],"replies":[{"embeddable":true,"href":"https:\/\/drnecatkaplan.com\/uz\/wp-json\/wp\/v2\/comments?post=8382"}],"version-history":[{"count":0,"href":"https:\/\/drnecatkaplan.com\/uz\/wp-json\/wp\/v2\/pages\/8382\/revisions"}],"wp:attachment":[{"href":"https:\/\/drnecatkaplan.com\/uz\/wp-json\/wp\/v2\/media?parent=8382"}],"curies":[{"name":"wp","href":"https:\/\/api.w.org\/{rel}","templated":true}]}}